{"id":91,"date":"2015-04-07T18:25:43","date_gmt":"2015-04-07T16:25:43","guid":{"rendered":"http:\/\/www.martin-schmidt-potsdam.de\/?page_id=91"},"modified":"2024-09-23T12:48:50","modified_gmt":"2024-09-23T10:48:50","slug":"zubehoer","status":"publish","type":"page","link":"https:\/\/www.martin-schmidt-potsdam.de\/en\/fachhandel\/zubehoer\/","title":{"rendered":"Accessories"},"content":{"rendered":"<p class=\"p1\">Here you can receive all accessories for brass instruments from piccolo-trumpet to tuba. Whether it is valve oil, mouthpiece, case or metronome, we are happy to help out in finding the appropriate accessory for your instrument.<\/p>\n<h3><img loading=\"lazy\" decoding=\"async\" class=\"alignleft wp-image-579 size-full\" src=\"https:\/\/www.martin-schmidt-potsdam.de\/wp-content\/uploads\/zubehoer_mundstuecke.jpg\" alt=\"Zubeh\u00f6r Mundst\u00fccke\" width=\"228\" height=\"257\">mouthpiece<\/h3>\n<hr>\n<h3><img loading=\"lazy\" decoding=\"async\" class=\"alignleft wp-image-576 size-full\" src=\"https:\/\/www.martin-schmidt-potsdam.de\/wp-content\/uploads\/zubehoer_daempfer.jpg\" alt=\"Zubeh\u00f6r D\u00e4mpfer\" width=\"228\" height=\"257\">mutes<\/h3>\n<hr>\n<h3><img loading=\"lazy\" decoding=\"async\" class=\"Vorschau thumb alignleft wp-image-580 size-full\" src=\"https:\/\/www.martin-schmidt-potsdam.de\/wp-content\/uploads\/zubehoer_staender.jpg\" alt=\"Zubeh\u00f6r St\u00e4nder\" width=\"228\" height=\"257\">stands<\/h3>\n<hr>\n<h3><img loading=\"lazy\" decoding=\"async\" class=\"Vorschau thumb alignleft wp-image-582 size-full\" src=\"https:\/\/www.martin-schmidt-potsdam.de\/wp-content\/uploads\/zubehoer_pflegemittel.jpg\" alt=\"Zubeh\u00f6r Pflegemittel\" width=\"228\" height=\"257\">care products<\/h3>\n<hr>\n<h3><img loading=\"lazy\" decoding=\"async\" class=\"Vorschau thumb Vorschau thumb wp-image-577 size-full alignleft\" src=\"https:\/\/www.martin-schmidt-potsdam.de\/wp-content\/uploads\/zubehoer_etuits_gigbags.jpg\" alt=\"Zubeh\u00f6r Etuits und Gigbags\" width=\"228\" height=\"257\">cases<\/h3>\n<hr>\n<h3><img loading=\"lazy\" decoding=\"async\" class=\"Vorschau thumb Vorschau thumb alignleft wp-image-578 size-full\" src=\"https:\/\/www.martin-schmidt-potsdam.de\/wp-content\/uploads\/zubehoer_luxusetui_schmidt.jpg\" alt=\"Zubeh\u00f6r Luxusetui Martin Schmidt\" width=\"228\" height=\"257\"><strong id=\"luxury-case\">luxury-case&nbsp;Schmidt<\/strong><\/h3>\n<p><strong>We offer a luxury case specially-manufactured for our own rotary-valve trumpets. <\/strong><br \/>\nThis stable wooden case provides robust protection for your instrument and additional space for accessories.The case is lined with silken fur fabric and has an exterior waterproof cover made of nylon that is embroidered with our logo. By using the accompanying shoulder strap, you can carry it comfortably on your back or hang it over your shoulder.","protected":false},"excerpt":{"rendered":"<p>Here you can receive all accessories for brass instruments from piccolo-trumpet to tuba. Whether it is valve oil, mouthpiece, case or metronome, we are happy to help out in finding the appropriate accessory for your instrument. mouthpiece mutes stands care products cases luxury-case&nbsp;Schmidt We offer a luxury case specially-manufactured for our own rotary-valve trumpets. This &hellip; <a href=\"https:\/\/www.martin-schmidt-potsdam.de\/en\/fachhandel\/zubehoer\/\" class=\"more-link\">Continue reading <span class=\"screen-reader-text\">Accessories<\/span> <span class=\"meta-nav\">&rarr;<\/span><\/a><\/p>\n","protected":false},"author":3,"featured_media":0,"parent":15,"menu_order":1,"comment_status":"closed","ping_status":"closed","template":"page-fachhandel-ohne.php","meta":{"footnotes":""},"class_list":["post-91","page","type-page","status-publish","hentry"],"yoast_head":"<!-- This site is optimized with the Yoast SEO plugin v26.8 - https:\/\/yoast.com\/product\/yoast-seo-wordpress\/ -->\n<title>Zubeh\u00f6r f\u00fcr Metallblasinstrumente - Martin Schmidt<\/title>\n<meta name=\"description\" content=\"Bei uns erhalten Sie s\u00e4mtliches Zubeh\u00f6r f\u00fcr Metallblasinstrumente. Ventil\u00f6l, Mundst\u00fcck, Koffer, D\u00e4mpfer, Notenst\u00e4nder, Metronom...\" \/>\n<meta name=\"robots\" content=\"index, follow, max-snippet:-1, max-image-preview:large, max-video-preview:-1\" \/>\n<link rel=\"canonical\" href=\"https:\/\/www.martin-schmidt-potsdam.de\/fachhandel\/zubehoer\/\" \/>\n<meta property=\"og:locale\" content=\"en_US\" \/>\n<meta property=\"og:type\" content=\"article\" \/>\n<meta property=\"og:title\" content=\"Zubeh\u00f6r f\u00fcr Metallblasinstrumente - Martin Schmidt\" \/>\n<meta property=\"og:description\" content=\"Bei uns erhalten Sie s\u00e4mtliches Zubeh\u00f6r f\u00fcr Metallblasinstrumente. Ventil\u00f6l, Mundst\u00fcck, Koffer, D\u00e4mpfer, Notenst\u00e4nder, Metronom...\" \/>\n<meta property=\"og:url\" content=\"https:\/\/www.martin-schmidt-potsdam.de\/fachhandel\/zubehoer\/\" \/>\n<meta property=\"og:site_name\" content=\"Martin Schmidt\" \/>\n<meta property=\"article:modified_time\" content=\"2024-09-23T10:48:50+00:00\" \/>\n<meta property=\"og:image\" content=\"https:\/\/www.martin-schmidt-potsdam.de\/wp-content\/uploads\/zubehoer_mundstuecke.jpg\" \/>\n<meta name=\"twitter:card\" content=\"summary_large_image\" \/>\n<meta name=\"twitter:label1\" content=\"Est. reading time\" \/>\n\t<meta name=\"twitter:data1\" content=\"3 minutes\" \/>\n<script type=\"application\/ld+json\" class=\"yoast-schema-graph\">{\"@context\":\"https:\/\/schema.org\",\"@graph\":[{\"@type\":\"WebPage\",\"@id\":\"https:\/\/www.martin-schmidt-potsdam.de\/fachhandel\/zubehoer\/\",\"url\":\"https:\/\/www.martin-schmidt-potsdam.de\/fachhandel\/zubehoer\/\",\"name\":\"Zubeh\u00f6r f\u00fcr Metallblasinstrumente - Martin Schmidt\",\"isPartOf\":{\"@id\":\"https:\/\/www.martin-schmidt-potsdam.de\/#website\"},\"primaryImageOfPage\":{\"@id\":\"https:\/\/www.martin-schmidt-potsdam.de\/fachhandel\/zubehoer\/#primaryimage\"},\"image\":{\"@id\":\"https:\/\/www.martin-schmidt-potsdam.de\/fachhandel\/zubehoer\/#primaryimage\"},\"thumbnailUrl\":\"https:\/\/www.martin-schmidt-potsdam.de\/wp-content\/uploads\/zubehoer_mundstuecke.jpg\",\"datePublished\":\"2015-04-07T16:25:43+00:00\",\"dateModified\":\"2024-09-23T10:48:50+00:00\",\"description\":\"Bei uns erhalten Sie s\u00e4mtliches Zubeh\u00f6r f\u00fcr Metallblasinstrumente. Ventil\u00f6l, Mundst\u00fcck, Koffer, D\u00e4mpfer, Notenst\u00e4nder, Metronom...\",\"breadcrumb\":{\"@id\":\"https:\/\/www.martin-schmidt-potsdam.de\/fachhandel\/zubehoer\/#breadcrumb\"},\"inLanguage\":\"en-US\",\"potentialAction\":[{\"@type\":\"ReadAction\",\"target\":[\"https:\/\/www.martin-schmidt-potsdam.de\/fachhandel\/zubehoer\/\"]}]},{\"@type\":\"ImageObject\",\"inLanguage\":\"en-US\",\"@id\":\"https:\/\/www.martin-schmidt-potsdam.de\/fachhandel\/zubehoer\/#primaryimage\",\"url\":\"https:\/\/www.martin-schmidt-potsdam.de\/wp-content\/uploads\/zubehoer_mundstuecke.jpg\",\"contentUrl\":\"https:\/\/www.martin-schmidt-potsdam.de\/wp-content\/uploads\/zubehoer_mundstuecke.jpg\"},{\"@type\":\"BreadcrumbList\",\"@id\":\"https:\/\/www.martin-schmidt-potsdam.de\/fachhandel\/zubehoer\/#breadcrumb\",\"itemListElement\":[{\"@type\":\"ListItem\",\"position\":1,\"name\":\"Startseite\",\"item\":\"https:\/\/www.martin-schmidt-potsdam.de\/\"},{\"@type\":\"ListItem\",\"position\":2,\"name\":\"Fachhandel\",\"item\":\"https:\/\/www.martin-schmidt-potsdam.de\/fachhandel\/\"},{\"@type\":\"ListItem\",\"position\":3,\"name\":\"Zubeh\u00f6r\"}]},{\"@type\":\"WebSite\",\"@id\":\"https:\/\/www.martin-schmidt-potsdam.de\/#website\",\"url\":\"https:\/\/www.martin-schmidt-potsdam.de\/\",\"name\":\"Martin Schmidt Metallblasinstrumente\",\"description\":\"Master craftsman workshop for handmade brass instruments\",\"publisher\":{\"@id\":\"https:\/\/www.martin-schmidt-potsdam.de\/#organization\"},\"potentialAction\":[{\"@type\":\"SearchAction\",\"target\":{\"@type\":\"EntryPoint\",\"urlTemplate\":\"https:\/\/www.martin-schmidt-potsdam.de\/?s={search_term_string}\"},\"query-input\":{\"@type\":\"PropertyValueSpecification\",\"valueRequired\":true,\"valueName\":\"search_term_string\"}}],\"inLanguage\":\"en-US\"},{\"@type\":\"Organization\",\"@id\":\"https:\/\/www.martin-schmidt-potsdam.de\/#organization\",\"name\":\"Martin Schmidt Metallblasinstrumente - Inhaber Lukas Schmidt\",\"url\":\"https:\/\/www.martin-schmidt-potsdam.de\/\",\"logo\":{\"@type\":\"ImageObject\",\"inLanguage\":\"en-US\",\"@id\":\"https:\/\/www.martin-schmidt-potsdam.de\/#\/schema\/logo\/image\/\",\"url\":\"https:\/\/www.martin-schmidt-potsdam.de\/wp-content\/uploads\/logo-farbig.png\",\"contentUrl\":\"https:\/\/www.martin-schmidt-potsdam.de\/wp-content\/uploads\/logo-farbig.png\",\"width\":273,\"height\":450,\"caption\":\"Martin Schmidt Metallblasinstrumente - Inhaber Lukas Schmidt\"},\"image\":{\"@id\":\"https:\/\/www.martin-schmidt-potsdam.de\/#\/schema\/logo\/image\/\"}}]}<\/script>\n<!-- \/ Yoast SEO plugin. -->","yoast_head_json":{"title":"Zubeh\u00f6r f\u00fcr Metallblasinstrumente - Martin Schmidt","description":"Bei uns erhalten Sie s\u00e4mtliches Zubeh\u00f6r f\u00fcr Metallblasinstrumente. Ventil\u00f6l, Mundst\u00fcck, Koffer, D\u00e4mpfer, Notenst\u00e4nder, Metronom...","robots":{"index":"index","follow":"follow","max-snippet":"max-snippet:-1","max-image-preview":"max-image-preview:large","max-video-preview":"max-video-preview:-1"},"canonical":"https:\/\/www.martin-schmidt-potsdam.de\/fachhandel\/zubehoer\/","og_locale":"en_US","og_type":"article","og_title":"Zubeh\u00f6r f\u00fcr Metallblasinstrumente - Martin Schmidt","og_description":"Bei uns erhalten Sie s\u00e4mtliches Zubeh\u00f6r f\u00fcr Metallblasinstrumente. Ventil\u00f6l, Mundst\u00fcck, Koffer, D\u00e4mpfer, Notenst\u00e4nder, Metronom...","og_url":"https:\/\/www.martin-schmidt-potsdam.de\/fachhandel\/zubehoer\/","og_site_name":"Martin Schmidt","article_modified_time":"2024-09-23T10:48:50+00:00","og_image":[{"url":"https:\/\/www.martin-schmidt-potsdam.de\/wp-content\/uploads\/zubehoer_mundstuecke.jpg","type":"","width":"","height":""}],"twitter_card":"summary_large_image","twitter_misc":{"Est. reading time":"3 minutes"},"schema":{"@context":"https:\/\/schema.org","@graph":[{"@type":"WebPage","@id":"https:\/\/www.martin-schmidt-potsdam.de\/fachhandel\/zubehoer\/","url":"https:\/\/www.martin-schmidt-potsdam.de\/fachhandel\/zubehoer\/","name":"Zubeh\u00f6r f\u00fcr Metallblasinstrumente - Martin Schmidt","isPartOf":{"@id":"https:\/\/www.martin-schmidt-potsdam.de\/#website"},"primaryImageOfPage":{"@id":"https:\/\/www.martin-schmidt-potsdam.de\/fachhandel\/zubehoer\/#primaryimage"},"image":{"@id":"https:\/\/www.martin-schmidt-potsdam.de\/fachhandel\/zubehoer\/#primaryimage"},"thumbnailUrl":"https:\/\/www.martin-schmidt-potsdam.de\/wp-content\/uploads\/zubehoer_mundstuecke.jpg","datePublished":"2015-04-07T16:25:43+00:00","dateModified":"2024-09-23T10:48:50+00:00","description":"Bei uns erhalten Sie s\u00e4mtliches Zubeh\u00f6r f\u00fcr Metallblasinstrumente. Ventil\u00f6l, Mundst\u00fcck, Koffer, D\u00e4mpfer, Notenst\u00e4nder, Metronom...","breadcrumb":{"@id":"https:\/\/www.martin-schmidt-potsdam.de\/fachhandel\/zubehoer\/#breadcrumb"},"inLanguage":"en-US","potentialAction":[{"@type":"ReadAction","target":["https:\/\/www.martin-schmidt-potsdam.de\/fachhandel\/zubehoer\/"]}]},{"@type":"ImageObject","inLanguage":"en-US","@id":"https:\/\/www.martin-schmidt-potsdam.de\/fachhandel\/zubehoer\/#primaryimage","url":"https:\/\/www.martin-schmidt-potsdam.de\/wp-content\/uploads\/zubehoer_mundstuecke.jpg","contentUrl":"https:\/\/www.martin-schmidt-potsdam.de\/wp-content\/uploads\/zubehoer_mundstuecke.jpg"},{"@type":"BreadcrumbList","@id":"https:\/\/www.martin-schmidt-potsdam.de\/fachhandel\/zubehoer\/#breadcrumb","itemListElement":[{"@type":"ListItem","position":1,"name":"Startseite","item":"https:\/\/www.martin-schmidt-potsdam.de\/"},{"@type":"ListItem","position":2,"name":"Fachhandel","item":"https:\/\/www.martin-schmidt-potsdam.de\/fachhandel\/"},{"@type":"ListItem","position":3,"name":"Zubeh\u00f6r"}]},{"@type":"WebSite","@id":"https:\/\/www.martin-schmidt-potsdam.de\/#website","url":"https:\/\/www.martin-schmidt-potsdam.de\/","name":"Martin Schmidt Metallblasinstrumente","description":"Master craftsman workshop for handmade brass instruments","publisher":{"@id":"https:\/\/www.martin-schmidt-potsdam.de\/#organization"},"potentialAction":[{"@type":"SearchAction","target":{"@type":"EntryPoint","urlTemplate":"https:\/\/www.martin-schmidt-potsdam.de\/?s={search_term_string}"},"query-input":{"@type":"PropertyValueSpecification","valueRequired":true,"valueName":"search_term_string"}}],"inLanguage":"en-US"},{"@type":"Organization","@id":"https:\/\/www.martin-schmidt-potsdam.de\/#organization","name":"Martin Schmidt Metallblasinstrumente - Inhaber Lukas Schmidt","url":"https:\/\/www.martin-schmidt-potsdam.de\/","logo":{"@type":"ImageObject","inLanguage":"en-US","@id":"https:\/\/www.martin-schmidt-potsdam.de\/#\/schema\/logo\/image\/","url":"https:\/\/www.martin-schmidt-potsdam.de\/wp-content\/uploads\/logo-farbig.png","contentUrl":"https:\/\/www.martin-schmidt-potsdam.de\/wp-content\/uploads\/logo-farbig.png","width":273,"height":450,"caption":"Martin Schmidt Metallblasinstrumente - Inhaber Lukas Schmidt"},"image":{"@id":"https:\/\/www.martin-schmidt-potsdam.de\/#\/schema\/logo\/image\/"}}]}},"_links":{"self":[{"href":"https:\/\/www.martin-schmidt-potsdam.de\/en\/wp-json\/wp\/v2\/pages\/91","targetHints":{"allow":["GET"]}}],"collection":[{"href":"https:\/\/www.martin-schmidt-potsdam.de\/en\/wp-json\/wp\/v2\/pages"}],"about":[{"href":"https:\/\/www.martin-schmidt-potsdam.de\/en\/wp-json\/wp\/v2\/types\/page"}],"author":[{"embeddable":true,"href":"https:\/\/www.martin-schmidt-potsdam.de\/en\/wp-json\/wp\/v2\/users\/3"}],"replies":[{"embeddable":true,"href":"https:\/\/www.martin-schmidt-potsdam.de\/en\/wp-json\/wp\/v2\/comments?post=91"}],"version-history":[{"count":26,"href":"https:\/\/www.martin-schmidt-potsdam.de\/en\/wp-json\/wp\/v2\/pages\/91\/revisions"}],"predecessor-version":[{"id":2758,"href":"https:\/\/www.martin-schmidt-potsdam.de\/en\/wp-json\/wp\/v2\/pages\/91\/revisions\/2758"}],"up":[{"embeddable":true,"href":"https:\/\/www.martin-schmidt-potsdam.de\/en\/wp-json\/wp\/v2\/pages\/15"}],"wp:attachment":[{"href":"https:\/\/www.martin-schmidt-potsdam.de\/en\/wp-json\/wp\/v2\/media?parent=91"}],"curies":[{"name":"wp","href":"https:\/\/api.w.org\/{rel}","templated":true}]}}