{"id":89,"date":"2015-04-07T18:25:22","date_gmt":"2015-04-07T16:25:22","guid":{"rendered":"http:\/\/www.martin-schmidt-potsdam.de\/?page_id=89"},"modified":"2025-04-09T17:24:16","modified_gmt":"2025-04-09T15:24:16","slug":"instrumente","status":"publish","type":"page","link":"https:\/\/www.martin-schmidt-potsdam.de\/en\/fachhandel\/instrumente\/","title":{"rendered":"Instruments"},"content":{"rendered":"In addition to our master instruments, we also have a permanent collection of other renowned manufacturers available on site. With us, you can find the perfect instrument that meets your needs.<\/p>\n<p class=\"p1\"><span style=\"color: #999999;\"><em>For musicians of all levels, it can be very challenging to find a suitable instrument among the seemingly endless and ever-changing online offerings.<\/em><br \/>\nTherefore, we make a <strong>targeted selection<\/strong> from various manufacturers and models, offering you only those instruments that stand out for their quality and excellent value for money, based on our <strong>experience as instrument makers and musicians<\/strong>.<br \/>\nWhat is often marketed elsewhere as &#8220;Made in Germany&#8221; or &#8220;Premium&#8221; may ultimately turn out to be a &#8220;cheap trinket.&#8221;<br \/>\nInstead, we provide you with <strong>fair and honest advice<\/strong> on all aspects of each instrument.<\/span><\/p>\n<p><strong>Here are your advantages in doing business with our specialist dealership:<\/strong><\/p>\n<ul>\n<li>preselected instruments<\/li>\n<li>Knowledgeable consultation regarding available instrument models and your preferences<\/li>\n<li>Direct comparison of several manufacturers and various models<\/li>\n<li>Tested and instantly available instruments on site<\/li>\n<li>You can try out our instruments without interruption in our test room<\/li>\n<li>Individual mouthpiece consultation \u2013 this is important because it involves the connecting element between the musician and the instrument<\/li>\n<li>Thorough orientation and advisement regarding care and care products for your instrument<\/li>\n<\/ul>\n<p><span style=\"line-height: 1.5;\"><img loading=\"lazy\" decoding=\"async\" class=\" wp-image-1233 alignleft\" src=\"https:\/\/www.martin-schmidt-potsdam.de\/wp-content\/uploads\/yamaha_Siegel-Fachhandel_Martin_Schmidt.png\" alt=\"yamaha_Siegel-Fachhandel_Martin_Schmidt\" width=\"163\" height=\"163\" srcset=\"https:\/\/www.martin-schmidt-potsdam.de\/wp-content\/uploads\/yamaha_Siegel-Fachhandel_Martin_Schmidt.png 562w, https:\/\/www.martin-schmidt-potsdam.de\/wp-content\/uploads\/yamaha_Siegel-Fachhandel_Martin_Schmidt-150x150.png 150w, https:\/\/www.martin-schmidt-potsdam.de\/wp-content\/uploads\/yamaha_Siegel-Fachhandel_Martin_Schmidt-400x400.png 400w, https:\/\/www.martin-schmidt-potsdam.de\/wp-content\/uploads\/yamaha_Siegel-Fachhandel_Martin_Schmidt-100x100.png 100w\" sizes=\"auto, (max-width: 163px) 100vw, 163px\" \/><\/span><\/p>\n<p>We are happy to advise you concerning formation and outfitting of a brass-instrument education class. At your request, we can supervise this and take care of the instruments so that you can concentrate on the musical details.<\/p>\n<p>We are certified <strong>YAMAHA partners<\/strong> for the <strong>Bl\u00e4serKlasseSystem<\/strong><br \/>\n(brass-instrument class system).<\/p>\n<h3><\/h3>\n<h3>We also can offer you these services:<\/h3>\n<ul>\n<li>Your contact partner on site for preferential execution of maintenance and repair work in our Master Workshop<\/li>\n<li>Instrument insurance<\/li>\n<\/ul>","protected":false},"excerpt":{"rendered":"<p>In addition to our master instruments, we also have a permanent collection of other renowned manufacturers available on site. With us, you can find the perfect instrument that meets your needs. For musicians of all levels, it can be very challenging to find a suitable instrument among the seemingly endless and ever-changing online offerings. Therefore, &hellip; <a href=\"https:\/\/www.martin-schmidt-potsdam.de\/en\/fachhandel\/instrumente\/\" class=\"more-link\">Continue reading <span class=\"screen-reader-text\">Instruments<\/span> <span class=\"meta-nav\">&rarr;<\/span><\/a><\/p>\n","protected":false},"author":3,"featured_media":0,"parent":15,"menu_order":0,"comment_status":"closed","ping_status":"closed","template":"page-fachhandel-ohne.php","meta":{"footnotes":""},"class_list":["post-89","page","type-page","status-publish","hentry"],"yoast_head":"<!-- This site is optimized with the Yoast SEO plugin v26.8 - https:\/\/yoast.com\/product\/yoast-seo-wordpress\/ -->\n<title>Fachhandel f\u00fcr Metallblasinstrumente Martin Schmidt<\/title>\n<meta name=\"description\" content=\"Neben unseren Meisterinstrumenten haben wir auch st\u00e4ndig Instrumente anderer namhafter Hersteller vor Ort verf\u00fcgbar.\" \/>\n<meta name=\"robots\" content=\"index, follow, max-snippet:-1, max-image-preview:large, max-video-preview:-1\" \/>\n<link rel=\"canonical\" href=\"https:\/\/www.martin-schmidt-potsdam.de\/fachhandel\/instrumente\/\" \/>\n<meta property=\"og:locale\" content=\"en_US\" \/>\n<meta property=\"og:type\" content=\"article\" \/>\n<meta property=\"og:title\" content=\"Fachhandel f\u00fcr Metallblasinstrumente Martin Schmidt\" \/>\n<meta property=\"og:description\" content=\"Neben unseren Meisterinstrumenten haben wir auch st\u00e4ndig Instrumente anderer namhafter Hersteller vor Ort verf\u00fcgbar.\" \/>\n<meta property=\"og:url\" content=\"https:\/\/www.martin-schmidt-potsdam.de\/fachhandel\/instrumente\/\" \/>\n<meta property=\"og:site_name\" content=\"Martin Schmidt\" \/>\n<meta property=\"article:modified_time\" content=\"2025-04-09T15:24:16+00:00\" \/>\n<meta property=\"og:image\" content=\"https:\/\/www.martin-schmidt-potsdam.de\/wp-content\/uploads\/yamaha_Siegel-Fachhandel_Martin_Schmidt.png\" \/>\n\t<meta property=\"og:image:width\" content=\"562\" \/>\n\t<meta property=\"og:image:height\" content=\"564\" \/>\n\t<meta property=\"og:image:type\" content=\"image\/png\" \/>\n<meta name=\"twitter:card\" content=\"summary_large_image\" \/>\n<meta name=\"twitter:label1\" content=\"Est. reading time\" \/>\n\t<meta name=\"twitter:data1\" content=\"2 minutes\" \/>\n<script type=\"application\/ld+json\" class=\"yoast-schema-graph\">{\"@context\":\"https:\/\/schema.org\",\"@graph\":[{\"@type\":\"WebPage\",\"@id\":\"https:\/\/www.martin-schmidt-potsdam.de\/fachhandel\/instrumente\/\",\"url\":\"https:\/\/www.martin-schmidt-potsdam.de\/fachhandel\/instrumente\/\",\"name\":\"Fachhandel f\u00fcr Metallblasinstrumente Martin Schmidt\",\"isPartOf\":{\"@id\":\"https:\/\/www.martin-schmidt-potsdam.de\/#website\"},\"primaryImageOfPage\":{\"@id\":\"https:\/\/www.martin-schmidt-potsdam.de\/fachhandel\/instrumente\/#primaryimage\"},\"image\":{\"@id\":\"https:\/\/www.martin-schmidt-potsdam.de\/fachhandel\/instrumente\/#primaryimage\"},\"thumbnailUrl\":\"https:\/\/www.martin-schmidt-potsdam.de\/wp-content\/uploads\/yamaha_Siegel-Fachhandel_Martin_Schmidt-400x400.png\",\"datePublished\":\"2015-04-07T16:25:22+00:00\",\"dateModified\":\"2025-04-09T15:24:16+00:00\",\"description\":\"Neben unseren Meisterinstrumenten haben wir auch st\u00e4ndig Instrumente anderer namhafter Hersteller vor Ort verf\u00fcgbar.\",\"breadcrumb\":{\"@id\":\"https:\/\/www.martin-schmidt-potsdam.de\/fachhandel\/instrumente\/#breadcrumb\"},\"inLanguage\":\"en-US\",\"potentialAction\":[{\"@type\":\"ReadAction\",\"target\":[\"https:\/\/www.martin-schmidt-potsdam.de\/fachhandel\/instrumente\/\"]}]},{\"@type\":\"ImageObject\",\"inLanguage\":\"en-US\",\"@id\":\"https:\/\/www.martin-schmidt-potsdam.de\/fachhandel\/instrumente\/#primaryimage\",\"url\":\"https:\/\/www.martin-schmidt-potsdam.de\/wp-content\/uploads\/yamaha_Siegel-Fachhandel_Martin_Schmidt-400x400.png\",\"contentUrl\":\"https:\/\/www.martin-schmidt-potsdam.de\/wp-content\/uploads\/yamaha_Siegel-Fachhandel_Martin_Schmidt-400x400.png\"},{\"@type\":\"BreadcrumbList\",\"@id\":\"https:\/\/www.martin-schmidt-potsdam.de\/fachhandel\/instrumente\/#breadcrumb\",\"itemListElement\":[{\"@type\":\"ListItem\",\"position\":1,\"name\":\"Startseite\",\"item\":\"https:\/\/www.martin-schmidt-potsdam.de\/\"},{\"@type\":\"ListItem\",\"position\":2,\"name\":\"Fachhandel\",\"item\":\"https:\/\/www.martin-schmidt-potsdam.de\/fachhandel\/\"},{\"@type\":\"ListItem\",\"position\":3,\"name\":\"Instrumente\"}]},{\"@type\":\"WebSite\",\"@id\":\"https:\/\/www.martin-schmidt-potsdam.de\/#website\",\"url\":\"https:\/\/www.martin-schmidt-potsdam.de\/\",\"name\":\"Martin Schmidt Metallblasinstrumente\",\"description\":\"Master craftsman workshop for handmade brass instruments\",\"publisher\":{\"@id\":\"https:\/\/www.martin-schmidt-potsdam.de\/#organization\"},\"potentialAction\":[{\"@type\":\"SearchAction\",\"target\":{\"@type\":\"EntryPoint\",\"urlTemplate\":\"https:\/\/www.martin-schmidt-potsdam.de\/?s={search_term_string}\"},\"query-input\":{\"@type\":\"PropertyValueSpecification\",\"valueRequired\":true,\"valueName\":\"search_term_string\"}}],\"inLanguage\":\"en-US\"},{\"@type\":\"Organization\",\"@id\":\"https:\/\/www.martin-schmidt-potsdam.de\/#organization\",\"name\":\"Martin Schmidt Metallblasinstrumente - Inhaber Lukas Schmidt\",\"url\":\"https:\/\/www.martin-schmidt-potsdam.de\/\",\"logo\":{\"@type\":\"ImageObject\",\"inLanguage\":\"en-US\",\"@id\":\"https:\/\/www.martin-schmidt-potsdam.de\/#\/schema\/logo\/image\/\",\"url\":\"https:\/\/www.martin-schmidt-potsdam.de\/wp-content\/uploads\/logo-farbig.png\",\"contentUrl\":\"https:\/\/www.martin-schmidt-potsdam.de\/wp-content\/uploads\/logo-farbig.png\",\"width\":273,\"height\":450,\"caption\":\"Martin Schmidt Metallblasinstrumente - Inhaber Lukas Schmidt\"},\"image\":{\"@id\":\"https:\/\/www.martin-schmidt-potsdam.de\/#\/schema\/logo\/image\/\"}}]}<\/script>\n<!-- \/ Yoast SEO plugin. -->","yoast_head_json":{"title":"Fachhandel f\u00fcr Metallblasinstrumente Martin Schmidt","description":"Neben unseren Meisterinstrumenten haben wir auch st\u00e4ndig Instrumente anderer namhafter Hersteller vor Ort verf\u00fcgbar.","robots":{"index":"index","follow":"follow","max-snippet":"max-snippet:-1","max-image-preview":"max-image-preview:large","max-video-preview":"max-video-preview:-1"},"canonical":"https:\/\/www.martin-schmidt-potsdam.de\/fachhandel\/instrumente\/","og_locale":"en_US","og_type":"article","og_title":"Fachhandel f\u00fcr Metallblasinstrumente Martin Schmidt","og_description":"Neben unseren Meisterinstrumenten haben wir auch st\u00e4ndig Instrumente anderer namhafter Hersteller vor Ort verf\u00fcgbar.","og_url":"https:\/\/www.martin-schmidt-potsdam.de\/fachhandel\/instrumente\/","og_site_name":"Martin Schmidt","article_modified_time":"2025-04-09T15:24:16+00:00","og_image":[{"width":562,"height":564,"url":"https:\/\/www.martin-schmidt-potsdam.de\/wp-content\/uploads\/yamaha_Siegel-Fachhandel_Martin_Schmidt.png","type":"image\/png"}],"twitter_card":"summary_large_image","twitter_misc":{"Est. reading time":"2 minutes"},"schema":{"@context":"https:\/\/schema.org","@graph":[{"@type":"WebPage","@id":"https:\/\/www.martin-schmidt-potsdam.de\/fachhandel\/instrumente\/","url":"https:\/\/www.martin-schmidt-potsdam.de\/fachhandel\/instrumente\/","name":"Fachhandel f\u00fcr Metallblasinstrumente Martin Schmidt","isPartOf":{"@id":"https:\/\/www.martin-schmidt-potsdam.de\/#website"},"primaryImageOfPage":{"@id":"https:\/\/www.martin-schmidt-potsdam.de\/fachhandel\/instrumente\/#primaryimage"},"image":{"@id":"https:\/\/www.martin-schmidt-potsdam.de\/fachhandel\/instrumente\/#primaryimage"},"thumbnailUrl":"https:\/\/www.martin-schmidt-potsdam.de\/wp-content\/uploads\/yamaha_Siegel-Fachhandel_Martin_Schmidt-400x400.png","datePublished":"2015-04-07T16:25:22+00:00","dateModified":"2025-04-09T15:24:16+00:00","description":"Neben unseren Meisterinstrumenten haben wir auch st\u00e4ndig Instrumente anderer namhafter Hersteller vor Ort verf\u00fcgbar.","breadcrumb":{"@id":"https:\/\/www.martin-schmidt-potsdam.de\/fachhandel\/instrumente\/#breadcrumb"},"inLanguage":"en-US","potentialAction":[{"@type":"ReadAction","target":["https:\/\/www.martin-schmidt-potsdam.de\/fachhandel\/instrumente\/"]}]},{"@type":"ImageObject","inLanguage":"en-US","@id":"https:\/\/www.martin-schmidt-potsdam.de\/fachhandel\/instrumente\/#primaryimage","url":"https:\/\/www.martin-schmidt-potsdam.de\/wp-content\/uploads\/yamaha_Siegel-Fachhandel_Martin_Schmidt-400x400.png","contentUrl":"https:\/\/www.martin-schmidt-potsdam.de\/wp-content\/uploads\/yamaha_Siegel-Fachhandel_Martin_Schmidt-400x400.png"},{"@type":"BreadcrumbList","@id":"https:\/\/www.martin-schmidt-potsdam.de\/fachhandel\/instrumente\/#breadcrumb","itemListElement":[{"@type":"ListItem","position":1,"name":"Startseite","item":"https:\/\/www.martin-schmidt-potsdam.de\/"},{"@type":"ListItem","position":2,"name":"Fachhandel","item":"https:\/\/www.martin-schmidt-potsdam.de\/fachhandel\/"},{"@type":"ListItem","position":3,"name":"Instrumente"}]},{"@type":"WebSite","@id":"https:\/\/www.martin-schmidt-potsdam.de\/#website","url":"https:\/\/www.martin-schmidt-potsdam.de\/","name":"Martin Schmidt Metallblasinstrumente","description":"Master craftsman workshop for handmade brass instruments","publisher":{"@id":"https:\/\/www.martin-schmidt-potsdam.de\/#organization"},"potentialAction":[{"@type":"SearchAction","target":{"@type":"EntryPoint","urlTemplate":"https:\/\/www.martin-schmidt-potsdam.de\/?s={search_term_string}"},"query-input":{"@type":"PropertyValueSpecification","valueRequired":true,"valueName":"search_term_string"}}],"inLanguage":"en-US"},{"@type":"Organization","@id":"https:\/\/www.martin-schmidt-potsdam.de\/#organization","name":"Martin Schmidt Metallblasinstrumente - Inhaber Lukas Schmidt","url":"https:\/\/www.martin-schmidt-potsdam.de\/","logo":{"@type":"ImageObject","inLanguage":"en-US","@id":"https:\/\/www.martin-schmidt-potsdam.de\/#\/schema\/logo\/image\/","url":"https:\/\/www.martin-schmidt-potsdam.de\/wp-content\/uploads\/logo-farbig.png","contentUrl":"https:\/\/www.martin-schmidt-potsdam.de\/wp-content\/uploads\/logo-farbig.png","width":273,"height":450,"caption":"Martin Schmidt Metallblasinstrumente - Inhaber Lukas Schmidt"},"image":{"@id":"https:\/\/www.martin-schmidt-potsdam.de\/#\/schema\/logo\/image\/"}}]}},"_links":{"self":[{"href":"https:\/\/www.martin-schmidt-potsdam.de\/en\/wp-json\/wp\/v2\/pages\/89","targetHints":{"allow":["GET"]}}],"collection":[{"href":"https:\/\/www.martin-schmidt-potsdam.de\/en\/wp-json\/wp\/v2\/pages"}],"about":[{"href":"https:\/\/www.martin-schmidt-potsdam.de\/en\/wp-json\/wp\/v2\/types\/page"}],"author":[{"embeddable":true,"href":"https:\/\/www.martin-schmidt-potsdam.de\/en\/wp-json\/wp\/v2\/users\/3"}],"replies":[{"embeddable":true,"href":"https:\/\/www.martin-schmidt-potsdam.de\/en\/wp-json\/wp\/v2\/comments?post=89"}],"version-history":[{"count":44,"href":"https:\/\/www.martin-schmidt-potsdam.de\/en\/wp-json\/wp\/v2\/pages\/89\/revisions"}],"predecessor-version":[{"id":3071,"href":"https:\/\/www.martin-schmidt-potsdam.de\/en\/wp-json\/wp\/v2\/pages\/89\/revisions\/3071"}],"up":[{"embeddable":true,"href":"https:\/\/www.martin-schmidt-potsdam.de\/en\/wp-json\/wp\/v2\/pages\/15"}],"wp:attachment":[{"href":"https:\/\/www.martin-schmidt-potsdam.de\/en\/wp-json\/wp\/v2\/media?parent=89"}],"curies":[{"name":"wp","href":"https:\/\/api.w.org\/{rel}","templated":true}]}}