{"id":59,"date":"2015-04-07T15:52:09","date_gmt":"2015-04-07T13:52:09","guid":{"rendered":"http:\/\/www.martin-schmidt-potsdam.de\/?page_id=59"},"modified":"2024-09-23T12:19:08","modified_gmt":"2024-09-23T10:19:08","slug":"fluegelhoerner","status":"publish","type":"page","link":"https:\/\/www.martin-schmidt-potsdam.de\/en\/instrumentenbau\/drehventil-instrumente\/fluegelhoerner\/","title":{"rendered":"fluegelhorns"},"content":{"rendered":"<h3><a href=\"https:\/\/www.martin-schmidt-potsdam.de\/en\/instrumentenbau\/drehventil-instrumente\/fluegelhoerner\/deutsches-modell\/\"><img loading=\"lazy\" decoding=\"async\" class=\"Vorschau thumb Vorschau thumb alignleft wp-image-477 size-Trompeten Vorschau thumb\" src=\"https:\/\/www.martin-schmidt-potsdam.de\/wp-content\/uploads\/fh-deutsch_228x257.jpg\" alt=\"\" width=\"228\" height=\"257\">German Model<\/a><\/h3>\n<p>Our flugelhorn German Model has, in light of its wide construction, a soft, dark and round sound which mixes well with other symphonic &#8230;<\/p>\n<ul>\n<li>bell diameter 165 mm, French rim, material thickness medium-thin<\/li>\n<li>bore diameter 11.2 mm, medium-large measure<\/li>\n<\/ul>\n<hr>\n<h3><a href=\"https:\/\/www.martin-schmidt-potsdam.de\/en\/instrumentenbau\/drehventil-instrumente\/fluegelhoerner\/rundes-modell-3-ventilig\/\"><img loading=\"lazy\" decoding=\"async\" class=\"Vorschau thumb Vorschau thumb alignleft wp-image-474 size-Trompeten Vorschau thumb\" src=\"https:\/\/www.martin-schmidt-potsdam.de\/wp-content\/uploads\/fh-rund-3v_228x257.jpg\" alt=\"\" width=\"228\" height=\"257\">Round Model 3 valves<\/a><\/h3>\n<p>Our flugelhorn round model has been modelled after the Kuhlo flugelhorn model &#8230;<\/p>\n<ul>\n<li>bell diameter 163mm, French rim, material thickness medium<\/li>\n<li>bore diameter 11.2 mm, large measure<\/li>\n<\/ul>\n<hr>\n<h3><a href=\"https:\/\/www.martin-schmidt-potsdam.de\/en\/instrumentenbau\/drehventil-instrumente\/fluegelhoerner\/rundes-modell-4-ventilig\/\"><img loading=\"lazy\" decoding=\"async\" class=\"Vorschau thumb Vorschau thumb Vorschau thumb Vorschau thumb Vorschau thumb alignleft wp-image-1149 size-Trompeten Vorschau thumb\" src=\"https:\/\/www.martin-schmidt-potsdam.de\/wp-content\/uploads\/fh-rund-4v_228x257.jpg\" alt=\"\" width=\"228\" height=\"257\">Round Model 4 valves<\/a><\/h3>\n<p>The 4-Valve Model extends the playable range downwards, so that it is chromatically playable down to the lowest note Bb &#8230;<\/p>\n<ul>\n<li>bell diameter 163mm, French rim, material thickness medium<\/li>\n<li>bore diameter 11.2 mm, large measure<\/li>\n<\/ul>","protected":false},"excerpt":{"rendered":"<p>German Model Our flugelhorn German Model has, in light of its wide construction, a soft, dark and round sound which mixes well with other symphonic &#8230; bell diameter 165 mm, French rim, material thickness medium-thin bore diameter 11.2 mm, medium-large measure Round Model 3 valves Our flugelhorn round model has been modelled after the Kuhlo &hellip; <a href=\"https:\/\/www.martin-schmidt-potsdam.de\/en\/instrumentenbau\/drehventil-instrumente\/fluegelhoerner\/\" class=\"more-link\">Continue reading <span class=\"screen-reader-text\">fluegelhorns<\/span> <span class=\"meta-nav\">&rarr;<\/span><\/a><\/p>\n","protected":false},"author":3,"featured_media":0,"parent":68,"menu_order":3,"comment_status":"closed","ping_status":"closed","template":"page-instrument-ohne.php","meta":{"footnotes":""},"class_list":["post-59","page","type-page","status-publish","hentry"],"yoast_head":"<!-- This site is optimized with the Yoast SEO plugin v26.8 - https:\/\/yoast.com\/product\/yoast-seo-wordpress\/ -->\n<title>fluegelhorns - Martin Schmidt<\/title>\n<meta name=\"description\" content=\"Fl\u00fcgelh\u00f6rner mit Drehventilen aus der Meisterwerkstatt Martin Schmidt.\" \/>\n<meta name=\"robots\" content=\"index, follow, max-snippet:-1, max-image-preview:large, max-video-preview:-1\" \/>\n<link rel=\"canonical\" href=\"https:\/\/www.martin-schmidt-potsdam.de\/en\/instrumentenbau\/drehventil-instrumente\/fluegelhoerner\/\" \/>\n<meta property=\"og:locale\" content=\"en_US\" \/>\n<meta property=\"og:type\" content=\"article\" \/>\n<meta property=\"og:title\" content=\"[:de]Fl\u00fcgelh\u00f6rner[:en]fluegelhorns[:] - Martin Schmidt\" \/>\n<meta property=\"og:description\" content=\"Fl\u00fcgelh\u00f6rner mit Drehventilen aus der Meisterwerkstatt Martin Schmidt.\" \/>\n<meta property=\"og:url\" content=\"https:\/\/www.martin-schmidt-potsdam.de\/en\/instrumentenbau\/drehventil-instrumente\/fluegelhoerner\/\" \/>\n<meta property=\"og:site_name\" content=\"Martin Schmidt\" \/>\n<meta property=\"article:modified_time\" content=\"2024-09-23T10:19:08+00:00\" \/>\n<meta property=\"og:image\" content=\"https:\/\/www.martin-schmidt-potsdam.de\/wp-content\/uploads\/fh-deutsch_228x257.jpg\" \/>\n<meta name=\"twitter:card\" content=\"summary_large_image\" \/>\n<meta name=\"twitter:label1\" content=\"Est. reading time\" \/>\n\t<meta name=\"twitter:data1\" content=\"2 minutes\" \/>\n<script type=\"application\/ld+json\" class=\"yoast-schema-graph\">{\"@context\":\"https:\/\/schema.org\",\"@graph\":[{\"@type\":\"WebPage\",\"@id\":\"https:\/\/www.martin-schmidt-potsdam.de\/en\/instrumentenbau\/drehventil-instrumente\/fluegelhoerner\/\",\"url\":\"https:\/\/www.martin-schmidt-potsdam.de\/en\/instrumentenbau\/drehventil-instrumente\/fluegelhoerner\/\",\"name\":\"[:de]Fl\u00fcgelh\u00f6rner[:en]fluegelhorns[:] - Martin Schmidt\",\"isPartOf\":{\"@id\":\"https:\/\/www.martin-schmidt-potsdam.de\/#website\"},\"primaryImageOfPage\":{\"@id\":\"https:\/\/www.martin-schmidt-potsdam.de\/en\/instrumentenbau\/drehventil-instrumente\/fluegelhoerner\/#primaryimage\"},\"image\":{\"@id\":\"https:\/\/www.martin-schmidt-potsdam.de\/en\/instrumentenbau\/drehventil-instrumente\/fluegelhoerner\/#primaryimage\"},\"thumbnailUrl\":\"https:\/\/www.martin-schmidt-potsdam.de\/wp-content\/uploads\/fh-deutsch_228x257.jpg\",\"datePublished\":\"2015-04-07T13:52:09+00:00\",\"dateModified\":\"2024-09-23T10:19:08+00:00\",\"description\":\"Fl\u00fcgelh\u00f6rner mit Drehventilen aus der Meisterwerkstatt Martin Schmidt.\",\"breadcrumb\":{\"@id\":\"https:\/\/www.martin-schmidt-potsdam.de\/en\/instrumentenbau\/drehventil-instrumente\/fluegelhoerner\/#breadcrumb\"},\"inLanguage\":\"en-US\",\"potentialAction\":[{\"@type\":\"ReadAction\",\"target\":[\"https:\/\/www.martin-schmidt-potsdam.de\/en\/instrumentenbau\/drehventil-instrumente\/fluegelhoerner\/\"]}]},{\"@type\":\"ImageObject\",\"inLanguage\":\"en-US\",\"@id\":\"https:\/\/www.martin-schmidt-potsdam.de\/en\/instrumentenbau\/drehventil-instrumente\/fluegelhoerner\/#primaryimage\",\"url\":\"https:\/\/www.martin-schmidt-potsdam.de\/wp-content\/uploads\/fh-deutsch_228x257.jpg\",\"contentUrl\":\"https:\/\/www.martin-schmidt-potsdam.de\/wp-content\/uploads\/fh-deutsch_228x257.jpg\"},{\"@type\":\"BreadcrumbList\",\"@id\":\"https:\/\/www.martin-schmidt-potsdam.de\/en\/instrumentenbau\/drehventil-instrumente\/fluegelhoerner\/#breadcrumb\",\"itemListElement\":[{\"@type\":\"ListItem\",\"position\":1,\"name\":\"Startseite\",\"item\":\"https:\/\/www.martin-schmidt-potsdam.de\/\"},{\"@type\":\"ListItem\",\"position\":2,\"name\":\"Instrumentenbau\",\"item\":\"https:\/\/www.martin-schmidt-potsdam.de\/instrumentenbau\/\"},{\"@type\":\"ListItem\",\"position\":3,\"name\":\"Drehventil- Instrumente\",\"item\":\"https:\/\/www.martin-schmidt-potsdam.de\/instrumentenbau\/drehventil-instrumente\/\"},{\"@type\":\"ListItem\",\"position\":4,\"name\":\"fluegelhorns\"}]},{\"@type\":\"WebSite\",\"@id\":\"https:\/\/www.martin-schmidt-potsdam.de\/#website\",\"url\":\"https:\/\/www.martin-schmidt-potsdam.de\/\",\"name\":\"Martin Schmidt Metallblasinstrumente\",\"description\":\"Master craftsman workshop for handmade brass instruments\",\"publisher\":{\"@id\":\"https:\/\/www.martin-schmidt-potsdam.de\/#organization\"},\"potentialAction\":[{\"@type\":\"SearchAction\",\"target\":{\"@type\":\"EntryPoint\",\"urlTemplate\":\"https:\/\/www.martin-schmidt-potsdam.de\/?s={search_term_string}\"},\"query-input\":{\"@type\":\"PropertyValueSpecification\",\"valueRequired\":true,\"valueName\":\"search_term_string\"}}],\"inLanguage\":\"en-US\"},{\"@type\":\"Organization\",\"@id\":\"https:\/\/www.martin-schmidt-potsdam.de\/#organization\",\"name\":\"Martin Schmidt Metallblasinstrumente - Inhaber Lukas Schmidt\",\"url\":\"https:\/\/www.martin-schmidt-potsdam.de\/\",\"logo\":{\"@type\":\"ImageObject\",\"inLanguage\":\"en-US\",\"@id\":\"https:\/\/www.martin-schmidt-potsdam.de\/#\/schema\/logo\/image\/\",\"url\":\"https:\/\/www.martin-schmidt-potsdam.de\/wp-content\/uploads\/logo-farbig.png\",\"contentUrl\":\"https:\/\/www.martin-schmidt-potsdam.de\/wp-content\/uploads\/logo-farbig.png\",\"width\":273,\"height\":450,\"caption\":\"Martin Schmidt Metallblasinstrumente - Inhaber Lukas Schmidt\"},\"image\":{\"@id\":\"https:\/\/www.martin-schmidt-potsdam.de\/#\/schema\/logo\/image\/\"}}]}<\/script>\n<!-- \/ Yoast SEO plugin. -->","yoast_head_json":{"title":"fluegelhorns - Martin Schmidt","description":"Fl\u00fcgelh\u00f6rner mit Drehventilen aus der Meisterwerkstatt Martin Schmidt.","robots":{"index":"index","follow":"follow","max-snippet":"max-snippet:-1","max-image-preview":"max-image-preview:large","max-video-preview":"max-video-preview:-1"},"canonical":"https:\/\/www.martin-schmidt-potsdam.de\/en\/instrumentenbau\/drehventil-instrumente\/fluegelhoerner\/","og_locale":"en_US","og_type":"article","og_title":"[:de]Fl\u00fcgelh\u00f6rner[:en]fluegelhorns[:] - Martin Schmidt","og_description":"Fl\u00fcgelh\u00f6rner mit Drehventilen aus der Meisterwerkstatt Martin Schmidt.","og_url":"https:\/\/www.martin-schmidt-potsdam.de\/en\/instrumentenbau\/drehventil-instrumente\/fluegelhoerner\/","og_site_name":"Martin Schmidt","article_modified_time":"2024-09-23T10:19:08+00:00","og_image":[{"url":"https:\/\/www.martin-schmidt-potsdam.de\/wp-content\/uploads\/fh-deutsch_228x257.jpg","type":"","width":"","height":""}],"twitter_card":"summary_large_image","twitter_misc":{"Est. reading time":"2 minutes"},"schema":{"@context":"https:\/\/schema.org","@graph":[{"@type":"WebPage","@id":"https:\/\/www.martin-schmidt-potsdam.de\/en\/instrumentenbau\/drehventil-instrumente\/fluegelhoerner\/","url":"https:\/\/www.martin-schmidt-potsdam.de\/en\/instrumentenbau\/drehventil-instrumente\/fluegelhoerner\/","name":"[:de]Fl\u00fcgelh\u00f6rner[:en]fluegelhorns[:] - Martin Schmidt","isPartOf":{"@id":"https:\/\/www.martin-schmidt-potsdam.de\/#website"},"primaryImageOfPage":{"@id":"https:\/\/www.martin-schmidt-potsdam.de\/en\/instrumentenbau\/drehventil-instrumente\/fluegelhoerner\/#primaryimage"},"image":{"@id":"https:\/\/www.martin-schmidt-potsdam.de\/en\/instrumentenbau\/drehventil-instrumente\/fluegelhoerner\/#primaryimage"},"thumbnailUrl":"https:\/\/www.martin-schmidt-potsdam.de\/wp-content\/uploads\/fh-deutsch_228x257.jpg","datePublished":"2015-04-07T13:52:09+00:00","dateModified":"2024-09-23T10:19:08+00:00","description":"Fl\u00fcgelh\u00f6rner mit Drehventilen aus der Meisterwerkstatt Martin Schmidt.","breadcrumb":{"@id":"https:\/\/www.martin-schmidt-potsdam.de\/en\/instrumentenbau\/drehventil-instrumente\/fluegelhoerner\/#breadcrumb"},"inLanguage":"en-US","potentialAction":[{"@type":"ReadAction","target":["https:\/\/www.martin-schmidt-potsdam.de\/en\/instrumentenbau\/drehventil-instrumente\/fluegelhoerner\/"]}]},{"@type":"ImageObject","inLanguage":"en-US","@id":"https:\/\/www.martin-schmidt-potsdam.de\/en\/instrumentenbau\/drehventil-instrumente\/fluegelhoerner\/#primaryimage","url":"https:\/\/www.martin-schmidt-potsdam.de\/wp-content\/uploads\/fh-deutsch_228x257.jpg","contentUrl":"https:\/\/www.martin-schmidt-potsdam.de\/wp-content\/uploads\/fh-deutsch_228x257.jpg"},{"@type":"BreadcrumbList","@id":"https:\/\/www.martin-schmidt-potsdam.de\/en\/instrumentenbau\/drehventil-instrumente\/fluegelhoerner\/#breadcrumb","itemListElement":[{"@type":"ListItem","position":1,"name":"Startseite","item":"https:\/\/www.martin-schmidt-potsdam.de\/"},{"@type":"ListItem","position":2,"name":"Instrumentenbau","item":"https:\/\/www.martin-schmidt-potsdam.de\/instrumentenbau\/"},{"@type":"ListItem","position":3,"name":"Drehventil- Instrumente","item":"https:\/\/www.martin-schmidt-potsdam.de\/instrumentenbau\/drehventil-instrumente\/"},{"@type":"ListItem","position":4,"name":"fluegelhorns"}]},{"@type":"WebSite","@id":"https:\/\/www.martin-schmidt-potsdam.de\/#website","url":"https:\/\/www.martin-schmidt-potsdam.de\/","name":"Martin Schmidt Metallblasinstrumente","description":"Master craftsman workshop for handmade brass instruments","publisher":{"@id":"https:\/\/www.martin-schmidt-potsdam.de\/#organization"},"potentialAction":[{"@type":"SearchAction","target":{"@type":"EntryPoint","urlTemplate":"https:\/\/www.martin-schmidt-potsdam.de\/?s={search_term_string}"},"query-input":{"@type":"PropertyValueSpecification","valueRequired":true,"valueName":"search_term_string"}}],"inLanguage":"en-US"},{"@type":"Organization","@id":"https:\/\/www.martin-schmidt-potsdam.de\/#organization","name":"Martin Schmidt Metallblasinstrumente - Inhaber Lukas Schmidt","url":"https:\/\/www.martin-schmidt-potsdam.de\/","logo":{"@type":"ImageObject","inLanguage":"en-US","@id":"https:\/\/www.martin-schmidt-potsdam.de\/#\/schema\/logo\/image\/","url":"https:\/\/www.martin-schmidt-potsdam.de\/wp-content\/uploads\/logo-farbig.png","contentUrl":"https:\/\/www.martin-schmidt-potsdam.de\/wp-content\/uploads\/logo-farbig.png","width":273,"height":450,"caption":"Martin Schmidt Metallblasinstrumente - Inhaber Lukas Schmidt"},"image":{"@id":"https:\/\/www.martin-schmidt-potsdam.de\/#\/schema\/logo\/image\/"}}]}},"_links":{"self":[{"href":"https:\/\/www.martin-schmidt-potsdam.de\/en\/wp-json\/wp\/v2\/pages\/59","targetHints":{"allow":["GET"]}}],"collection":[{"href":"https:\/\/www.martin-schmidt-potsdam.de\/en\/wp-json\/wp\/v2\/pages"}],"about":[{"href":"https:\/\/www.martin-schmidt-potsdam.de\/en\/wp-json\/wp\/v2\/types\/page"}],"author":[{"embeddable":true,"href":"https:\/\/www.martin-schmidt-potsdam.de\/en\/wp-json\/wp\/v2\/users\/3"}],"replies":[{"embeddable":true,"href":"https:\/\/www.martin-schmidt-potsdam.de\/en\/wp-json\/wp\/v2\/comments?post=59"}],"version-history":[{"count":25,"href":"https:\/\/www.martin-schmidt-potsdam.de\/en\/wp-json\/wp\/v2\/pages\/59\/revisions"}],"predecessor-version":[{"id":2739,"href":"https:\/\/www.martin-schmidt-potsdam.de\/en\/wp-json\/wp\/v2\/pages\/59\/revisions\/2739"}],"up":[{"embeddable":true,"href":"https:\/\/www.martin-schmidt-potsdam.de\/en\/wp-json\/wp\/v2\/pages\/68"}],"wp:attachment":[{"href":"https:\/\/www.martin-schmidt-potsdam.de\/en\/wp-json\/wp\/v2\/media?parent=59"}],"curies":[{"name":"wp","href":"https:\/\/api.w.org\/{rel}","templated":true}]}}