{"id":2768,"date":"2023-04-14T16:32:17","date_gmt":"2023-04-14T14:32:17","guid":{"rendered":"https:\/\/www.martin-schmidt-potsdam.de\/?page_id=2768"},"modified":"2026-01-05T11:52:22","modified_gmt":"2026-01-05T10:52:22","slug":"posaunen","status":"publish","type":"page","link":"https:\/\/www.martin-schmidt-potsdam.de\/en\/instrumentenbau\/posaunen\/","title":{"rendered":"Trombones"},"content":{"rendered":"<img decoding=\"async\" src=\"https:\/\/www.martin-schmidt-potsdam.de\/wp-content\/uploads\/legatus-L_detail1_228.jpg\" alt=\"LegatuS\" \/><img decoding=\"async\" src=\"https:\/\/martin-schmidt-potsdam.de\/wp-content\/uploads\/lsp.png\" alt=\"Logo LSP\" \/><\/p>\n<p>Unsere neu entwickelte Posaunenserie \u201eLegatuS\u201c vereint moderne Anspr\u00fcche mit traditionellen Tugenden des Instrumentenbaus.<br \/>\nDurch langj\u00e4hrige Erfahrung im Umgang mit Posaunen aller Art und im stetigen Austausch mit verschiedensten Posaunisten ist so eine einzigartige Balance aus \u00fcberzeugendem Klang, exzellenter Spielbarkeit und sauberer Intonation entstanden.<br \/>\nDie weite (large) Bohrung im Zug und die angepasste Mensur im Ventil, Stimmbogen und Schallst\u00fcck erzeugen einen vollen, tragenden Klang, der dennoch die durchsetzungsstarke Posaunencharakteristik nicht vermissen l\u00e4sst.<br \/>\nDer einzigartige Rohrverlauf zusammen mit dem \u201eopen-flow\u201c-Ventil sorgen f\u00fcr ein freies Spielgef\u00fchl mit leichter und trotzdem absolut pr\u00e4ziser Ansprache, selbst beim Spielen von Ventilt\u00f6nen.<\/p>\n<div class=\"su-custom-gallery su-custom-gallery-align-left su-custom-gallery-title-hover su-lightbox-gallery\"><div class=\"su-custom-gallery-slide\" style=\"width:130px;height:130px\"><a href=\"https:\/\/www.martin-schmidt-potsdam.de\/wp-content\/uploads\/legatus-gravur.jpg\" title=\"Legatus Modell &#8211; L\"><img loading=\"lazy\" decoding=\"async\" src=\"https:\/\/www.martin-schmidt-potsdam.de\/wp-content\/uploads\/legatus-gravur-130x130.jpg\" alt=\"Legatus Modell &#8211; L\" width=\"130\" height=\"130\" \/><span class=\"su-custom-gallery-title\">Legatus Modell &#8211; L<\/span><\/a><\/div><div class=\"su-custom-gallery-slide\" style=\"width:130px;height:130px\"><a href=\"https:\/\/www.martin-schmidt-potsdam.de\/wp-content\/uploads\/legatus-L_detail2.jpg\" title=\"Legatus Modell &#8211; L\"><img loading=\"lazy\" decoding=\"async\" src=\"https:\/\/www.martin-schmidt-potsdam.de\/wp-content\/uploads\/legatus-L_detail2-130x130.jpg\" alt=\"Legatus Modell &#8211; L\" width=\"130\" height=\"130\" \/><span class=\"su-custom-gallery-title\">Legatus Modell &#8211; L<\/span><\/a><\/div><div class=\"su-custom-gallery-slide\" style=\"width:130px;height:130px\"><a href=\"https:\/\/www.martin-schmidt-potsdam.de\/wp-content\/uploads\/legatus-L_detail1.jpg\" title=\"Legatus Modell &#8211; L\"><img loading=\"lazy\" decoding=\"async\" src=\"https:\/\/www.martin-schmidt-potsdam.de\/wp-content\/uploads\/legatus-L_detail1-130x130.jpg\" alt=\"Legatus Modell &#8211; L\" width=\"130\" height=\"130\" \/><span class=\"su-custom-gallery-title\">Legatus Modell &#8211; L<\/span><\/a><\/div><div class=\"su-custom-gallery-slide\" style=\"width:130px;height:130px\"><a href=\"https:\/\/www.martin-schmidt-potsdam.de\/wp-content\/uploads\/legatus-L_1500x1500-1.jpg\" title=\"Legatus Modell &#8211; L\"><img loading=\"lazy\" decoding=\"async\" src=\"https:\/\/www.martin-schmidt-potsdam.de\/wp-content\/uploads\/legatus-L_1500x1500-1-130x130.jpg\" alt=\"Legatus Modell &#8211; L\" width=\"130\" height=\"130\" \/><span class=\"su-custom-gallery-title\">Legatus Modell &#8211; L<\/span><\/a><\/div><div class=\"su-custom-gallery-slide\" style=\"width:130px;height:130px\"><a href=\"https:\/\/www.martin-schmidt-potsdam.de\/wp-content\/uploads\/legatus-X_1500x1500-1.jpg\" title=\"Legatus Modell &#8211; X\"><img loading=\"lazy\" decoding=\"async\" src=\"https:\/\/www.martin-schmidt-potsdam.de\/wp-content\/uploads\/legatus-X_1500x1500-1-130x130.jpg\" alt=\"Legatus Modell &#8211; X\" width=\"130\" height=\"130\" \/><span class=\"su-custom-gallery-title\">Legatus Modell &#8211; X<\/span><\/a><\/div><div class=\"su-custom-gallery-slide\" style=\"width:130px;height:130px\"><a href=\"https:\/\/www.martin-schmidt-potsdam.de\/wp-content\/uploads\/legatus-mundrohre.jpg\" title=\"Mundrohre\"><img loading=\"lazy\" decoding=\"async\" src=\"https:\/\/www.martin-schmidt-potsdam.de\/wp-content\/uploads\/legatus-mundrohre-130x130.jpg\" alt=\"Mundrohre\" width=\"130\" height=\"130\" \/><span class=\"su-custom-gallery-title\">Mundrohre<\/span><\/a><\/div><div class=\"su-clear\"><\/div><\/div>\n<div class=\"su-spoiler su-spoiler-style-default su-spoiler-icon-arrow su-spoiler-closed\" data-scroll-offset=\"0\" data-anchor-in-url=\"no\"><div class=\"su-spoiler-title\" tabindex=\"0\" role=\"button\"><span class=\"su-spoiler-icon\"><\/span>Modell - L<\/div><div class=\"su-spoiler-content su-u-clearfix su-u-trim\">\n<div class=\"su-row\">\n<div class=\"su-column su-column-size-1-2\"><div class=\"su-column-inner su-u-clearfix su-u-trim\">\n<a href=\"https:\/\/www.martin-schmidt-potsdam.de\/wp-content\/uploads\/legatus-L_1500x1500.jpg\" data-lightbox=\"legatus-l\" data-title=\"LegatuS Modell - L\"><img decoding=\"async\" id=\"legatus-l\" class=\"Gross alignleft wp-image-494 size-Trompete Gross\" src=\"https:\/\/www.martin-schmidt-potsdam.de\/wp-content\/uploads\/legatus-L_388x880.jpg\"  data-zoom-image=\"https:\/\/www.martin-schmidt-potsdam.de\/wp-content\/uploads\/legatus-L_661x1500.jpg\"\/> <\/a><br \/>\n<script src=\"https:\/\/martin-schmidt-potsdam.de\/wp-content\/themes\/trompetenbauer\/js\/lightbox.js\"><\/script><br \/>\n<script>\n    lightbox.option({\n'positionFromTop': 10 })\n<\/script><br \/>\n<\/div><\/div><div class=\"su-column su-column-size-1-2\"><div class=\"su-column-inner su-u-clearfix su-u-trim\">\n<h3>Beschreibung:<\/h3>\n<p>Die etwas weitere Mensur und das d\u00fcnnwandige Schallst\u00fcck aus Goldmessing mit breitem Neusilberkranz ist inspiriert von der traditionellen deutschen Posaune.<br \/>\nDer Klang ist entsprechend etwas w\u00e4rmer und sehr gut f\u00fcr klassisches Orchester und solistische Zwecke geeignet.<\/p>\n<h3>Ausstattung:<\/h3>\n<ul>\n<li>Schallst\u00fcck: Goldmessing mit Neusilberkranz (d\u00fcnnwandig) \u00d8 230 mm<\/li>\n<li>Bohrung Ventil: 14,5 mm<\/li>\n<li>Au\u00dfenzug: Goldmessing<\/li>\n<li>Innenzug: Hartverchromt (Neusilber)<\/li>\n<li>Bohrung Zug: 13,9 mm (large)<\/li>\n<li>Mundst\u00fcckschaft: large<\/li>\n<li>wechselbares Mundrohr<\/li>\n<li>Einbrennlackierung<\/li>\n<\/ul>\n<h3>Optionen:<\/h3>\n<ul>\n<li>Mundrohr aus Goldmessing, Messing oder Neusilber<\/li>\n<li>Au\u00dfenzug aus Goldmessing oder Neusilber<\/li>\n<li>Leichtgewicht Zug aus Neusilber<\/li>\n<li>lange Wasserklappenmechanik<\/li>\n<\/ul>\n<\/div><\/div>\n<\/div>\n<\/div><\/div>\n<div class=\"su-spoiler su-spoiler-style-default su-spoiler-icon-arrow su-spoiler-closed\" data-scroll-offset=\"0\" data-anchor-in-url=\"no\"><div class=\"su-spoiler-title\" tabindex=\"0\" role=\"button\"><span class=\"su-spoiler-icon\"><\/span>Modell - X<\/div><div class=\"su-spoiler-content su-u-clearfix su-u-trim\">\n<div class=\"su-row\">\n<div class=\"su-column su-column-size-1-2\"><div class=\"su-column-inner su-u-clearfix su-u-trim\">\n<a href=\"https:\/\/www.martin-schmidt-potsdam.de\/wp-content\/uploads\/legatus-X_1500x1500.jpg\" data-lightbox=\"legatus-x\" data-title=\"LegatuS Modell - X\"><img decoding=\"async\" id=\"legatus-x\" class=\"Gross alignleft wp-image-494 size-Trompete Gross\" src=\"https:\/\/www.martin-schmidt-potsdam.de\/wp-content\/uploads\/legatus-X_388x880.jpg\"  data-zoom-image=\"https:\/\/www.martin-schmidt-potsdam.de\/wp-content\/uploads\/legatus-X_661x1500.jpg\"\/> <\/a><\/p>\n<\/div><\/div><div class=\"su-column su-column-size-1-2\"><div class=\"su-column-inner su-u-clearfix su-u-trim\">\n<h3>Beschreibung:<\/h3>\n<p>Eine etwas engere Mensur mit einem kleineren und stabileren Schallst\u00fcck aus Messing sorgen f\u00fcr einen helleren und kr\u00e4ftigen Klang.<br \/>\nDadurch wir dieser noch durchsetzungsf\u00e4higer und eignet sich auch hervorragend f\u00fcr moderne Musik.<\/p>\n<h3>Ausstattung:<\/h3>\n<ul>\n<li>Schallst\u00fcck: Messing (mittel-dick) \u00d8 215 mm<\/li>\n<li>Bohrung Ventil: 14,5 mm<\/li>\n<li>Au\u00dfenzug: Neusilber<\/li>\n<li>Innenzug: Hartverchromt (Neusilber)<\/li>\n<li>Bohrung Zug: 13,9 mm (large)<\/li>\n<li>Mundst\u00fcckschaft: large<\/li>\n<li>wechselbares Mundrohr<\/li>\n<li>Einbrennlackierung<\/li>\n<\/ul>\n<h3>Optionen:<\/h3>\n<ul>\n<li>Mundrohr aus Goldmessing, Messing oder Neusilber<\/li>\n<li>Au\u00dfenzug aus Goldmessing oder Neusilber<\/li>\n<li>Leichtgewicht Zug aus Neusilber<\/li>\n<li>lange Wasserklappenmechanik<\/li>\n<\/ul>\n<\/div><\/div>\n<\/div>\n<\/div><\/div>","protected":false},"excerpt":{"rendered":"<p>Unsere neu entwickelte Posaunenserie \u201eLegatuS\u201c vereint moderne Anspr\u00fcche mit traditionellen Tugenden des Instrumentenbaus. Durch langj\u00e4hrige Erfahrung im Umgang mit Posaunen aller Art und im stetigen Austausch mit verschiedensten Posaunisten ist so eine einzigartige Balance aus \u00fcberzeugendem Klang, exzellenter Spielbarkeit und sauberer Intonation entstanden. Die weite (large) Bohrung im Zug und die angepasste Mensur im Ventil, &hellip; <a href=\"https:\/\/www.martin-schmidt-potsdam.de\/en\/instrumentenbau\/posaunen\/\" class=\"more-link\">Continue reading <span class=\"screen-reader-text\">Trombones<\/span> <span class=\"meta-nav\">&rarr;<\/span><\/a><\/p>\n","protected":false},"author":3,"featured_media":0,"parent":13,"menu_order":0,"comment_status":"closed","ping_status":"closed","template":"page-instrument-ohne.php","meta":{"footnotes":""},"class_list":["post-2768","page","type-page","status-publish","hentry"],"yoast_head":"<!-- This site is optimized with the Yoast SEO plugin v26.8 - https:\/\/yoast.com\/product\/yoast-seo-wordpress\/ -->\n<title>Trombones - LegatuS<\/title>\n<meta name=\"description\" content=\"Die neu entwickelte Posaunenserie &quot;LegatuS&quot; vereint moderne Anspr\u00fcche mit traditionellen Tugenden des Instrumentenbaus.\" \/>\n<meta name=\"robots\" content=\"index, follow, max-snippet:-1, max-image-preview:large, max-video-preview:-1\" \/>\n<link rel=\"canonical\" href=\"https:\/\/www.martin-schmidt-potsdam.de\/instrumentenbau\/posaunen\/\" \/>\n<meta property=\"og:locale\" content=\"en_US\" \/>\n<meta property=\"og:type\" content=\"article\" \/>\n<meta property=\"og:title\" content=\"[:de]Posaunen[:en]Trombones[:] - LegatuS\" \/>\n<meta property=\"og:description\" content=\"Die neu entwickelte Posaunenserie &quot;LegatuS&quot; vereint moderne Anspr\u00fcche mit traditionellen Tugenden des Instrumentenbaus.\" \/>\n<meta property=\"og:url\" content=\"https:\/\/www.martin-schmidt-potsdam.de\/instrumentenbau\/posaunen\/\" \/>\n<meta property=\"og:site_name\" content=\"Martin Schmidt\" \/>\n<meta property=\"article:modified_time\" content=\"2026-01-05T10:52:22+00:00\" \/>\n<meta property=\"og:image\" content=\"https:\/\/www.martin-schmidt-potsdam.de\/wp-content\/uploads\/legatus-L_detail1_228.jpg\" \/>\n<meta name=\"twitter:card\" content=\"summary_large_image\" \/>\n<meta name=\"twitter:label1\" content=\"Est. reading time\" \/>\n\t<meta name=\"twitter:data1\" content=\"3 minutes\" \/>\n<script type=\"application\/ld+json\" class=\"yoast-schema-graph\">{\"@context\":\"https:\/\/schema.org\",\"@graph\":[{\"@type\":\"WebPage\",\"@id\":\"https:\/\/www.martin-schmidt-potsdam.de\/instrumentenbau\/posaunen\/\",\"url\":\"https:\/\/www.martin-schmidt-potsdam.de\/instrumentenbau\/posaunen\/\",\"name\":\"[:de]Posaunen[:en]Trombones[:] - LegatuS\",\"isPartOf\":{\"@id\":\"https:\/\/www.martin-schmidt-potsdam.de\/#website\"},\"primaryImageOfPage\":{\"@id\":\"https:\/\/www.martin-schmidt-potsdam.de\/instrumentenbau\/posaunen\/#primaryimage\"},\"image\":{\"@id\":\"https:\/\/www.martin-schmidt-potsdam.de\/instrumentenbau\/posaunen\/#primaryimage\"},\"thumbnailUrl\":\"https:\/\/www.martin-schmidt-potsdam.de\/wp-content\/uploads\/legatus-L_detail1_228.jpg\",\"datePublished\":\"2023-04-14T14:32:17+00:00\",\"dateModified\":\"2026-01-05T10:52:22+00:00\",\"description\":\"Die neu entwickelte Posaunenserie \\\"LegatuS\\\" vereint moderne Anspr\u00fcche mit traditionellen Tugenden des Instrumentenbaus.\",\"breadcrumb\":{\"@id\":\"https:\/\/www.martin-schmidt-potsdam.de\/instrumentenbau\/posaunen\/#breadcrumb\"},\"inLanguage\":\"en-US\",\"potentialAction\":[{\"@type\":\"ReadAction\",\"target\":[\"https:\/\/www.martin-schmidt-potsdam.de\/instrumentenbau\/posaunen\/\"]}]},{\"@type\":\"ImageObject\",\"inLanguage\":\"en-US\",\"@id\":\"https:\/\/www.martin-schmidt-potsdam.de\/instrumentenbau\/posaunen\/#primaryimage\",\"url\":\"https:\/\/www.martin-schmidt-potsdam.de\/wp-content\/uploads\/legatus-L_detail1_228.jpg\",\"contentUrl\":\"https:\/\/www.martin-schmidt-potsdam.de\/wp-content\/uploads\/legatus-L_detail1_228.jpg\"},{\"@type\":\"BreadcrumbList\",\"@id\":\"https:\/\/www.martin-schmidt-potsdam.de\/instrumentenbau\/posaunen\/#breadcrumb\",\"itemListElement\":[{\"@type\":\"ListItem\",\"position\":1,\"name\":\"Startseite\",\"item\":\"https:\/\/www.martin-schmidt-potsdam.de\/\"},{\"@type\":\"ListItem\",\"position\":2,\"name\":\"Instrumentenbau\",\"item\":\"https:\/\/www.martin-schmidt-potsdam.de\/instrumentenbau\/\"},{\"@type\":\"ListItem\",\"position\":3,\"name\":\"Posaunen\"}]},{\"@type\":\"WebSite\",\"@id\":\"https:\/\/www.martin-schmidt-potsdam.de\/#website\",\"url\":\"https:\/\/www.martin-schmidt-potsdam.de\/\",\"name\":\"Martin Schmidt Metallblasinstrumente\",\"description\":\"Master craftsman workshop for handmade brass instruments\",\"publisher\":{\"@id\":\"https:\/\/www.martin-schmidt-potsdam.de\/#organization\"},\"potentialAction\":[{\"@type\":\"SearchAction\",\"target\":{\"@type\":\"EntryPoint\",\"urlTemplate\":\"https:\/\/www.martin-schmidt-potsdam.de\/?s={search_term_string}\"},\"query-input\":{\"@type\":\"PropertyValueSpecification\",\"valueRequired\":true,\"valueName\":\"search_term_string\"}}],\"inLanguage\":\"en-US\"},{\"@type\":\"Organization\",\"@id\":\"https:\/\/www.martin-schmidt-potsdam.de\/#organization\",\"name\":\"Martin Schmidt Metallblasinstrumente - Inhaber Lukas Schmidt\",\"url\":\"https:\/\/www.martin-schmidt-potsdam.de\/\",\"logo\":{\"@type\":\"ImageObject\",\"inLanguage\":\"en-US\",\"@id\":\"https:\/\/www.martin-schmidt-potsdam.de\/#\/schema\/logo\/image\/\",\"url\":\"https:\/\/www.martin-schmidt-potsdam.de\/wp-content\/uploads\/logo-farbig.png\",\"contentUrl\":\"https:\/\/www.martin-schmidt-potsdam.de\/wp-content\/uploads\/logo-farbig.png\",\"width\":273,\"height\":450,\"caption\":\"Martin Schmidt Metallblasinstrumente - Inhaber Lukas Schmidt\"},\"image\":{\"@id\":\"https:\/\/www.martin-schmidt-potsdam.de\/#\/schema\/logo\/image\/\"}}]}<\/script>\n<!-- \/ Yoast SEO plugin. -->","yoast_head_json":{"title":"Trombones - LegatuS","description":"Die neu entwickelte Posaunenserie \"LegatuS\" vereint moderne Anspr\u00fcche mit traditionellen Tugenden des Instrumentenbaus.","robots":{"index":"index","follow":"follow","max-snippet":"max-snippet:-1","max-image-preview":"max-image-preview:large","max-video-preview":"max-video-preview:-1"},"canonical":"https:\/\/www.martin-schmidt-potsdam.de\/instrumentenbau\/posaunen\/","og_locale":"en_US","og_type":"article","og_title":"[:de]Posaunen[:en]Trombones[:] - LegatuS","og_description":"Die neu entwickelte Posaunenserie \"LegatuS\" vereint moderne Anspr\u00fcche mit traditionellen Tugenden des Instrumentenbaus.","og_url":"https:\/\/www.martin-schmidt-potsdam.de\/instrumentenbau\/posaunen\/","og_site_name":"Martin Schmidt","article_modified_time":"2026-01-05T10:52:22+00:00","og_image":[{"url":"https:\/\/www.martin-schmidt-potsdam.de\/wp-content\/uploads\/legatus-L_detail1_228.jpg","type":"","width":"","height":""}],"twitter_card":"summary_large_image","twitter_misc":{"Est. reading time":"3 minutes"},"schema":{"@context":"https:\/\/schema.org","@graph":[{"@type":"WebPage","@id":"https:\/\/www.martin-schmidt-potsdam.de\/instrumentenbau\/posaunen\/","url":"https:\/\/www.martin-schmidt-potsdam.de\/instrumentenbau\/posaunen\/","name":"[:de]Posaunen[:en]Trombones[:] - LegatuS","isPartOf":{"@id":"https:\/\/www.martin-schmidt-potsdam.de\/#website"},"primaryImageOfPage":{"@id":"https:\/\/www.martin-schmidt-potsdam.de\/instrumentenbau\/posaunen\/#primaryimage"},"image":{"@id":"https:\/\/www.martin-schmidt-potsdam.de\/instrumentenbau\/posaunen\/#primaryimage"},"thumbnailUrl":"https:\/\/www.martin-schmidt-potsdam.de\/wp-content\/uploads\/legatus-L_detail1_228.jpg","datePublished":"2023-04-14T14:32:17+00:00","dateModified":"2026-01-05T10:52:22+00:00","description":"Die neu entwickelte Posaunenserie \"LegatuS\" vereint moderne Anspr\u00fcche mit traditionellen Tugenden des Instrumentenbaus.","breadcrumb":{"@id":"https:\/\/www.martin-schmidt-potsdam.de\/instrumentenbau\/posaunen\/#breadcrumb"},"inLanguage":"en-US","potentialAction":[{"@type":"ReadAction","target":["https:\/\/www.martin-schmidt-potsdam.de\/instrumentenbau\/posaunen\/"]}]},{"@type":"ImageObject","inLanguage":"en-US","@id":"https:\/\/www.martin-schmidt-potsdam.de\/instrumentenbau\/posaunen\/#primaryimage","url":"https:\/\/www.martin-schmidt-potsdam.de\/wp-content\/uploads\/legatus-L_detail1_228.jpg","contentUrl":"https:\/\/www.martin-schmidt-potsdam.de\/wp-content\/uploads\/legatus-L_detail1_228.jpg"},{"@type":"BreadcrumbList","@id":"https:\/\/www.martin-schmidt-potsdam.de\/instrumentenbau\/posaunen\/#breadcrumb","itemListElement":[{"@type":"ListItem","position":1,"name":"Startseite","item":"https:\/\/www.martin-schmidt-potsdam.de\/"},{"@type":"ListItem","position":2,"name":"Instrumentenbau","item":"https:\/\/www.martin-schmidt-potsdam.de\/instrumentenbau\/"},{"@type":"ListItem","position":3,"name":"Posaunen"}]},{"@type":"WebSite","@id":"https:\/\/www.martin-schmidt-potsdam.de\/#website","url":"https:\/\/www.martin-schmidt-potsdam.de\/","name":"Martin Schmidt Metallblasinstrumente","description":"Master craftsman workshop for handmade brass instruments","publisher":{"@id":"https:\/\/www.martin-schmidt-potsdam.de\/#organization"},"potentialAction":[{"@type":"SearchAction","target":{"@type":"EntryPoint","urlTemplate":"https:\/\/www.martin-schmidt-potsdam.de\/?s={search_term_string}"},"query-input":{"@type":"PropertyValueSpecification","valueRequired":true,"valueName":"search_term_string"}}],"inLanguage":"en-US"},{"@type":"Organization","@id":"https:\/\/www.martin-schmidt-potsdam.de\/#organization","name":"Martin Schmidt Metallblasinstrumente - Inhaber Lukas Schmidt","url":"https:\/\/www.martin-schmidt-potsdam.de\/","logo":{"@type":"ImageObject","inLanguage":"en-US","@id":"https:\/\/www.martin-schmidt-potsdam.de\/#\/schema\/logo\/image\/","url":"https:\/\/www.martin-schmidt-potsdam.de\/wp-content\/uploads\/logo-farbig.png","contentUrl":"https:\/\/www.martin-schmidt-potsdam.de\/wp-content\/uploads\/logo-farbig.png","width":273,"height":450,"caption":"Martin Schmidt Metallblasinstrumente - Inhaber Lukas Schmidt"},"image":{"@id":"https:\/\/www.martin-schmidt-potsdam.de\/#\/schema\/logo\/image\/"}}]}},"_links":{"self":[{"href":"https:\/\/www.martin-schmidt-potsdam.de\/en\/wp-json\/wp\/v2\/pages\/2768","targetHints":{"allow":["GET"]}}],"collection":[{"href":"https:\/\/www.martin-schmidt-potsdam.de\/en\/wp-json\/wp\/v2\/pages"}],"about":[{"href":"https:\/\/www.martin-schmidt-potsdam.de\/en\/wp-json\/wp\/v2\/types\/page"}],"author":[{"embeddable":true,"href":"https:\/\/www.martin-schmidt-potsdam.de\/en\/wp-json\/wp\/v2\/users\/3"}],"replies":[{"embeddable":true,"href":"https:\/\/www.martin-schmidt-potsdam.de\/en\/wp-json\/wp\/v2\/comments?post=2768"}],"version-history":[{"count":13,"href":"https:\/\/www.martin-schmidt-potsdam.de\/en\/wp-json\/wp\/v2\/pages\/2768\/revisions"}],"predecessor-version":[{"id":3081,"href":"https:\/\/www.martin-schmidt-potsdam.de\/en\/wp-json\/wp\/v2\/pages\/2768\/revisions\/3081"}],"up":[{"embeddable":true,"href":"https:\/\/www.martin-schmidt-potsdam.de\/en\/wp-json\/wp\/v2\/pages\/13"}],"wp:attachment":[{"href":"https:\/\/www.martin-schmidt-potsdam.de\/en\/wp-json\/wp\/v2\/media?parent=2768"}],"curies":[{"name":"wp","href":"https:\/\/api.w.org\/{rel}","templated":true}]}}