{"id":243,"date":"2015-04-16T14:26:24","date_gmt":"2015-04-16T12:26:24","guid":{"rendered":"http:\/\/www.martin-schmidt-potsdam.de\/?page_id=243"},"modified":"2024-09-23T12:23:27","modified_gmt":"2024-09-23T10:23:27","slug":"rundes-modell-4-ventilig","status":"publish","type":"page","link":"https:\/\/www.martin-schmidt-potsdam.de\/en\/instrumentenbau\/drehventil-instrumente\/fluegelhoerner\/rundes-modell-4-ventilig\/","title":{"rendered":"Round Type 4 valves"},"content":{"rendered":"<div class=\"su-row\">\n<div class=\"su-column su-column-size-1-2\"><div class=\"su-column-inner su-u-clearfix su-u-trim\">\n<p><a href=\"https:\/\/www.martin-schmidt-potsdam.de\/wp-content\/uploads\/fh-rund-4v_1500x1500.jpg\" data-lightbox=\"rund4-en\" data-title=\"round model 4 valves\"><img decoding=\"async\" id=\"rund4-en\" class=\"Gross alignleft wp-image-494 size-Trompete Gross\" src=\"https:\/\/www.martin-schmidt-potsdam.de\/wp-content\/uploads\/fh-rund-4v_388x880.jpg\"  data-zoom-image=\"https:\/\/www.martin-schmidt-potsdam.de\/wp-content\/uploads\/fh-rund-4v_661x1500.jpg\"\/> <\/a><\/p>\n<p style=\"clear:left\"><a href=\"https:\/\/www.martin-schmidt-potsdam.de\/wp-content\/uploads\/fh-rund-4v_1500x1500.jpg\" data-lightbox=\"rund42-en\" data-title=\"round model 4 valves\">Fullscreen<\/a><\/p>\n<p><a href=\"https:\/\/www.martin-schmidt-potsdam.de\/wp-content\/uploads\/Fluegelh_4vent_Detail1.jpg\" data-lightbox=\"rund4-en\"><img loading=\"lazy\" decoding=\"async\" class=\"alignnone wp-image-1316 size-kleine\" src=\"https:\/\/www.martin-schmidt-potsdam.de\/wp-content\/uploads\/Fluegelh_4vent_Detail1-100x100.jpg\" alt=\"Detail\" width=\"100\" height=\"100\" \/><\/a> <\/p>\n<p><script language=\"javascript\" type=\"text\/javascript\">\nif (window.innerWidth > 760) {\n$(\"#rund4-en\").elevateZoom({zoomType: \"lens\",\nlensShape : \"square\",\nlensSize : 350,\nlensFadeIn:500\n});}\n<\/script><br \/>\n<script src=\"https:\/\/martin-schmidt-potsdam.de\/wp-content\/themes\/trompetenbauer\/js\/lightbox.js\"><\/script><br \/>\n<script>\n    lightbox.option({\n'positionFromTop': 10 })\n<\/script> <\/p>\n<\/div><\/div><div class=\"su-column su-column-size-1-2\"><div class=\"su-column-inner su-u-clearfix su-u-trim\">\n<h3>Description:<\/h3>\n<p>The 4-Valve Model extends the playable range downwards, so that it is chromatically playable down to the lowest note Bb. At this lower range the tone remains well-centred and voluminous.<br \/>\nOur flugelhorn round model has been modelled after the Kuhlo flugelhorn model. The Kuhlo flugelhorns have considerable intonation problems due to the tuning slide in the conical area. Our instruments have, due to the round construction and long measure, the much-desired dark and round horn sound, and this with quick, precise response and balanced intonation.<\/p>\n<h3>Features:<\/h3>\n<ul>\n<li>gold brass<\/li>\n<li><a href=\"https:\/\/www.martin-schmidt-potsdam.de\/wp-content\/uploads\/bell.pdf\" target=\"_blank\" rel=\"noopener\"><strong>bell<\/strong><\/a> diameter 163mm, French rim, material thickness medium<\/li>\n<li>bore diameter 11.2 mm, large\u00a0measure<\/li>\n<li>4 valves<\/li>\n<li>nickel silver valve group, bronze valves, spiral spring mechanism with Minibal-joints<\/li>\n<li><strong><a href=\"https:\/\/www.martin-schmidt-potsdam.de\/wp-content\/uploads\/leadpipes.pdf\" target=\"_blank\" rel=\"noopener\">lead pipe<\/a><\/strong> interchangeable<\/li>\n<li>pitch-finder handle-trigger mechanism at 3<sup>rd<\/sup> valve slide, compensation-hole at 3<sup>rd<\/sup> rotor house<\/li>\n<li>water-key at wide bow and at 4<sup>th<\/sup> valve slide<\/li>\n<li>clear backed lacquer<\/li>\n<\/ul>\n<h3>Optionen:<\/h3>\n<ul>\n<li>Modell 3-ventilig<\/li>\n<li>Versilberung<\/li>\n<li>Vergoldung<\/li>\n<\/ul>\n<\/div><\/div>\n<\/div>","protected":false},"excerpt":{"rendered":"<p>Sorry, this entry is only available in Deutsch.<\/p>\n","protected":false},"author":3,"featured_media":0,"parent":59,"menu_order":2,"comment_status":"closed","ping_status":"closed","template":"page-instrument-ohne.php","meta":{"footnotes":""},"class_list":["post-243","page","type-page","status-publish","hentry"],"yoast_head":"<!-- This site is optimized with the Yoast SEO plugin v26.8 - https:\/\/yoast.com\/product\/yoast-seo-wordpress\/ -->\n<title>Fl\u00fcgelhorn Round Type 4 valves - Martin Schmidt<\/title>\n<meta name=\"description\" content=\"Unsere Fl\u00fcgelh\u00f6rner rundes Modell sind in Anlehnung an das Kuhlo-Fl\u00fcgelhorn Modell entstanden jedoch mit wesentlich verbesserter Intonation.\" \/>\n<meta name=\"robots\" content=\"index, follow, max-snippet:-1, max-image-preview:large, max-video-preview:-1\" \/>\n<link rel=\"canonical\" href=\"https:\/\/www.martin-schmidt-potsdam.de\/en\/instrumentenbau\/drehventil-instrumente\/fluegelhoerner\/rundes-modell-4-ventilig\/\" \/>\n<meta property=\"og:locale\" content=\"en_US\" \/>\n<meta property=\"og:type\" content=\"article\" \/>\n<meta property=\"og:title\" content=\"Fl\u00fcgelhorn [:de]Rundes Modell 4-ventilig[:en]Round Type 4 valves[:] - Martin Schmidt\" \/>\n<meta property=\"og:description\" content=\"Unsere Fl\u00fcgelh\u00f6rner rundes Modell sind in Anlehnung an das Kuhlo-Fl\u00fcgelhorn Modell entstanden jedoch mit wesentlich verbesserter Intonation.\" \/>\n<meta property=\"og:url\" content=\"https:\/\/www.martin-schmidt-potsdam.de\/en\/instrumentenbau\/drehventil-instrumente\/fluegelhoerner\/rundes-modell-4-ventilig\/\" \/>\n<meta property=\"og:site_name\" content=\"Martin Schmidt\" \/>\n<meta property=\"article:modified_time\" content=\"2024-09-23T10:23:27+00:00\" \/>\n<meta property=\"og:image\" content=\"https:\/\/www.martin-schmidt-potsdam.de\/wp-content\/uploads\/fh-rund-4v_388x880.jpg\" \/>\n<meta name=\"twitter:card\" content=\"summary_large_image\" \/>\n<meta name=\"twitter:label1\" content=\"Est. reading time\" \/>\n\t<meta name=\"twitter:data1\" content=\"2 minutes\" \/>\n<script type=\"application\/ld+json\" class=\"yoast-schema-graph\">{\"@context\":\"https:\/\/schema.org\",\"@graph\":[{\"@type\":\"WebPage\",\"@id\":\"https:\/\/www.martin-schmidt-potsdam.de\/en\/instrumentenbau\/drehventil-instrumente\/fluegelhoerner\/rundes-modell-4-ventilig\/\",\"url\":\"https:\/\/www.martin-schmidt-potsdam.de\/en\/instrumentenbau\/drehventil-instrumente\/fluegelhoerner\/rundes-modell-4-ventilig\/\",\"name\":\"Fl\u00fcgelhorn [:de]Rundes Modell 4-ventilig[:en]Round Type 4 valves[:] - Martin Schmidt\",\"isPartOf\":{\"@id\":\"https:\/\/www.martin-schmidt-potsdam.de\/#website\"},\"primaryImageOfPage\":{\"@id\":\"https:\/\/www.martin-schmidt-potsdam.de\/en\/instrumentenbau\/drehventil-instrumente\/fluegelhoerner\/rundes-modell-4-ventilig\/#primaryimage\"},\"image\":{\"@id\":\"https:\/\/www.martin-schmidt-potsdam.de\/en\/instrumentenbau\/drehventil-instrumente\/fluegelhoerner\/rundes-modell-4-ventilig\/#primaryimage\"},\"thumbnailUrl\":\"https:\/\/www.martin-schmidt-potsdam.de\/wp-content\/uploads\/fh-rund-4v_388x880.jpg\",\"datePublished\":\"2015-04-16T12:26:24+00:00\",\"dateModified\":\"2024-09-23T10:23:27+00:00\",\"description\":\"Unsere Fl\u00fcgelh\u00f6rner rundes Modell sind in Anlehnung an das Kuhlo-Fl\u00fcgelhorn Modell entstanden jedoch mit wesentlich verbesserter Intonation.\",\"breadcrumb\":{\"@id\":\"https:\/\/www.martin-schmidt-potsdam.de\/en\/instrumentenbau\/drehventil-instrumente\/fluegelhoerner\/rundes-modell-4-ventilig\/#breadcrumb\"},\"inLanguage\":\"en-US\",\"potentialAction\":[{\"@type\":\"ReadAction\",\"target\":[\"https:\/\/www.martin-schmidt-potsdam.de\/en\/instrumentenbau\/drehventil-instrumente\/fluegelhoerner\/rundes-modell-4-ventilig\/\"]}]},{\"@type\":\"ImageObject\",\"inLanguage\":\"en-US\",\"@id\":\"https:\/\/www.martin-schmidt-potsdam.de\/en\/instrumentenbau\/drehventil-instrumente\/fluegelhoerner\/rundes-modell-4-ventilig\/#primaryimage\",\"url\":\"https:\/\/www.martin-schmidt-potsdam.de\/wp-content\/uploads\/fh-rund-4v_388x880.jpg\",\"contentUrl\":\"https:\/\/www.martin-schmidt-potsdam.de\/wp-content\/uploads\/fh-rund-4v_388x880.jpg\"},{\"@type\":\"BreadcrumbList\",\"@id\":\"https:\/\/www.martin-schmidt-potsdam.de\/en\/instrumentenbau\/drehventil-instrumente\/fluegelhoerner\/rundes-modell-4-ventilig\/#breadcrumb\",\"itemListElement\":[{\"@type\":\"ListItem\",\"position\":1,\"name\":\"Startseite\",\"item\":\"https:\/\/www.martin-schmidt-potsdam.de\/\"},{\"@type\":\"ListItem\",\"position\":2,\"name\":\"Instrumentenbau\",\"item\":\"https:\/\/www.martin-schmidt-potsdam.de\/instrumentenbau\/\"},{\"@type\":\"ListItem\",\"position\":3,\"name\":\"Drehventil- Instrumente\",\"item\":\"https:\/\/www.martin-schmidt-potsdam.de\/instrumentenbau\/drehventil-instrumente\/\"},{\"@type\":\"ListItem\",\"position\":4,\"name\":\"fluegelhorns\",\"item\":\"https:\/\/www.martin-schmidt-potsdam.de\/en\/instrumentenbau\/drehventil-instrumente\/fluegelhoerner\/\"},{\"@type\":\"ListItem\",\"position\":5,\"name\":\"Round Type 4 valves\"}]},{\"@type\":\"WebSite\",\"@id\":\"https:\/\/www.martin-schmidt-potsdam.de\/#website\",\"url\":\"https:\/\/www.martin-schmidt-potsdam.de\/\",\"name\":\"Martin Schmidt Metallblasinstrumente\",\"description\":\"Master craftsman workshop for handmade brass instruments\",\"publisher\":{\"@id\":\"https:\/\/www.martin-schmidt-potsdam.de\/#organization\"},\"potentialAction\":[{\"@type\":\"SearchAction\",\"target\":{\"@type\":\"EntryPoint\",\"urlTemplate\":\"https:\/\/www.martin-schmidt-potsdam.de\/?s={search_term_string}\"},\"query-input\":{\"@type\":\"PropertyValueSpecification\",\"valueRequired\":true,\"valueName\":\"search_term_string\"}}],\"inLanguage\":\"en-US\"},{\"@type\":\"Organization\",\"@id\":\"https:\/\/www.martin-schmidt-potsdam.de\/#organization\",\"name\":\"Martin Schmidt Metallblasinstrumente - Inhaber Lukas Schmidt\",\"url\":\"https:\/\/www.martin-schmidt-potsdam.de\/\",\"logo\":{\"@type\":\"ImageObject\",\"inLanguage\":\"en-US\",\"@id\":\"https:\/\/www.martin-schmidt-potsdam.de\/#\/schema\/logo\/image\/\",\"url\":\"https:\/\/www.martin-schmidt-potsdam.de\/wp-content\/uploads\/logo-farbig.png\",\"contentUrl\":\"https:\/\/www.martin-schmidt-potsdam.de\/wp-content\/uploads\/logo-farbig.png\",\"width\":273,\"height\":450,\"caption\":\"Martin Schmidt Metallblasinstrumente - Inhaber Lukas Schmidt\"},\"image\":{\"@id\":\"https:\/\/www.martin-schmidt-potsdam.de\/#\/schema\/logo\/image\/\"}}]}<\/script>\n<!-- \/ Yoast SEO plugin. -->","yoast_head_json":{"title":"Fl\u00fcgelhorn Round Type 4 valves - Martin Schmidt","description":"Unsere Fl\u00fcgelh\u00f6rner rundes Modell sind in Anlehnung an das Kuhlo-Fl\u00fcgelhorn Modell entstanden jedoch mit wesentlich verbesserter Intonation.","robots":{"index":"index","follow":"follow","max-snippet":"max-snippet:-1","max-image-preview":"max-image-preview:large","max-video-preview":"max-video-preview:-1"},"canonical":"https:\/\/www.martin-schmidt-potsdam.de\/en\/instrumentenbau\/drehventil-instrumente\/fluegelhoerner\/rundes-modell-4-ventilig\/","og_locale":"en_US","og_type":"article","og_title":"Fl\u00fcgelhorn [:de]Rundes Modell 4-ventilig[:en]Round Type 4 valves[:] - Martin Schmidt","og_description":"Unsere Fl\u00fcgelh\u00f6rner rundes Modell sind in Anlehnung an das Kuhlo-Fl\u00fcgelhorn Modell entstanden jedoch mit wesentlich verbesserter Intonation.","og_url":"https:\/\/www.martin-schmidt-potsdam.de\/en\/instrumentenbau\/drehventil-instrumente\/fluegelhoerner\/rundes-modell-4-ventilig\/","og_site_name":"Martin Schmidt","article_modified_time":"2024-09-23T10:23:27+00:00","og_image":[{"url":"https:\/\/www.martin-schmidt-potsdam.de\/wp-content\/uploads\/fh-rund-4v_388x880.jpg","type":"","width":"","height":""}],"twitter_card":"summary_large_image","twitter_misc":{"Est. reading time":"2 minutes"},"schema":{"@context":"https:\/\/schema.org","@graph":[{"@type":"WebPage","@id":"https:\/\/www.martin-schmidt-potsdam.de\/en\/instrumentenbau\/drehventil-instrumente\/fluegelhoerner\/rundes-modell-4-ventilig\/","url":"https:\/\/www.martin-schmidt-potsdam.de\/en\/instrumentenbau\/drehventil-instrumente\/fluegelhoerner\/rundes-modell-4-ventilig\/","name":"Fl\u00fcgelhorn [:de]Rundes Modell 4-ventilig[:en]Round Type 4 valves[:] - Martin Schmidt","isPartOf":{"@id":"https:\/\/www.martin-schmidt-potsdam.de\/#website"},"primaryImageOfPage":{"@id":"https:\/\/www.martin-schmidt-potsdam.de\/en\/instrumentenbau\/drehventil-instrumente\/fluegelhoerner\/rundes-modell-4-ventilig\/#primaryimage"},"image":{"@id":"https:\/\/www.martin-schmidt-potsdam.de\/en\/instrumentenbau\/drehventil-instrumente\/fluegelhoerner\/rundes-modell-4-ventilig\/#primaryimage"},"thumbnailUrl":"https:\/\/www.martin-schmidt-potsdam.de\/wp-content\/uploads\/fh-rund-4v_388x880.jpg","datePublished":"2015-04-16T12:26:24+00:00","dateModified":"2024-09-23T10:23:27+00:00","description":"Unsere Fl\u00fcgelh\u00f6rner rundes Modell sind in Anlehnung an das Kuhlo-Fl\u00fcgelhorn Modell entstanden jedoch mit wesentlich verbesserter Intonation.","breadcrumb":{"@id":"https:\/\/www.martin-schmidt-potsdam.de\/en\/instrumentenbau\/drehventil-instrumente\/fluegelhoerner\/rundes-modell-4-ventilig\/#breadcrumb"},"inLanguage":"en-US","potentialAction":[{"@type":"ReadAction","target":["https:\/\/www.martin-schmidt-potsdam.de\/en\/instrumentenbau\/drehventil-instrumente\/fluegelhoerner\/rundes-modell-4-ventilig\/"]}]},{"@type":"ImageObject","inLanguage":"en-US","@id":"https:\/\/www.martin-schmidt-potsdam.de\/en\/instrumentenbau\/drehventil-instrumente\/fluegelhoerner\/rundes-modell-4-ventilig\/#primaryimage","url":"https:\/\/www.martin-schmidt-potsdam.de\/wp-content\/uploads\/fh-rund-4v_388x880.jpg","contentUrl":"https:\/\/www.martin-schmidt-potsdam.de\/wp-content\/uploads\/fh-rund-4v_388x880.jpg"},{"@type":"BreadcrumbList","@id":"https:\/\/www.martin-schmidt-potsdam.de\/en\/instrumentenbau\/drehventil-instrumente\/fluegelhoerner\/rundes-modell-4-ventilig\/#breadcrumb","itemListElement":[{"@type":"ListItem","position":1,"name":"Startseite","item":"https:\/\/www.martin-schmidt-potsdam.de\/"},{"@type":"ListItem","position":2,"name":"Instrumentenbau","item":"https:\/\/www.martin-schmidt-potsdam.de\/instrumentenbau\/"},{"@type":"ListItem","position":3,"name":"Drehventil- Instrumente","item":"https:\/\/www.martin-schmidt-potsdam.de\/instrumentenbau\/drehventil-instrumente\/"},{"@type":"ListItem","position":4,"name":"fluegelhorns","item":"https:\/\/www.martin-schmidt-potsdam.de\/en\/instrumentenbau\/drehventil-instrumente\/fluegelhoerner\/"},{"@type":"ListItem","position":5,"name":"Round Type 4 valves"}]},{"@type":"WebSite","@id":"https:\/\/www.martin-schmidt-potsdam.de\/#website","url":"https:\/\/www.martin-schmidt-potsdam.de\/","name":"Martin Schmidt Metallblasinstrumente","description":"Master craftsman workshop for handmade brass instruments","publisher":{"@id":"https:\/\/www.martin-schmidt-potsdam.de\/#organization"},"potentialAction":[{"@type":"SearchAction","target":{"@type":"EntryPoint","urlTemplate":"https:\/\/www.martin-schmidt-potsdam.de\/?s={search_term_string}"},"query-input":{"@type":"PropertyValueSpecification","valueRequired":true,"valueName":"search_term_string"}}],"inLanguage":"en-US"},{"@type":"Organization","@id":"https:\/\/www.martin-schmidt-potsdam.de\/#organization","name":"Martin Schmidt Metallblasinstrumente - Inhaber Lukas Schmidt","url":"https:\/\/www.martin-schmidt-potsdam.de\/","logo":{"@type":"ImageObject","inLanguage":"en-US","@id":"https:\/\/www.martin-schmidt-potsdam.de\/#\/schema\/logo\/image\/","url":"https:\/\/www.martin-schmidt-potsdam.de\/wp-content\/uploads\/logo-farbig.png","contentUrl":"https:\/\/www.martin-schmidt-potsdam.de\/wp-content\/uploads\/logo-farbig.png","width":273,"height":450,"caption":"Martin Schmidt Metallblasinstrumente - Inhaber Lukas Schmidt"},"image":{"@id":"https:\/\/www.martin-schmidt-potsdam.de\/#\/schema\/logo\/image\/"}}]}},"_links":{"self":[{"href":"https:\/\/www.martin-schmidt-potsdam.de\/en\/wp-json\/wp\/v2\/pages\/243","targetHints":{"allow":["GET"]}}],"collection":[{"href":"https:\/\/www.martin-schmidt-potsdam.de\/en\/wp-json\/wp\/v2\/pages"}],"about":[{"href":"https:\/\/www.martin-schmidt-potsdam.de\/en\/wp-json\/wp\/v2\/types\/page"}],"author":[{"embeddable":true,"href":"https:\/\/www.martin-schmidt-potsdam.de\/en\/wp-json\/wp\/v2\/users\/3"}],"replies":[{"embeddable":true,"href":"https:\/\/www.martin-schmidt-potsdam.de\/en\/wp-json\/wp\/v2\/comments?post=243"}],"version-history":[{"count":25,"href":"https:\/\/www.martin-schmidt-potsdam.de\/en\/wp-json\/wp\/v2\/pages\/243\/revisions"}],"predecessor-version":[{"id":2725,"href":"https:\/\/www.martin-schmidt-potsdam.de\/en\/wp-json\/wp\/v2\/pages\/243\/revisions\/2725"}],"up":[{"embeddable":true,"href":"https:\/\/www.martin-schmidt-potsdam.de\/en\/wp-json\/wp\/v2\/pages\/59"}],"wp:attachment":[{"href":"https:\/\/www.martin-schmidt-potsdam.de\/en\/wp-json\/wp\/v2\/media?parent=243"}],"curies":[{"name":"wp","href":"https:\/\/api.w.org\/{rel}","templated":true}]}}