{"id":2232,"date":"2019-05-08T18:04:51","date_gmt":"2019-05-08T16:04:51","guid":{"rendered":"https:\/\/www.martin-schmidt-potsdam.de\/?page_id=2232"},"modified":"2024-09-23T13:06:46","modified_gmt":"2024-09-23T11:06:46","slug":"liefer-und-zahlungsbedingungen","status":"publish","type":"page","link":"https:\/\/www.martin-schmidt-potsdam.de\/en\/liefer-und-zahlungsbedingungen\/","title":{"rendered":"Liefer- und Zahlungsbedingungen"},"content":{"rendered":"<ul>\n<li>1. Die Lieferung erfolgt in der Regel ab Werkstatt.<br \/>\nPostversand erfolgt auf Rechnung und Gefahr des Auftraggebers.<\/li>\n<li>2. Alle genannten Preise beziehen sich auf den zum Zeitpunkt der Auftragsnahme<br \/>\nersichtlichen Arbeitsaufwand bzw. zu diesem Zeitpunkt geltenden Konditionen.<br \/>\nAbweichungen bis 10%  sind m\u00f6glich. Bei wesentlich gr\u00f6\u00dferem Arbeitsaufwand<br \/>\noder ver\u00e4nderten Konditionen erfolgt R\u00fccksprache mit dem Kunden.<\/li>\n<li>3. F\u00fcr die in Reparatur gegebenen Instrumente gew\u00e4hren wir Versicherungsschutz,<br \/>\nausgenommen sind Instrumente, f\u00fcr die bereits eine Instrumentenversicherung<br \/>\nbesteht.<\/li>\n<li>4. Bei neuen Instrumenten geben wir 2 Jahre Garantie. F\u00fcr Reparaturen geben wir<br \/>\nauf die von uns ausgef\u00fchrten Arbeiten eine Garantie von einem halben Jahr.<br \/>\nLackierung und andere Oberfl\u00e4chenbehandlungen liegen grunds\u00e4tzlich au\u00dferhalb<br \/>\nder Garantie.<\/li>\n<li>5. Bei Beanstandungen beschr\u00e4nkt sich unsere Haftung nur auf kostenlose<br \/>\nFehlerbehebung.<\/li>\n<li>6. Bei neuen Instrumenten, die zur Probe mitgegeben werden, kommt der Kunde im<br \/>\nvollen Umfang f\u00fcr Besch\u00e4digungen auf.<br \/>\nBei neuen Instrumenten, die nicht zum abgesprochenen Termin zur\u00fcckgegeben<br \/>\nwerden, oder in der \u00d6ffentlichkeit geblasen werden, gilt der Kaufvertrag als<br \/>\nabgeschlossen.<\/li>\n<li>7. Bei Leihinstrumenten ist in der Leihgeb\u00fchr nur die normale Abnutzung<br \/>\nenthalten. Sonstige Besch\u00e4digungen werden gesondert in Rechnung gestellt.<\/li>\n<li>8. Rechnungen sind grunds\u00e4tzlich nach Erhalt ohne Abzug zahlbar.<\/li>\n<li>9. Gelieferte Waren bleiben bis zur vollst\u00e4ndigen Bezahlung unser Eigentum.<\/li>\n<li>10. Diese Liefer- und Zahlungsbedingungen gelten mit Auftragserteilung als<br \/>\nangenommen.<\/li>\n<\/ul>","protected":false},"excerpt":{"rendered":"<p>1. Die Lieferung erfolgt in der Regel ab Werkstatt. Postversand erfolgt auf Rechnung und Gefahr des Auftraggebers. 2. Alle genannten Preise beziehen sich auf den zum Zeitpunkt der Auftragsnahme ersichtlichen Arbeitsaufwand bzw. zu diesem Zeitpunkt geltenden Konditionen. Abweichungen bis 10% sind m\u00f6glich. Bei wesentlich gr\u00f6\u00dferem Arbeitsaufwand oder ver\u00e4nderten Konditionen erfolgt R\u00fccksprache mit dem Kunden. 3. &hellip; <a href=\"https:\/\/www.martin-schmidt-potsdam.de\/en\/liefer-und-zahlungsbedingungen\/\" class=\"more-link\">Continue reading <span class=\"screen-reader-text\">Liefer- und Zahlungsbedingungen<\/span> <span class=\"meta-nav\">&rarr;<\/span><\/a><\/p>\n","protected":false},"author":3,"featured_media":0,"parent":0,"menu_order":8,"comment_status":"closed","ping_status":"closed","template":"page-impkont.php","meta":{"footnotes":""},"class_list":["post-2232","page","type-page","status-publish","hentry"],"yoast_head":"<!-- This site is optimized with the Yoast SEO plugin v26.8 - https:\/\/yoast.com\/product\/yoast-seo-wordpress\/ -->\n<title>Liefer- und Zahlungsbedingungen<\/title>\n<meta name=\"robots\" content=\"index, follow, max-snippet:-1, max-image-preview:large, max-video-preview:-1\" \/>\n<link rel=\"canonical\" href=\"https:\/\/www.martin-schmidt-potsdam.de\/liefer-und-zahlungsbedingungen\/\" \/>\n<meta property=\"og:locale\" content=\"en_US\" \/>\n<meta property=\"og:type\" content=\"article\" \/>\n<meta property=\"og:title\" content=\"Liefer- und Zahlungsbedingungen\" \/>\n<meta property=\"og:description\" content=\"1. Die Lieferung erfolgt in der Regel ab Werkstatt. Postversand erfolgt auf Rechnung und Gefahr des Auftraggebers. 2. Alle genannten Preise beziehen sich auf den zum Zeitpunkt der Auftragsnahme ersichtlichen Arbeitsaufwand bzw. zu diesem Zeitpunkt geltenden Konditionen. Abweichungen bis 10% sind m\u00f6glich. Bei wesentlich gr\u00f6\u00dferem Arbeitsaufwand oder ver\u00e4nderten Konditionen erfolgt R\u00fccksprache mit dem Kunden. 3. &hellip; Continue reading Liefer- und Zahlungsbedingungen &rarr;\" \/>\n<meta property=\"og:url\" content=\"https:\/\/www.martin-schmidt-potsdam.de\/liefer-und-zahlungsbedingungen\/\" \/>\n<meta property=\"og:site_name\" content=\"Martin Schmidt\" \/>\n<meta property=\"article:modified_time\" content=\"2024-09-23T11:06:46+00:00\" \/>\n<meta name=\"twitter:card\" content=\"summary_large_image\" \/>\n<meta name=\"twitter:label1\" content=\"Est. reading time\" \/>\n\t<meta name=\"twitter:data1\" content=\"2 minutes\" \/>\n<script type=\"application\/ld+json\" class=\"yoast-schema-graph\">{\"@context\":\"https:\/\/schema.org\",\"@graph\":[{\"@type\":\"WebPage\",\"@id\":\"https:\/\/www.martin-schmidt-potsdam.de\/liefer-und-zahlungsbedingungen\/\",\"url\":\"https:\/\/www.martin-schmidt-potsdam.de\/liefer-und-zahlungsbedingungen\/\",\"name\":\"Liefer- und Zahlungsbedingungen\",\"isPartOf\":{\"@id\":\"https:\/\/www.martin-schmidt-potsdam.de\/#website\"},\"datePublished\":\"2019-05-08T16:04:51+00:00\",\"dateModified\":\"2024-09-23T11:06:46+00:00\",\"breadcrumb\":{\"@id\":\"https:\/\/www.martin-schmidt-potsdam.de\/liefer-und-zahlungsbedingungen\/#breadcrumb\"},\"inLanguage\":\"en-US\",\"potentialAction\":[{\"@type\":\"ReadAction\",\"target\":[\"https:\/\/www.martin-schmidt-potsdam.de\/liefer-und-zahlungsbedingungen\/\"]}]},{\"@type\":\"BreadcrumbList\",\"@id\":\"https:\/\/www.martin-schmidt-potsdam.de\/liefer-und-zahlungsbedingungen\/#breadcrumb\",\"itemListElement\":[{\"@type\":\"ListItem\",\"position\":1,\"name\":\"Startseite\",\"item\":\"https:\/\/www.martin-schmidt-potsdam.de\/\"},{\"@type\":\"ListItem\",\"position\":2,\"name\":\"Liefer- und Zahlungsbedingungen\"}]},{\"@type\":\"WebSite\",\"@id\":\"https:\/\/www.martin-schmidt-potsdam.de\/#website\",\"url\":\"https:\/\/www.martin-schmidt-potsdam.de\/\",\"name\":\"Martin Schmidt Metallblasinstrumente\",\"description\":\"Master craftsman workshop for handmade brass instruments\",\"publisher\":{\"@id\":\"https:\/\/www.martin-schmidt-potsdam.de\/#organization\"},\"potentialAction\":[{\"@type\":\"SearchAction\",\"target\":{\"@type\":\"EntryPoint\",\"urlTemplate\":\"https:\/\/www.martin-schmidt-potsdam.de\/?s={search_term_string}\"},\"query-input\":{\"@type\":\"PropertyValueSpecification\",\"valueRequired\":true,\"valueName\":\"search_term_string\"}}],\"inLanguage\":\"en-US\"},{\"@type\":\"Organization\",\"@id\":\"https:\/\/www.martin-schmidt-potsdam.de\/#organization\",\"name\":\"Martin Schmidt Metallblasinstrumente - Inhaber Lukas Schmidt\",\"url\":\"https:\/\/www.martin-schmidt-potsdam.de\/\",\"logo\":{\"@type\":\"ImageObject\",\"inLanguage\":\"en-US\",\"@id\":\"https:\/\/www.martin-schmidt-potsdam.de\/#\/schema\/logo\/image\/\",\"url\":\"https:\/\/www.martin-schmidt-potsdam.de\/wp-content\/uploads\/logo-farbig.png\",\"contentUrl\":\"https:\/\/www.martin-schmidt-potsdam.de\/wp-content\/uploads\/logo-farbig.png\",\"width\":273,\"height\":450,\"caption\":\"Martin Schmidt Metallblasinstrumente - Inhaber Lukas Schmidt\"},\"image\":{\"@id\":\"https:\/\/www.martin-schmidt-potsdam.de\/#\/schema\/logo\/image\/\"}}]}<\/script>\n<!-- \/ Yoast SEO plugin. -->","yoast_head_json":{"title":"Liefer- und Zahlungsbedingungen","robots":{"index":"index","follow":"follow","max-snippet":"max-snippet:-1","max-image-preview":"max-image-preview:large","max-video-preview":"max-video-preview:-1"},"canonical":"https:\/\/www.martin-schmidt-potsdam.de\/liefer-und-zahlungsbedingungen\/","og_locale":"en_US","og_type":"article","og_title":"Liefer- und Zahlungsbedingungen","og_description":"1. Die Lieferung erfolgt in der Regel ab Werkstatt. Postversand erfolgt auf Rechnung und Gefahr des Auftraggebers. 2. Alle genannten Preise beziehen sich auf den zum Zeitpunkt der Auftragsnahme ersichtlichen Arbeitsaufwand bzw. zu diesem Zeitpunkt geltenden Konditionen. Abweichungen bis 10% sind m\u00f6glich. Bei wesentlich gr\u00f6\u00dferem Arbeitsaufwand oder ver\u00e4nderten Konditionen erfolgt R\u00fccksprache mit dem Kunden. 3. &hellip; Continue reading Liefer- und Zahlungsbedingungen &rarr;","og_url":"https:\/\/www.martin-schmidt-potsdam.de\/liefer-und-zahlungsbedingungen\/","og_site_name":"Martin Schmidt","article_modified_time":"2024-09-23T11:06:46+00:00","twitter_card":"summary_large_image","twitter_misc":{"Est. reading time":"2 minutes"},"schema":{"@context":"https:\/\/schema.org","@graph":[{"@type":"WebPage","@id":"https:\/\/www.martin-schmidt-potsdam.de\/liefer-und-zahlungsbedingungen\/","url":"https:\/\/www.martin-schmidt-potsdam.de\/liefer-und-zahlungsbedingungen\/","name":"Liefer- und Zahlungsbedingungen","isPartOf":{"@id":"https:\/\/www.martin-schmidt-potsdam.de\/#website"},"datePublished":"2019-05-08T16:04:51+00:00","dateModified":"2024-09-23T11:06:46+00:00","breadcrumb":{"@id":"https:\/\/www.martin-schmidt-potsdam.de\/liefer-und-zahlungsbedingungen\/#breadcrumb"},"inLanguage":"en-US","potentialAction":[{"@type":"ReadAction","target":["https:\/\/www.martin-schmidt-potsdam.de\/liefer-und-zahlungsbedingungen\/"]}]},{"@type":"BreadcrumbList","@id":"https:\/\/www.martin-schmidt-potsdam.de\/liefer-und-zahlungsbedingungen\/#breadcrumb","itemListElement":[{"@type":"ListItem","position":1,"name":"Startseite","item":"https:\/\/www.martin-schmidt-potsdam.de\/"},{"@type":"ListItem","position":2,"name":"Liefer- und Zahlungsbedingungen"}]},{"@type":"WebSite","@id":"https:\/\/www.martin-schmidt-potsdam.de\/#website","url":"https:\/\/www.martin-schmidt-potsdam.de\/","name":"Martin Schmidt Metallblasinstrumente","description":"Master craftsman workshop for handmade brass instruments","publisher":{"@id":"https:\/\/www.martin-schmidt-potsdam.de\/#organization"},"potentialAction":[{"@type":"SearchAction","target":{"@type":"EntryPoint","urlTemplate":"https:\/\/www.martin-schmidt-potsdam.de\/?s={search_term_string}"},"query-input":{"@type":"PropertyValueSpecification","valueRequired":true,"valueName":"search_term_string"}}],"inLanguage":"en-US"},{"@type":"Organization","@id":"https:\/\/www.martin-schmidt-potsdam.de\/#organization","name":"Martin Schmidt Metallblasinstrumente - Inhaber Lukas Schmidt","url":"https:\/\/www.martin-schmidt-potsdam.de\/","logo":{"@type":"ImageObject","inLanguage":"en-US","@id":"https:\/\/www.martin-schmidt-potsdam.de\/#\/schema\/logo\/image\/","url":"https:\/\/www.martin-schmidt-potsdam.de\/wp-content\/uploads\/logo-farbig.png","contentUrl":"https:\/\/www.martin-schmidt-potsdam.de\/wp-content\/uploads\/logo-farbig.png","width":273,"height":450,"caption":"Martin Schmidt Metallblasinstrumente - Inhaber Lukas Schmidt"},"image":{"@id":"https:\/\/www.martin-schmidt-potsdam.de\/#\/schema\/logo\/image\/"}}]}},"_links":{"self":[{"href":"https:\/\/www.martin-schmidt-potsdam.de\/en\/wp-json\/wp\/v2\/pages\/2232","targetHints":{"allow":["GET"]}}],"collection":[{"href":"https:\/\/www.martin-schmidt-potsdam.de\/en\/wp-json\/wp\/v2\/pages"}],"about":[{"href":"https:\/\/www.martin-schmidt-potsdam.de\/en\/wp-json\/wp\/v2\/types\/page"}],"author":[{"embeddable":true,"href":"https:\/\/www.martin-schmidt-potsdam.de\/en\/wp-json\/wp\/v2\/users\/3"}],"replies":[{"embeddable":true,"href":"https:\/\/www.martin-schmidt-potsdam.de\/en\/wp-json\/wp\/v2\/comments?post=2232"}],"version-history":[{"count":6,"href":"https:\/\/www.martin-schmidt-potsdam.de\/en\/wp-json\/wp\/v2\/pages\/2232\/revisions"}],"predecessor-version":[{"id":2896,"href":"https:\/\/www.martin-schmidt-potsdam.de\/en\/wp-json\/wp\/v2\/pages\/2232\/revisions\/2896"}],"wp:attachment":[{"href":"https:\/\/www.martin-schmidt-potsdam.de\/en\/wp-json\/wp\/v2\/media?parent=2232"}],"curies":[{"name":"wp","href":"https:\/\/api.w.org\/{rel}","templated":true}]}}