{"id":193,"date":"2015-04-16T11:43:21","date_gmt":"2015-04-16T09:43:21","guid":{"rendered":"http:\/\/www.martin-schmidt-potsdam.de\/?page_id=193"},"modified":"2024-09-23T11:57:17","modified_gmt":"2024-09-23T09:57:17","slug":"orchester-modell","status":"publish","type":"page","link":"https:\/\/www.martin-schmidt-potsdam.de\/en\/instrumentenbau\/drehventil-instrumente\/c-trompete\/orchester-modell\/","title":{"rendered":"Orchestra Model"},"content":{"rendered":"<div class=\"su-row\">\n<div class=\"su-column su-column-size-1-2\"><div class=\"su-column-inner su-u-clearfix su-u-trim\">\n<p><a href=\"https:\/\/www.martin-schmidt-potsdam.de\/wp-content\/uploads\/c-orchester_1500x1500.jpg\" data-lightbox=\"c-orchester-en\" data-title=\"C - orchestra model\"><img decoding=\"async\" id=\"c-orchester-en\" class=\"Gross alignleft wp-image-494 size-Trompete Gross\" src=\"https:\/\/www.martin-schmidt-potsdam.de\/wp-content\/uploads\/c-orchester_388x880.jpg\" alt=\"\" data-zoom-image=\"https:\/\/www.martin-schmidt-potsdam.de\/wp-content\/uploads\/c-orchester_661x1500.jpg\" \/> <\/a><\/p>\n<p style=\"clear: left;\"><a href=\"https:\/\/www.martin-schmidt-potsdam.de\/wp-content\/uploads\/c-orchester_1500x1500.jpg\" data-lightbox=\"c-orchester2-en\" data-title=\"C - orchestra model\">Fullscreen<\/a><\/p>\n<p><script type=\"text\/javascript\">\nif (window.innerWidth > 760) {\n$(\"#c-orchester-en\").elevateZoom({zoomType: \"lens\",\nlensShape : \"square\",\nlensSize : 350,\nlensFadeIn:500\n});}\n<\/script><br \/>\n<script src=\"https:\/\/martin-schmidt-potsdam.de\/wp-content\/themes\/trompetenbauer\/js\/lightbox.js\"><\/script><br \/>\n<script>\n    lightbox.option({\n'positionFromTop': 10 })\n<\/script><\/p>\n<\/div><\/div><div class=\"su-column su-column-size-1-2\"><div class=\"su-column-inner su-u-clearfix su-u-trim\">\n<h3>Description:<\/h3>\n<p>Our Orchestra Trumpet is very open in its feel when playing, offers a precise response and a balanced tone with high presence, which remains approximately the same throughout all registers. Due to the excellent projection (emission of sound within the room) and with normal energy input, this model is highly assertive in a large orchestra.<\/p>\n<h3>Features:<\/h3>\n<ul>\n<li>gold brass<\/li>\n<li><a href=\"https:\/\/www.martin-schmidt-potsdam.de\/wp-content\/uploads\/bell.pdf\" target=\"_blank\" rel=\"noopener\"><strong>bell<\/strong><\/a> diameter \u00d8 128 mm, French rim, material thickness medium<\/li>\n<li>bore diameter 11.2 mm, medium-large measure<\/li>\n<li>nickel silver valve group, bronze valves, spiral spring mechanism with SW4-joints<\/li>\n<li><a href=\"https:\/\/www.martin-schmidt-potsdam.de\/wp-content\/uploads\/leadpipes.pdf\" target=\"_blank\" rel=\"noopener\"><strong>lead pipe<\/strong><\/a> interchangeable<\/li>\n<li>long water-key at main tuning slide<\/li>\n<li>pitch-finder handle-trigger mechanism and water-key on the 3<sup>rd<\/sup> valve slide, compensation-hole at 3<sup>rd<\/sup> rotor house<\/li>\n<li>C-key, <strong><a href=\"https:\/\/www.martin-schmidt-potsdam.de\/wp-content\/uploads\/ventholes.pdf\" target=\"_blank\" rel=\"noopener\">vent hole<\/a><\/strong><\/li>\n<li>silver plating<\/li>\n<\/ul>\n<h3>Options:<\/h3>\n<ul>\n<li>A-key, <strong><a href=\"https:\/\/www.martin-schmidt-potsdam.de\/wp-content\/uploads\/ventholes.pdf\" target=\"_blank\" rel=\"noopener\">vent hole<\/a><\/strong><\/li>\n<li>gold plating<\/li>\n<\/ul>\n<p>This instrument is also available as a <strong><a href=\"https:\/\/www.martin-schmidt-potsdam.de\/en\/instrumentenbau\/drehventil-instrumente\/b-trompeten\/orchester-modell-2\/\" target=\"_blank\" rel=\"noopener\">Bb-trumpet<\/a><\/strong><\/p>\n<\/div><\/div>\n<\/div>","protected":false},"excerpt":{"rendered":"","protected":false},"author":3,"featured_media":0,"parent":55,"menu_order":2,"comment_status":"closed","ping_status":"closed","template":"page-instrument-ohne.php","meta":{"footnotes":""},"class_list":["post-193","page","type-page","status-publish","hentry"],"yoast_head":"<!-- This site is optimized with the Yoast SEO plugin v26.8 - https:\/\/yoast.com\/product\/yoast-seo-wordpress\/ -->\n<title>C-Trompete Orchestra Model - Martin Schmidt<\/title>\n<meta name=\"description\" content=\"Die C-Trompete Orchester Modell ist vom Spielgef\u00fchl sehr offen, hat eine pr\u00e4zise Ansprache und einen ausgeglichenen und pr\u00e4senten Klang, der durch alle Register ann\u00e4hernd gleich bleibt.\" \/>\n<meta name=\"robots\" content=\"index, follow, max-snippet:-1, max-image-preview:large, max-video-preview:-1\" \/>\n<link rel=\"canonical\" href=\"https:\/\/www.martin-schmidt-potsdam.de\/instrumentenbau\/drehventil-instrumente\/c-trompete\/orchester-modell\/\" \/>\n<meta property=\"og:locale\" content=\"en_US\" \/>\n<meta property=\"og:type\" content=\"article\" \/>\n<meta property=\"og:title\" content=\"C-Trompete [:de]Orchester Modell[:en]Orchestra Model[:] - Martin Schmidt\" \/>\n<meta property=\"og:description\" content=\"Die C-Trompete Orchester Modell ist vom Spielgef\u00fchl sehr offen, hat eine pr\u00e4zise Ansprache und einen ausgeglichenen und pr\u00e4senten Klang, der durch alle Register ann\u00e4hernd gleich bleibt.\" \/>\n<meta property=\"og:url\" content=\"https:\/\/www.martin-schmidt-potsdam.de\/instrumentenbau\/drehventil-instrumente\/c-trompete\/orchester-modell\/\" \/>\n<meta property=\"og:site_name\" content=\"Martin Schmidt\" \/>\n<meta property=\"article:modified_time\" content=\"2024-09-23T09:57:17+00:00\" \/>\n<meta property=\"og:image\" content=\"https:\/\/www.martin-schmidt-potsdam.de\/wp-content\/uploads\/c-orchester_388x880.jpg\" \/>\n<meta name=\"twitter:card\" content=\"summary_large_image\" \/>\n<meta name=\"twitter:label1\" content=\"Est. reading time\" \/>\n\t<meta name=\"twitter:data1\" content=\"1 minute\" \/>\n<script type=\"application\/ld+json\" class=\"yoast-schema-graph\">{\"@context\":\"https:\/\/schema.org\",\"@graph\":[{\"@type\":\"WebPage\",\"@id\":\"https:\/\/www.martin-schmidt-potsdam.de\/instrumentenbau\/drehventil-instrumente\/c-trompete\/orchester-modell\/\",\"url\":\"https:\/\/www.martin-schmidt-potsdam.de\/instrumentenbau\/drehventil-instrumente\/c-trompete\/orchester-modell\/\",\"name\":\"C-Trompete [:de]Orchester Modell[:en]Orchestra Model[:] - Martin Schmidt\",\"isPartOf\":{\"@id\":\"https:\/\/www.martin-schmidt-potsdam.de\/#website\"},\"primaryImageOfPage\":{\"@id\":\"https:\/\/www.martin-schmidt-potsdam.de\/instrumentenbau\/drehventil-instrumente\/c-trompete\/orchester-modell\/#primaryimage\"},\"image\":{\"@id\":\"https:\/\/www.martin-schmidt-potsdam.de\/instrumentenbau\/drehventil-instrumente\/c-trompete\/orchester-modell\/#primaryimage\"},\"thumbnailUrl\":\"https:\/\/www.martin-schmidt-potsdam.de\/wp-content\/uploads\/c-orchester_388x880.jpg\",\"datePublished\":\"2015-04-16T09:43:21+00:00\",\"dateModified\":\"2024-09-23T09:57:17+00:00\",\"description\":\"Die C-Trompete Orchester Modell ist vom Spielgef\u00fchl sehr offen, hat eine pr\u00e4zise Ansprache und einen ausgeglichenen und pr\u00e4senten Klang, der durch alle Register ann\u00e4hernd gleich bleibt.\",\"breadcrumb\":{\"@id\":\"https:\/\/www.martin-schmidt-potsdam.de\/instrumentenbau\/drehventil-instrumente\/c-trompete\/orchester-modell\/#breadcrumb\"},\"inLanguage\":\"en-US\",\"potentialAction\":[{\"@type\":\"ReadAction\",\"target\":[\"https:\/\/www.martin-schmidt-potsdam.de\/instrumentenbau\/drehventil-instrumente\/c-trompete\/orchester-modell\/\"]}]},{\"@type\":\"ImageObject\",\"inLanguage\":\"en-US\",\"@id\":\"https:\/\/www.martin-schmidt-potsdam.de\/instrumentenbau\/drehventil-instrumente\/c-trompete\/orchester-modell\/#primaryimage\",\"url\":\"https:\/\/www.martin-schmidt-potsdam.de\/wp-content\/uploads\/c-orchester_388x880.jpg\",\"contentUrl\":\"https:\/\/www.martin-schmidt-potsdam.de\/wp-content\/uploads\/c-orchester_388x880.jpg\"},{\"@type\":\"BreadcrumbList\",\"@id\":\"https:\/\/www.martin-schmidt-potsdam.de\/instrumentenbau\/drehventil-instrumente\/c-trompete\/orchester-modell\/#breadcrumb\",\"itemListElement\":[{\"@type\":\"ListItem\",\"position\":1,\"name\":\"Startseite\",\"item\":\"https:\/\/www.martin-schmidt-potsdam.de\/\"},{\"@type\":\"ListItem\",\"position\":2,\"name\":\"Instrumentenbau\",\"item\":\"https:\/\/www.martin-schmidt-potsdam.de\/instrumentenbau\/\"},{\"@type\":\"ListItem\",\"position\":3,\"name\":\"Drehventil- Instrumente\",\"item\":\"https:\/\/www.martin-schmidt-potsdam.de\/instrumentenbau\/drehventil-instrumente\/\"},{\"@type\":\"ListItem\",\"position\":4,\"name\":\"C-Trompeten\",\"item\":\"https:\/\/www.martin-schmidt-potsdam.de\/instrumentenbau\/drehventil-instrumente\/c-trompete\/\"},{\"@type\":\"ListItem\",\"position\":5,\"name\":\"Orchester Modell\"}]},{\"@type\":\"WebSite\",\"@id\":\"https:\/\/www.martin-schmidt-potsdam.de\/#website\",\"url\":\"https:\/\/www.martin-schmidt-potsdam.de\/\",\"name\":\"Martin Schmidt Metallblasinstrumente\",\"description\":\"Master craftsman workshop for handmade brass instruments\",\"publisher\":{\"@id\":\"https:\/\/www.martin-schmidt-potsdam.de\/#organization\"},\"potentialAction\":[{\"@type\":\"SearchAction\",\"target\":{\"@type\":\"EntryPoint\",\"urlTemplate\":\"https:\/\/www.martin-schmidt-potsdam.de\/?s={search_term_string}\"},\"query-input\":{\"@type\":\"PropertyValueSpecification\",\"valueRequired\":true,\"valueName\":\"search_term_string\"}}],\"inLanguage\":\"en-US\"},{\"@type\":\"Organization\",\"@id\":\"https:\/\/www.martin-schmidt-potsdam.de\/#organization\",\"name\":\"Martin Schmidt Metallblasinstrumente - Inhaber Lukas Schmidt\",\"url\":\"https:\/\/www.martin-schmidt-potsdam.de\/\",\"logo\":{\"@type\":\"ImageObject\",\"inLanguage\":\"en-US\",\"@id\":\"https:\/\/www.martin-schmidt-potsdam.de\/#\/schema\/logo\/image\/\",\"url\":\"https:\/\/www.martin-schmidt-potsdam.de\/wp-content\/uploads\/logo-farbig.png\",\"contentUrl\":\"https:\/\/www.martin-schmidt-potsdam.de\/wp-content\/uploads\/logo-farbig.png\",\"width\":273,\"height\":450,\"caption\":\"Martin Schmidt Metallblasinstrumente - Inhaber Lukas Schmidt\"},\"image\":{\"@id\":\"https:\/\/www.martin-schmidt-potsdam.de\/#\/schema\/logo\/image\/\"}}]}<\/script>\n<!-- \/ Yoast SEO plugin. -->","yoast_head_json":{"title":"C-Trompete Orchestra Model - Martin Schmidt","description":"Die C-Trompete Orchester Modell ist vom Spielgef\u00fchl sehr offen, hat eine pr\u00e4zise Ansprache und einen ausgeglichenen und pr\u00e4senten Klang, der durch alle Register ann\u00e4hernd gleich bleibt.","robots":{"index":"index","follow":"follow","max-snippet":"max-snippet:-1","max-image-preview":"max-image-preview:large","max-video-preview":"max-video-preview:-1"},"canonical":"https:\/\/www.martin-schmidt-potsdam.de\/instrumentenbau\/drehventil-instrumente\/c-trompete\/orchester-modell\/","og_locale":"en_US","og_type":"article","og_title":"C-Trompete [:de]Orchester Modell[:en]Orchestra Model[:] - Martin Schmidt","og_description":"Die C-Trompete Orchester Modell ist vom Spielgef\u00fchl sehr offen, hat eine pr\u00e4zise Ansprache und einen ausgeglichenen und pr\u00e4senten Klang, der durch alle Register ann\u00e4hernd gleich bleibt.","og_url":"https:\/\/www.martin-schmidt-potsdam.de\/instrumentenbau\/drehventil-instrumente\/c-trompete\/orchester-modell\/","og_site_name":"Martin Schmidt","article_modified_time":"2024-09-23T09:57:17+00:00","og_image":[{"url":"https:\/\/www.martin-schmidt-potsdam.de\/wp-content\/uploads\/c-orchester_388x880.jpg","type":"","width":"","height":""}],"twitter_card":"summary_large_image","twitter_misc":{"Est. reading time":"1 minute"},"schema":{"@context":"https:\/\/schema.org","@graph":[{"@type":"WebPage","@id":"https:\/\/www.martin-schmidt-potsdam.de\/instrumentenbau\/drehventil-instrumente\/c-trompete\/orchester-modell\/","url":"https:\/\/www.martin-schmidt-potsdam.de\/instrumentenbau\/drehventil-instrumente\/c-trompete\/orchester-modell\/","name":"C-Trompete [:de]Orchester Modell[:en]Orchestra Model[:] - Martin Schmidt","isPartOf":{"@id":"https:\/\/www.martin-schmidt-potsdam.de\/#website"},"primaryImageOfPage":{"@id":"https:\/\/www.martin-schmidt-potsdam.de\/instrumentenbau\/drehventil-instrumente\/c-trompete\/orchester-modell\/#primaryimage"},"image":{"@id":"https:\/\/www.martin-schmidt-potsdam.de\/instrumentenbau\/drehventil-instrumente\/c-trompete\/orchester-modell\/#primaryimage"},"thumbnailUrl":"https:\/\/www.martin-schmidt-potsdam.de\/wp-content\/uploads\/c-orchester_388x880.jpg","datePublished":"2015-04-16T09:43:21+00:00","dateModified":"2024-09-23T09:57:17+00:00","description":"Die C-Trompete Orchester Modell ist vom Spielgef\u00fchl sehr offen, hat eine pr\u00e4zise Ansprache und einen ausgeglichenen und pr\u00e4senten Klang, der durch alle Register ann\u00e4hernd gleich bleibt.","breadcrumb":{"@id":"https:\/\/www.martin-schmidt-potsdam.de\/instrumentenbau\/drehventil-instrumente\/c-trompete\/orchester-modell\/#breadcrumb"},"inLanguage":"en-US","potentialAction":[{"@type":"ReadAction","target":["https:\/\/www.martin-schmidt-potsdam.de\/instrumentenbau\/drehventil-instrumente\/c-trompete\/orchester-modell\/"]}]},{"@type":"ImageObject","inLanguage":"en-US","@id":"https:\/\/www.martin-schmidt-potsdam.de\/instrumentenbau\/drehventil-instrumente\/c-trompete\/orchester-modell\/#primaryimage","url":"https:\/\/www.martin-schmidt-potsdam.de\/wp-content\/uploads\/c-orchester_388x880.jpg","contentUrl":"https:\/\/www.martin-schmidt-potsdam.de\/wp-content\/uploads\/c-orchester_388x880.jpg"},{"@type":"BreadcrumbList","@id":"https:\/\/www.martin-schmidt-potsdam.de\/instrumentenbau\/drehventil-instrumente\/c-trompete\/orchester-modell\/#breadcrumb","itemListElement":[{"@type":"ListItem","position":1,"name":"Startseite","item":"https:\/\/www.martin-schmidt-potsdam.de\/"},{"@type":"ListItem","position":2,"name":"Instrumentenbau","item":"https:\/\/www.martin-schmidt-potsdam.de\/instrumentenbau\/"},{"@type":"ListItem","position":3,"name":"Drehventil- Instrumente","item":"https:\/\/www.martin-schmidt-potsdam.de\/instrumentenbau\/drehventil-instrumente\/"},{"@type":"ListItem","position":4,"name":"C-Trompeten","item":"https:\/\/www.martin-schmidt-potsdam.de\/instrumentenbau\/drehventil-instrumente\/c-trompete\/"},{"@type":"ListItem","position":5,"name":"Orchester Modell"}]},{"@type":"WebSite","@id":"https:\/\/www.martin-schmidt-potsdam.de\/#website","url":"https:\/\/www.martin-schmidt-potsdam.de\/","name":"Martin Schmidt Metallblasinstrumente","description":"Master craftsman workshop for handmade brass instruments","publisher":{"@id":"https:\/\/www.martin-schmidt-potsdam.de\/#organization"},"potentialAction":[{"@type":"SearchAction","target":{"@type":"EntryPoint","urlTemplate":"https:\/\/www.martin-schmidt-potsdam.de\/?s={search_term_string}"},"query-input":{"@type":"PropertyValueSpecification","valueRequired":true,"valueName":"search_term_string"}}],"inLanguage":"en-US"},{"@type":"Organization","@id":"https:\/\/www.martin-schmidt-potsdam.de\/#organization","name":"Martin Schmidt Metallblasinstrumente - Inhaber Lukas Schmidt","url":"https:\/\/www.martin-schmidt-potsdam.de\/","logo":{"@type":"ImageObject","inLanguage":"en-US","@id":"https:\/\/www.martin-schmidt-potsdam.de\/#\/schema\/logo\/image\/","url":"https:\/\/www.martin-schmidt-potsdam.de\/wp-content\/uploads\/logo-farbig.png","contentUrl":"https:\/\/www.martin-schmidt-potsdam.de\/wp-content\/uploads\/logo-farbig.png","width":273,"height":450,"caption":"Martin Schmidt Metallblasinstrumente - Inhaber Lukas Schmidt"},"image":{"@id":"https:\/\/www.martin-schmidt-potsdam.de\/#\/schema\/logo\/image\/"}}]}},"_links":{"self":[{"href":"https:\/\/www.martin-schmidt-potsdam.de\/en\/wp-json\/wp\/v2\/pages\/193","targetHints":{"allow":["GET"]}}],"collection":[{"href":"https:\/\/www.martin-schmidt-potsdam.de\/en\/wp-json\/wp\/v2\/pages"}],"about":[{"href":"https:\/\/www.martin-schmidt-potsdam.de\/en\/wp-json\/wp\/v2\/types\/page"}],"author":[{"embeddable":true,"href":"https:\/\/www.martin-schmidt-potsdam.de\/en\/wp-json\/wp\/v2\/users\/3"}],"replies":[{"embeddable":true,"href":"https:\/\/www.martin-schmidt-potsdam.de\/en\/wp-json\/wp\/v2\/comments?post=193"}],"version-history":[{"count":29,"href":"https:\/\/www.martin-schmidt-potsdam.de\/en\/wp-json\/wp\/v2\/pages\/193\/revisions"}],"predecessor-version":[{"id":2886,"href":"https:\/\/www.martin-schmidt-potsdam.de\/en\/wp-json\/wp\/v2\/pages\/193\/revisions\/2886"}],"up":[{"embeddable":true,"href":"https:\/\/www.martin-schmidt-potsdam.de\/en\/wp-json\/wp\/v2\/pages\/55"}],"wp:attachment":[{"href":"https:\/\/www.martin-schmidt-potsdam.de\/en\/wp-json\/wp\/v2\/media?parent=193"}],"curies":[{"name":"wp","href":"https:\/\/api.w.org\/{rel}","templated":true}]}}