{"id":178,"date":"2015-04-16T11:47:03","date_gmt":"2015-04-16T09:47:03","guid":{"rendered":"http:\/\/www.martin-schmidt-potsdam.de\/?page_id=178"},"modified":"2024-09-23T12:14:03","modified_gmt":"2024-09-23T10:14:03","slug":"x-serie-experience","status":"publish","type":"page","link":"https:\/\/www.martin-schmidt-potsdam.de\/en\/instrumentenbau\/drehventil-instrumente\/b-trompeten\/x-serie-experience\/","title":{"rendered":"X-series eXperience"},"content":{"rendered":"<div class=\"su-row\">\r\n\r\n<div class=\"su-column su-column-size-1-2\"><div class=\"su-column-inner su-u-clearfix su-u-trim\">\r\n\r\n<a href=\"https:\/\/www.martin-schmidt-potsdam.de\/wp-content\/uploads\/experience_1500x1500.jpg\" data-lightbox=\"experience-en\" data-title=\"X-series eXperience\"><img decoding=\"async\" id=\"experience\" class=\"Gross alignleft wp-image-494 size-Trompete Gross\" src=\"https:\/\/www.martin-schmidt-potsdam.de\/wp-content\/uploads\/experience_388x880.jpg\" data-zoom-image=\"https:\/\/www.martin-schmidt-potsdam.de\/wp-content\/uploads\/experience_661x1500.jpg\"> <\/a>\r\n<p style=\"clear: left;\"><a href=\"https:\/\/www.martin-schmidt-potsdam.de\/wp-content\/uploads\/experience_1500x1500.jpg\" data-lightbox=\"experience2-en\" data-title=\"X-series eXperience\">Fullscreen<\/a><\/p>\r\n<a href=\"https:\/\/www.martin-schmidt-potsdam.de\/wp-content\/uploads\/Experience_Detail1.jpg\" data-lightbox=\"experience-en\"><img loading=\"lazy\" decoding=\"async\" class=\"alignnone wp-image-1316 size-kleine\" src=\"https:\/\/www.martin-schmidt-potsdam.de\/wp-content\/uploads\/Experience_Detail1_100x100.jpg\" alt=\"Experience_Detail3\" width=\"100\" height=\"100\"><\/a> <a href=\"https:\/\/www.martin-schmidt-potsdam.de\/wp-content\/uploads\/experience-detail3.jpg\" data-lightbox=\"experience-en\"><img loading=\"lazy\" decoding=\"async\" class=\"alignnone wp-image-1316 size-kleine\" src=\"https:\/\/www.martin-schmidt-potsdam.de\/wp-content\/uploads\/experience-detail3_100x100.jpg\" alt=\"Experience_Detail3\" width=\"100\" height=\"100\"><\/a>\r\n\r\n<script language=\"javascript\" type=\"text\/javascript\"><br \/>\r\nif (window.innerWidth > 760) {<br \/>\r\n$(\"#experience\").elevateZoom({zoomType: \"lens\",<br \/>\r\nlensShape : \"square\",<br \/>\r\nlensSize : 350,<br \/>\r\nlensFadeIn:500<br \/>\r\n});}<br \/>\r\n<\/script>\r\n<script src=\"https:\/\/martin-schmidt-potsdam.de\/wp-content\/themes\/trompetenbauer\/js\/lightbox.js\"><\/script>\r\n<script><br \/>\r\n    lightbox.option({<br \/>\r\n'positionFromTop': 10 })<br \/>\r\n<\/script>\r\n\r\n<\/div><\/div><div class=\"su-column su-column-size-1-2\"><div class=\"su-column-inner su-u-clearfix su-u-trim\">\r\n<h3>Description:<\/h3>\r\nThis trumpet model is very open in its play-feel and offers the player good reflection, that is, improved precision while controlling the tones. The sound with high presence is aligned straight forward, thus making this instrument quite assertive in the context of a large orchestra and in large spaces.\r\nOur trumpets in the X-series have a play-feel similar to a piston-valve trumpet. This occurs due to application of the Family Zirnbauer valve-system with its special air-passage geometry.\r\n<h3>Features:<\/h3>\r\n<ul>\r\n \t<li>gold brass<\/li>\r\n \t<li><a href=\"https:\/\/www.martin-schmidt-potsdam.de\/wp-content\/uploads\/bell.pdf\" target=\"_blank\" rel=\"noopener\"><strong>bell<\/strong><\/a> diameter \u00d8 132 mm, French rim, material thickness medium-thin<\/li>\r\n \t<li>bore diameter 11.2 mm, medium measure<\/li>\r\n \t<li>nickel silver valve group, bronze valves, spiral spring mechanism with Minibal-joints<\/li>\r\n \t<li>water-key at main tuning slide<\/li>\r\n \t<li>pitch-finder handle trigger mechanism and water-key at 3<sup>rd<\/sup> valve slide, compensation hole at 3<sup>rd<\/sup> rotor house<\/li>\r\n \t<li>silver plating<\/li>\r\n<\/ul>\r\n<h3>Options:<\/h3>\r\n<ul>\r\n \t<li>C-key <strong><a href=\"https:\/\/www.martin-schmidt-potsdam.de\/wp-content\/uploads\/ventholes.pdf\" target=\"_blank\" rel=\"noopener\">vent hole<\/a><\/strong><\/li>\r\n \t<li>double-trigger mechanism for 1<sup>st<\/sup> and 3<sup>rd<\/sup> valve slide<\/li>\r\n \t<li>gold plating<\/li>\r\n \t<li><strong><a href=\"https:\/\/www.martin-schmidt-potsdam.de\/en\/fachhandel\/zubehoer\/#luxury-case\" target=\"_blank\" rel=\"noopener\">luxury case Schmidt<\/a><\/strong><\/li>\r\n<\/ul>\r\n<\/div><\/div>\r\n\r\n<\/div>","protected":false},"excerpt":{"rendered":"","protected":false},"author":3,"featured_media":0,"parent":57,"menu_order":6,"comment_status":"closed","ping_status":"closed","template":"page-instrument-ohne.php","meta":{"footnotes":""},"class_list":["post-178","page","type-page","status-publish","hentry"],"yoast_head":"<!-- This site is optimized with the Yoast SEO plugin v26.8 - https:\/\/yoast.com\/product\/yoast-seo-wordpress\/ -->\n<title>B-Trompete eXperience - Martin Schmidt<\/title>\n<meta name=\"description\" content=\"Unsere B-Trompete eXperience ist sehr offen und bietet dem Bl\u00e4ser eine gute Reflextion und damit Pr\u00e4zision beim Ansteuern der T\u00f6ne.\" \/>\n<meta name=\"robots\" content=\"index, follow, max-snippet:-1, max-image-preview:large, max-video-preview:-1\" \/>\n<link rel=\"canonical\" href=\"https:\/\/www.martin-schmidt-potsdam.de\/instrumentenbau\/drehventil-instrumente\/b-trompeten\/x-serie-experience\/\" \/>\n<meta property=\"og:locale\" content=\"en_US\" \/>\n<meta property=\"og:type\" content=\"article\" \/>\n<meta property=\"og:title\" content=\"B-Trompete eXperience - Martin Schmidt\" \/>\n<meta property=\"og:description\" content=\"Unsere B-Trompete eXperience ist sehr offen und bietet dem Bl\u00e4ser eine gute Reflextion und damit Pr\u00e4zision beim Ansteuern der T\u00f6ne.\" \/>\n<meta property=\"og:url\" content=\"https:\/\/www.martin-schmidt-potsdam.de\/instrumentenbau\/drehventil-instrumente\/b-trompeten\/x-serie-experience\/\" \/>\n<meta property=\"og:site_name\" content=\"Martin Schmidt\" \/>\n<meta property=\"article:modified_time\" content=\"2024-09-23T10:14:03+00:00\" \/>\n<meta property=\"og:image\" content=\"https:\/\/www.martin-schmidt-potsdam.de\/wp-content\/uploads\/experience_388x880.jpg\" \/>\n<meta name=\"twitter:card\" content=\"summary_large_image\" \/>\n<meta name=\"twitter:label1\" content=\"Est. reading time\" \/>\n\t<meta name=\"twitter:data1\" content=\"2 minutes\" \/>\n<script type=\"application\/ld+json\" class=\"yoast-schema-graph\">{\"@context\":\"https:\/\/schema.org\",\"@graph\":[{\"@type\":\"WebPage\",\"@id\":\"https:\/\/www.martin-schmidt-potsdam.de\/instrumentenbau\/drehventil-instrumente\/b-trompeten\/x-serie-experience\/\",\"url\":\"https:\/\/www.martin-schmidt-potsdam.de\/instrumentenbau\/drehventil-instrumente\/b-trompeten\/x-serie-experience\/\",\"name\":\"B-Trompete eXperience - Martin Schmidt\",\"isPartOf\":{\"@id\":\"https:\/\/www.martin-schmidt-potsdam.de\/#website\"},\"primaryImageOfPage\":{\"@id\":\"https:\/\/www.martin-schmidt-potsdam.de\/instrumentenbau\/drehventil-instrumente\/b-trompeten\/x-serie-experience\/#primaryimage\"},\"image\":{\"@id\":\"https:\/\/www.martin-schmidt-potsdam.de\/instrumentenbau\/drehventil-instrumente\/b-trompeten\/x-serie-experience\/#primaryimage\"},\"thumbnailUrl\":\"https:\/\/www.martin-schmidt-potsdam.de\/wp-content\/uploads\/experience_388x880.jpg\",\"datePublished\":\"2015-04-16T09:47:03+00:00\",\"dateModified\":\"2024-09-23T10:14:03+00:00\",\"description\":\"Unsere B-Trompete eXperience ist sehr offen und bietet dem Bl\u00e4ser eine gute Reflextion und damit Pr\u00e4zision beim Ansteuern der T\u00f6ne.\",\"breadcrumb\":{\"@id\":\"https:\/\/www.martin-schmidt-potsdam.de\/instrumentenbau\/drehventil-instrumente\/b-trompeten\/x-serie-experience\/#breadcrumb\"},\"inLanguage\":\"en-US\",\"potentialAction\":[{\"@type\":\"ReadAction\",\"target\":[\"https:\/\/www.martin-schmidt-potsdam.de\/instrumentenbau\/drehventil-instrumente\/b-trompeten\/x-serie-experience\/\"]}]},{\"@type\":\"ImageObject\",\"inLanguage\":\"en-US\",\"@id\":\"https:\/\/www.martin-schmidt-potsdam.de\/instrumentenbau\/drehventil-instrumente\/b-trompeten\/x-serie-experience\/#primaryimage\",\"url\":\"https:\/\/www.martin-schmidt-potsdam.de\/wp-content\/uploads\/experience_388x880.jpg\",\"contentUrl\":\"https:\/\/www.martin-schmidt-potsdam.de\/wp-content\/uploads\/experience_388x880.jpg\"},{\"@type\":\"BreadcrumbList\",\"@id\":\"https:\/\/www.martin-schmidt-potsdam.de\/instrumentenbau\/drehventil-instrumente\/b-trompeten\/x-serie-experience\/#breadcrumb\",\"itemListElement\":[{\"@type\":\"ListItem\",\"position\":1,\"name\":\"Startseite\",\"item\":\"https:\/\/www.martin-schmidt-potsdam.de\/\"},{\"@type\":\"ListItem\",\"position\":2,\"name\":\"Instrumentenbau\",\"item\":\"https:\/\/www.martin-schmidt-potsdam.de\/instrumentenbau\/\"},{\"@type\":\"ListItem\",\"position\":3,\"name\":\"Drehventil- Instrumente\",\"item\":\"https:\/\/www.martin-schmidt-potsdam.de\/instrumentenbau\/drehventil-instrumente\/\"},{\"@type\":\"ListItem\",\"position\":4,\"name\":\"Bb-trumpets\",\"item\":\"https:\/\/www.martin-schmidt-potsdam.de\/en\/instrumentenbau\/drehventil-instrumente\/b-trompeten\/\"},{\"@type\":\"ListItem\",\"position\":5,\"name\":\"X-Serie eXperience\"}]},{\"@type\":\"WebSite\",\"@id\":\"https:\/\/www.martin-schmidt-potsdam.de\/#website\",\"url\":\"https:\/\/www.martin-schmidt-potsdam.de\/\",\"name\":\"Martin Schmidt Metallblasinstrumente\",\"description\":\"Master craftsman workshop for handmade brass instruments\",\"publisher\":{\"@id\":\"https:\/\/www.martin-schmidt-potsdam.de\/#organization\"},\"potentialAction\":[{\"@type\":\"SearchAction\",\"target\":{\"@type\":\"EntryPoint\",\"urlTemplate\":\"https:\/\/www.martin-schmidt-potsdam.de\/?s={search_term_string}\"},\"query-input\":{\"@type\":\"PropertyValueSpecification\",\"valueRequired\":true,\"valueName\":\"search_term_string\"}}],\"inLanguage\":\"en-US\"},{\"@type\":\"Organization\",\"@id\":\"https:\/\/www.martin-schmidt-potsdam.de\/#organization\",\"name\":\"Martin Schmidt Metallblasinstrumente - Inhaber Lukas Schmidt\",\"url\":\"https:\/\/www.martin-schmidt-potsdam.de\/\",\"logo\":{\"@type\":\"ImageObject\",\"inLanguage\":\"en-US\",\"@id\":\"https:\/\/www.martin-schmidt-potsdam.de\/#\/schema\/logo\/image\/\",\"url\":\"https:\/\/www.martin-schmidt-potsdam.de\/wp-content\/uploads\/logo-farbig.png\",\"contentUrl\":\"https:\/\/www.martin-schmidt-potsdam.de\/wp-content\/uploads\/logo-farbig.png\",\"width\":273,\"height\":450,\"caption\":\"Martin Schmidt Metallblasinstrumente - Inhaber Lukas Schmidt\"},\"image\":{\"@id\":\"https:\/\/www.martin-schmidt-potsdam.de\/#\/schema\/logo\/image\/\"}}]}<\/script>\n<!-- \/ Yoast SEO plugin. -->","yoast_head_json":{"title":"B-Trompete eXperience - Martin Schmidt","description":"Unsere B-Trompete eXperience ist sehr offen und bietet dem Bl\u00e4ser eine gute Reflextion und damit Pr\u00e4zision beim Ansteuern der T\u00f6ne.","robots":{"index":"index","follow":"follow","max-snippet":"max-snippet:-1","max-image-preview":"max-image-preview:large","max-video-preview":"max-video-preview:-1"},"canonical":"https:\/\/www.martin-schmidt-potsdam.de\/instrumentenbau\/drehventil-instrumente\/b-trompeten\/x-serie-experience\/","og_locale":"en_US","og_type":"article","og_title":"B-Trompete eXperience - Martin Schmidt","og_description":"Unsere B-Trompete eXperience ist sehr offen und bietet dem Bl\u00e4ser eine gute Reflextion und damit Pr\u00e4zision beim Ansteuern der T\u00f6ne.","og_url":"https:\/\/www.martin-schmidt-potsdam.de\/instrumentenbau\/drehventil-instrumente\/b-trompeten\/x-serie-experience\/","og_site_name":"Martin Schmidt","article_modified_time":"2024-09-23T10:14:03+00:00","og_image":[{"url":"https:\/\/www.martin-schmidt-potsdam.de\/wp-content\/uploads\/experience_388x880.jpg","type":"","width":"","height":""}],"twitter_card":"summary_large_image","twitter_misc":{"Est. reading time":"2 minutes"},"schema":{"@context":"https:\/\/schema.org","@graph":[{"@type":"WebPage","@id":"https:\/\/www.martin-schmidt-potsdam.de\/instrumentenbau\/drehventil-instrumente\/b-trompeten\/x-serie-experience\/","url":"https:\/\/www.martin-schmidt-potsdam.de\/instrumentenbau\/drehventil-instrumente\/b-trompeten\/x-serie-experience\/","name":"B-Trompete eXperience - Martin Schmidt","isPartOf":{"@id":"https:\/\/www.martin-schmidt-potsdam.de\/#website"},"primaryImageOfPage":{"@id":"https:\/\/www.martin-schmidt-potsdam.de\/instrumentenbau\/drehventil-instrumente\/b-trompeten\/x-serie-experience\/#primaryimage"},"image":{"@id":"https:\/\/www.martin-schmidt-potsdam.de\/instrumentenbau\/drehventil-instrumente\/b-trompeten\/x-serie-experience\/#primaryimage"},"thumbnailUrl":"https:\/\/www.martin-schmidt-potsdam.de\/wp-content\/uploads\/experience_388x880.jpg","datePublished":"2015-04-16T09:47:03+00:00","dateModified":"2024-09-23T10:14:03+00:00","description":"Unsere B-Trompete eXperience ist sehr offen und bietet dem Bl\u00e4ser eine gute Reflextion und damit Pr\u00e4zision beim Ansteuern der T\u00f6ne.","breadcrumb":{"@id":"https:\/\/www.martin-schmidt-potsdam.de\/instrumentenbau\/drehventil-instrumente\/b-trompeten\/x-serie-experience\/#breadcrumb"},"inLanguage":"en-US","potentialAction":[{"@type":"ReadAction","target":["https:\/\/www.martin-schmidt-potsdam.de\/instrumentenbau\/drehventil-instrumente\/b-trompeten\/x-serie-experience\/"]}]},{"@type":"ImageObject","inLanguage":"en-US","@id":"https:\/\/www.martin-schmidt-potsdam.de\/instrumentenbau\/drehventil-instrumente\/b-trompeten\/x-serie-experience\/#primaryimage","url":"https:\/\/www.martin-schmidt-potsdam.de\/wp-content\/uploads\/experience_388x880.jpg","contentUrl":"https:\/\/www.martin-schmidt-potsdam.de\/wp-content\/uploads\/experience_388x880.jpg"},{"@type":"BreadcrumbList","@id":"https:\/\/www.martin-schmidt-potsdam.de\/instrumentenbau\/drehventil-instrumente\/b-trompeten\/x-serie-experience\/#breadcrumb","itemListElement":[{"@type":"ListItem","position":1,"name":"Startseite","item":"https:\/\/www.martin-schmidt-potsdam.de\/"},{"@type":"ListItem","position":2,"name":"Instrumentenbau","item":"https:\/\/www.martin-schmidt-potsdam.de\/instrumentenbau\/"},{"@type":"ListItem","position":3,"name":"Drehventil- Instrumente","item":"https:\/\/www.martin-schmidt-potsdam.de\/instrumentenbau\/drehventil-instrumente\/"},{"@type":"ListItem","position":4,"name":"Bb-trumpets","item":"https:\/\/www.martin-schmidt-potsdam.de\/en\/instrumentenbau\/drehventil-instrumente\/b-trompeten\/"},{"@type":"ListItem","position":5,"name":"X-Serie eXperience"}]},{"@type":"WebSite","@id":"https:\/\/www.martin-schmidt-potsdam.de\/#website","url":"https:\/\/www.martin-schmidt-potsdam.de\/","name":"Martin Schmidt Metallblasinstrumente","description":"Master craftsman workshop for handmade brass instruments","publisher":{"@id":"https:\/\/www.martin-schmidt-potsdam.de\/#organization"},"potentialAction":[{"@type":"SearchAction","target":{"@type":"EntryPoint","urlTemplate":"https:\/\/www.martin-schmidt-potsdam.de\/?s={search_term_string}"},"query-input":{"@type":"PropertyValueSpecification","valueRequired":true,"valueName":"search_term_string"}}],"inLanguage":"en-US"},{"@type":"Organization","@id":"https:\/\/www.martin-schmidt-potsdam.de\/#organization","name":"Martin Schmidt Metallblasinstrumente - Inhaber Lukas Schmidt","url":"https:\/\/www.martin-schmidt-potsdam.de\/","logo":{"@type":"ImageObject","inLanguage":"en-US","@id":"https:\/\/www.martin-schmidt-potsdam.de\/#\/schema\/logo\/image\/","url":"https:\/\/www.martin-schmidt-potsdam.de\/wp-content\/uploads\/logo-farbig.png","contentUrl":"https:\/\/www.martin-schmidt-potsdam.de\/wp-content\/uploads\/logo-farbig.png","width":273,"height":450,"caption":"Martin Schmidt Metallblasinstrumente - Inhaber Lukas Schmidt"},"image":{"@id":"https:\/\/www.martin-schmidt-potsdam.de\/#\/schema\/logo\/image\/"}}]}},"_links":{"self":[{"href":"https:\/\/www.martin-schmidt-potsdam.de\/en\/wp-json\/wp\/v2\/pages\/178","targetHints":{"allow":["GET"]}}],"collection":[{"href":"https:\/\/www.martin-schmidt-potsdam.de\/en\/wp-json\/wp\/v2\/pages"}],"about":[{"href":"https:\/\/www.martin-schmidt-potsdam.de\/en\/wp-json\/wp\/v2\/types\/page"}],"author":[{"embeddable":true,"href":"https:\/\/www.martin-schmidt-potsdam.de\/en\/wp-json\/wp\/v2\/users\/3"}],"replies":[{"embeddable":true,"href":"https:\/\/www.martin-schmidt-potsdam.de\/en\/wp-json\/wp\/v2\/comments?post=178"}],"version-history":[{"count":43,"href":"https:\/\/www.martin-schmidt-potsdam.de\/en\/wp-json\/wp\/v2\/pages\/178\/revisions"}],"predecessor-version":[{"id":2887,"href":"https:\/\/www.martin-schmidt-potsdam.de\/en\/wp-json\/wp\/v2\/pages\/178\/revisions\/2887"}],"up":[{"embeddable":true,"href":"https:\/\/www.martin-schmidt-potsdam.de\/en\/wp-json\/wp\/v2\/pages\/57"}],"wp:attachment":[{"href":"https:\/\/www.martin-schmidt-potsdam.de\/en\/wp-json\/wp\/v2\/media?parent=178"}],"curies":[{"name":"wp","href":"https:\/\/api.w.org\/{rel}","templated":true}]}}