{"id":177,"date":"2015-04-16T11:47:01","date_gmt":"2015-04-16T09:47:01","guid":{"rendered":"http:\/\/www.martin-schmidt-potsdam.de\/?page_id=177"},"modified":"2024-09-23T12:11:14","modified_gmt":"2024-09-23T10:11:14","slug":"modell-weite-mensur","status":"publish","type":"page","link":"https:\/\/www.martin-schmidt-potsdam.de\/en\/instrumentenbau\/drehventil-instrumente\/b-trompeten\/modell-weite-mensur\/","title":{"rendered":"Model large measure"},"content":{"rendered":"<div class=\"su-row\">\n<div class=\"su-column su-column-size-1-2\"><div class=\"su-column-inner su-u-clearfix su-u-trim\">\n<p><a href=\"https:\/\/www.martin-schmidt-potsdam.de\/wp-content\/uploads\/weit_1500x1500.jpg\" data-lightbox=\"weit-en\" data-title=\"Model large measure\"><img decoding=\"async\" id=\"weit\" class=\"Gross alignleft wp-image-494 size-Trompete Gross\" src=\"https:\/\/www.martin-schmidt-potsdam.de\/wp-content\/uploads\/weit_388x880.jpg\"  data-zoom-image=\"https:\/\/www.martin-schmidt-potsdam.de\/wp-content\/uploads\/weit_661x1500.jpg\"\/> <\/a><\/p>\n<p style=\"clear:left\"><a href=\"https:\/\/www.martin-schmidt-potsdam.de\/wp-content\/uploads\/weit_1500x1500.jpg\" data-lightbox=\"weit2-en\" data-title=\"Model large measure\">Fullscreen<\/a><\/p>\n<p><script language=\"javascript\" type=\"text\/javascript\">\nif (window.innerWidth > 760) {\n$(\"#weit\").elevateZoom({zoomType: \"lens\",\nlensShape : \"square\",\nlensSize : 350,\nlensFadeIn:500\n});}\n<\/script><br \/>\n<script src=\"https:\/\/martin-schmidt-potsdam.de\/wp-content\/themes\/trompetenbauer\/js\/lightbox.js\"><\/script><br \/>\n<script>\n    lightbox.option({\n'positionFromTop': 10 })\n<\/script><br \/>\n<\/div><\/div><div class=\"su-column su-column-size-1-2\"><div class=\"su-column-inner su-u-clearfix su-u-trim\">\n<h3>Description:<\/h3>\n<p>Our model with large measure has a powerful and voluminous sound that is very dark. Due to the wide bore and the very large measure, more air is transported though the instrument. The sound radiates with a round, straight-ahead behaviour, and is thus capable of evenly filling a large room.<\/p>\n<p>We also build this instrument in a heavy version with additional material supports at tonally relevant positions. These changes centre the powerful sound (more projection) without changing the settling time and attack behaviour.<\/p>\n<h3>Features:<\/h3>\n<ul>\n<li>gold brass<\/li>\n<li><a href=\"https:\/\/www.martin-schmidt-potsdam.de\/wp-content\/uploads\/bell.pdf\" target=\"_blank\" rel=\"noopener\"><strong>bell<\/strong><\/a> diameter \u00d8 140 mm, French rim, material thickness medium<\/li>\n<li>bore diameter 11.5 mm, large\u00a0measure<\/li>\n<li>nickel silver valve group, bronze valves, spiral spring mechanism with SW4-joints<\/li>\n<li><a href=\"https:\/\/www.martin-schmidt-potsdam.de\/wp-content\/uploads\/leadpipes.pdf\" target=\"_blank\" rel=\"noopener\"><strong>lead pipe<\/strong><\/a> interchangeable<\/li>\n<li>long water-key at main tuning slide<\/li>\n<li>pitch-finder handle trigger mechanism and water-key at 3<sup>rd<\/sup> valve slide, compensation hole at 3<sup>rd <\/sup>rotor house<\/li>\n<li>C-key, <strong><a href=\"https:\/\/www.martin-schmidt-potsdam.de\/wp-content\/uploads\/ventholes.pdf\" target=\"_blank\" rel=\"noopener\">vent hole<\/a><\/strong><\/li>\n<li>silver plating<\/li>\n<\/ul>\n<h3>Options:<\/h3>\n<ul>\n<li>heavy version<\/li>\n<li>gold plating<\/li>\n<li><strong><a href=\"https:\/\/www.martin-schmidt-potsdam.de\/en\/fachhandel\/zubehoer\/#luxury-case\" target=\"_blank\" rel=\"noopener\">luxury case Schmidt<\/a><\/strong><\/li>\n<\/ul>\n<p>This model is also available as a <strong><a href=\"https:\/\/www.martin-schmidt-potsdam.de\/en\/instrumentenbau\/drehventil-instrumente\/c-trompete\/modell-weite-mensur\/\">C-Trumpet<\/a><\/strong><\/p>\n<\/div><\/div>\n<\/div>","protected":false},"excerpt":{"rendered":"","protected":false},"author":3,"featured_media":0,"parent":57,"menu_order":5,"comment_status":"closed","ping_status":"closed","template":"page-instrument-ohne.php","meta":{"footnotes":""},"class_list":["post-177","page","type-page","status-publish","hentry"],"yoast_head":"<!-- This site is optimized with the Yoast SEO plugin v26.8 - https:\/\/yoast.com\/product\/yoast-seo-wordpress\/ -->\n<title>B-Trompete Model large measure - Martin Schmidt<\/title>\n<meta name=\"description\" content=\"Die B-Trompete Modell weite Mensur hat einen kraftvollen und volumin\u00f6sen Klang und ist somit in der Lage gro\u00dfe R\u00e4ume gleichm\u00e4\u00dfig zu f\u00fcllen\" \/>\n<meta name=\"robots\" content=\"index, follow, max-snippet:-1, max-image-preview:large, max-video-preview:-1\" \/>\n<link rel=\"canonical\" href=\"https:\/\/www.martin-schmidt-potsdam.de\/instrumentenbau\/drehventil-instrumente\/b-trompeten\/modell-weite-mensur\/\" \/>\n<meta property=\"og:locale\" content=\"en_US\" \/>\n<meta property=\"og:type\" content=\"article\" \/>\n<meta property=\"og:title\" content=\"B-Trompete [:de]Modell weite Mensur[:en]Model large measure[:] - Martin Schmidt\" \/>\n<meta property=\"og:description\" content=\"Die B-Trompete Modell weite Mensur hat einen kraftvollen und volumin\u00f6sen Klang und ist somit in der Lage gro\u00dfe R\u00e4ume gleichm\u00e4\u00dfig zu f\u00fcllen\" \/>\n<meta property=\"og:url\" content=\"https:\/\/www.martin-schmidt-potsdam.de\/instrumentenbau\/drehventil-instrumente\/b-trompeten\/modell-weite-mensur\/\" \/>\n<meta property=\"og:site_name\" content=\"Martin Schmidt\" \/>\n<meta property=\"article:modified_time\" content=\"2024-09-23T10:11:14+00:00\" \/>\n<meta property=\"og:image\" content=\"https:\/\/www.martin-schmidt-potsdam.de\/wp-content\/uploads\/weit_388x880.jpg\" \/>\n<meta name=\"twitter:card\" content=\"summary_large_image\" \/>\n<meta name=\"twitter:label1\" content=\"Est. reading time\" \/>\n\t<meta name=\"twitter:data1\" content=\"2 minutes\" \/>\n<script type=\"application\/ld+json\" class=\"yoast-schema-graph\">{\"@context\":\"https:\/\/schema.org\",\"@graph\":[{\"@type\":\"WebPage\",\"@id\":\"https:\/\/www.martin-schmidt-potsdam.de\/instrumentenbau\/drehventil-instrumente\/b-trompeten\/modell-weite-mensur\/\",\"url\":\"https:\/\/www.martin-schmidt-potsdam.de\/instrumentenbau\/drehventil-instrumente\/b-trompeten\/modell-weite-mensur\/\",\"name\":\"B-Trompete [:de]Modell weite Mensur[:en]Model large measure[:] - Martin Schmidt\",\"isPartOf\":{\"@id\":\"https:\/\/www.martin-schmidt-potsdam.de\/#website\"},\"primaryImageOfPage\":{\"@id\":\"https:\/\/www.martin-schmidt-potsdam.de\/instrumentenbau\/drehventil-instrumente\/b-trompeten\/modell-weite-mensur\/#primaryimage\"},\"image\":{\"@id\":\"https:\/\/www.martin-schmidt-potsdam.de\/instrumentenbau\/drehventil-instrumente\/b-trompeten\/modell-weite-mensur\/#primaryimage\"},\"thumbnailUrl\":\"https:\/\/www.martin-schmidt-potsdam.de\/wp-content\/uploads\/weit_388x880.jpg\",\"datePublished\":\"2015-04-16T09:47:01+00:00\",\"dateModified\":\"2024-09-23T10:11:14+00:00\",\"description\":\"Die B-Trompete Modell weite Mensur hat einen kraftvollen und volumin\u00f6sen Klang und ist somit in der Lage gro\u00dfe R\u00e4ume gleichm\u00e4\u00dfig zu f\u00fcllen\",\"breadcrumb\":{\"@id\":\"https:\/\/www.martin-schmidt-potsdam.de\/instrumentenbau\/drehventil-instrumente\/b-trompeten\/modell-weite-mensur\/#breadcrumb\"},\"inLanguage\":\"en-US\",\"potentialAction\":[{\"@type\":\"ReadAction\",\"target\":[\"https:\/\/www.martin-schmidt-potsdam.de\/instrumentenbau\/drehventil-instrumente\/b-trompeten\/modell-weite-mensur\/\"]}]},{\"@type\":\"ImageObject\",\"inLanguage\":\"en-US\",\"@id\":\"https:\/\/www.martin-schmidt-potsdam.de\/instrumentenbau\/drehventil-instrumente\/b-trompeten\/modell-weite-mensur\/#primaryimage\",\"url\":\"https:\/\/www.martin-schmidt-potsdam.de\/wp-content\/uploads\/weit_388x880.jpg\",\"contentUrl\":\"https:\/\/www.martin-schmidt-potsdam.de\/wp-content\/uploads\/weit_388x880.jpg\"},{\"@type\":\"BreadcrumbList\",\"@id\":\"https:\/\/www.martin-schmidt-potsdam.de\/instrumentenbau\/drehventil-instrumente\/b-trompeten\/modell-weite-mensur\/#breadcrumb\",\"itemListElement\":[{\"@type\":\"ListItem\",\"position\":1,\"name\":\"Startseite\",\"item\":\"https:\/\/www.martin-schmidt-potsdam.de\/\"},{\"@type\":\"ListItem\",\"position\":2,\"name\":\"Instrumentenbau\",\"item\":\"https:\/\/www.martin-schmidt-potsdam.de\/instrumentenbau\/\"},{\"@type\":\"ListItem\",\"position\":3,\"name\":\"Drehventil- Instrumente\",\"item\":\"https:\/\/www.martin-schmidt-potsdam.de\/instrumentenbau\/drehventil-instrumente\/\"},{\"@type\":\"ListItem\",\"position\":4,\"name\":\"Bb-trumpets\",\"item\":\"https:\/\/www.martin-schmidt-potsdam.de\/en\/instrumentenbau\/drehventil-instrumente\/b-trompeten\/\"},{\"@type\":\"ListItem\",\"position\":5,\"name\":\"Modell weite Mensur\"}]},{\"@type\":\"WebSite\",\"@id\":\"https:\/\/www.martin-schmidt-potsdam.de\/#website\",\"url\":\"https:\/\/www.martin-schmidt-potsdam.de\/\",\"name\":\"Martin Schmidt Metallblasinstrumente\",\"description\":\"Master craftsman workshop for handmade brass instruments\",\"publisher\":{\"@id\":\"https:\/\/www.martin-schmidt-potsdam.de\/#organization\"},\"potentialAction\":[{\"@type\":\"SearchAction\",\"target\":{\"@type\":\"EntryPoint\",\"urlTemplate\":\"https:\/\/www.martin-schmidt-potsdam.de\/?s={search_term_string}\"},\"query-input\":{\"@type\":\"PropertyValueSpecification\",\"valueRequired\":true,\"valueName\":\"search_term_string\"}}],\"inLanguage\":\"en-US\"},{\"@type\":\"Organization\",\"@id\":\"https:\/\/www.martin-schmidt-potsdam.de\/#organization\",\"name\":\"Martin Schmidt Metallblasinstrumente - Inhaber Lukas Schmidt\",\"url\":\"https:\/\/www.martin-schmidt-potsdam.de\/\",\"logo\":{\"@type\":\"ImageObject\",\"inLanguage\":\"en-US\",\"@id\":\"https:\/\/www.martin-schmidt-potsdam.de\/#\/schema\/logo\/image\/\",\"url\":\"https:\/\/www.martin-schmidt-potsdam.de\/wp-content\/uploads\/logo-farbig.png\",\"contentUrl\":\"https:\/\/www.martin-schmidt-potsdam.de\/wp-content\/uploads\/logo-farbig.png\",\"width\":273,\"height\":450,\"caption\":\"Martin Schmidt Metallblasinstrumente - Inhaber Lukas Schmidt\"},\"image\":{\"@id\":\"https:\/\/www.martin-schmidt-potsdam.de\/#\/schema\/logo\/image\/\"}}]}<\/script>\n<!-- \/ Yoast SEO plugin. -->","yoast_head_json":{"title":"B-Trompete Model large measure - Martin Schmidt","description":"Die B-Trompete Modell weite Mensur hat einen kraftvollen und volumin\u00f6sen Klang und ist somit in der Lage gro\u00dfe R\u00e4ume gleichm\u00e4\u00dfig zu f\u00fcllen","robots":{"index":"index","follow":"follow","max-snippet":"max-snippet:-1","max-image-preview":"max-image-preview:large","max-video-preview":"max-video-preview:-1"},"canonical":"https:\/\/www.martin-schmidt-potsdam.de\/instrumentenbau\/drehventil-instrumente\/b-trompeten\/modell-weite-mensur\/","og_locale":"en_US","og_type":"article","og_title":"B-Trompete [:de]Modell weite Mensur[:en]Model large measure[:] - Martin Schmidt","og_description":"Die B-Trompete Modell weite Mensur hat einen kraftvollen und volumin\u00f6sen Klang und ist somit in der Lage gro\u00dfe R\u00e4ume gleichm\u00e4\u00dfig zu f\u00fcllen","og_url":"https:\/\/www.martin-schmidt-potsdam.de\/instrumentenbau\/drehventil-instrumente\/b-trompeten\/modell-weite-mensur\/","og_site_name":"Martin Schmidt","article_modified_time":"2024-09-23T10:11:14+00:00","og_image":[{"url":"https:\/\/www.martin-schmidt-potsdam.de\/wp-content\/uploads\/weit_388x880.jpg","type":"","width":"","height":""}],"twitter_card":"summary_large_image","twitter_misc":{"Est. reading time":"2 minutes"},"schema":{"@context":"https:\/\/schema.org","@graph":[{"@type":"WebPage","@id":"https:\/\/www.martin-schmidt-potsdam.de\/instrumentenbau\/drehventil-instrumente\/b-trompeten\/modell-weite-mensur\/","url":"https:\/\/www.martin-schmidt-potsdam.de\/instrumentenbau\/drehventil-instrumente\/b-trompeten\/modell-weite-mensur\/","name":"B-Trompete [:de]Modell weite Mensur[:en]Model large measure[:] - Martin Schmidt","isPartOf":{"@id":"https:\/\/www.martin-schmidt-potsdam.de\/#website"},"primaryImageOfPage":{"@id":"https:\/\/www.martin-schmidt-potsdam.de\/instrumentenbau\/drehventil-instrumente\/b-trompeten\/modell-weite-mensur\/#primaryimage"},"image":{"@id":"https:\/\/www.martin-schmidt-potsdam.de\/instrumentenbau\/drehventil-instrumente\/b-trompeten\/modell-weite-mensur\/#primaryimage"},"thumbnailUrl":"https:\/\/www.martin-schmidt-potsdam.de\/wp-content\/uploads\/weit_388x880.jpg","datePublished":"2015-04-16T09:47:01+00:00","dateModified":"2024-09-23T10:11:14+00:00","description":"Die B-Trompete Modell weite Mensur hat einen kraftvollen und volumin\u00f6sen Klang und ist somit in der Lage gro\u00dfe R\u00e4ume gleichm\u00e4\u00dfig zu f\u00fcllen","breadcrumb":{"@id":"https:\/\/www.martin-schmidt-potsdam.de\/instrumentenbau\/drehventil-instrumente\/b-trompeten\/modell-weite-mensur\/#breadcrumb"},"inLanguage":"en-US","potentialAction":[{"@type":"ReadAction","target":["https:\/\/www.martin-schmidt-potsdam.de\/instrumentenbau\/drehventil-instrumente\/b-trompeten\/modell-weite-mensur\/"]}]},{"@type":"ImageObject","inLanguage":"en-US","@id":"https:\/\/www.martin-schmidt-potsdam.de\/instrumentenbau\/drehventil-instrumente\/b-trompeten\/modell-weite-mensur\/#primaryimage","url":"https:\/\/www.martin-schmidt-potsdam.de\/wp-content\/uploads\/weit_388x880.jpg","contentUrl":"https:\/\/www.martin-schmidt-potsdam.de\/wp-content\/uploads\/weit_388x880.jpg"},{"@type":"BreadcrumbList","@id":"https:\/\/www.martin-schmidt-potsdam.de\/instrumentenbau\/drehventil-instrumente\/b-trompeten\/modell-weite-mensur\/#breadcrumb","itemListElement":[{"@type":"ListItem","position":1,"name":"Startseite","item":"https:\/\/www.martin-schmidt-potsdam.de\/"},{"@type":"ListItem","position":2,"name":"Instrumentenbau","item":"https:\/\/www.martin-schmidt-potsdam.de\/instrumentenbau\/"},{"@type":"ListItem","position":3,"name":"Drehventil- Instrumente","item":"https:\/\/www.martin-schmidt-potsdam.de\/instrumentenbau\/drehventil-instrumente\/"},{"@type":"ListItem","position":4,"name":"Bb-trumpets","item":"https:\/\/www.martin-schmidt-potsdam.de\/en\/instrumentenbau\/drehventil-instrumente\/b-trompeten\/"},{"@type":"ListItem","position":5,"name":"Modell weite Mensur"}]},{"@type":"WebSite","@id":"https:\/\/www.martin-schmidt-potsdam.de\/#website","url":"https:\/\/www.martin-schmidt-potsdam.de\/","name":"Martin Schmidt Metallblasinstrumente","description":"Master craftsman workshop for handmade brass instruments","publisher":{"@id":"https:\/\/www.martin-schmidt-potsdam.de\/#organization"},"potentialAction":[{"@type":"SearchAction","target":{"@type":"EntryPoint","urlTemplate":"https:\/\/www.martin-schmidt-potsdam.de\/?s={search_term_string}"},"query-input":{"@type":"PropertyValueSpecification","valueRequired":true,"valueName":"search_term_string"}}],"inLanguage":"en-US"},{"@type":"Organization","@id":"https:\/\/www.martin-schmidt-potsdam.de\/#organization","name":"Martin Schmidt Metallblasinstrumente - Inhaber Lukas Schmidt","url":"https:\/\/www.martin-schmidt-potsdam.de\/","logo":{"@type":"ImageObject","inLanguage":"en-US","@id":"https:\/\/www.martin-schmidt-potsdam.de\/#\/schema\/logo\/image\/","url":"https:\/\/www.martin-schmidt-potsdam.de\/wp-content\/uploads\/logo-farbig.png","contentUrl":"https:\/\/www.martin-schmidt-potsdam.de\/wp-content\/uploads\/logo-farbig.png","width":273,"height":450,"caption":"Martin Schmidt Metallblasinstrumente - Inhaber Lukas Schmidt"},"image":{"@id":"https:\/\/www.martin-schmidt-potsdam.de\/#\/schema\/logo\/image\/"}}]}},"_links":{"self":[{"href":"https:\/\/www.martin-schmidt-potsdam.de\/en\/wp-json\/wp\/v2\/pages\/177","targetHints":{"allow":["GET"]}}],"collection":[{"href":"https:\/\/www.martin-schmidt-potsdam.de\/en\/wp-json\/wp\/v2\/pages"}],"about":[{"href":"https:\/\/www.martin-schmidt-potsdam.de\/en\/wp-json\/wp\/v2\/types\/page"}],"author":[{"embeddable":true,"href":"https:\/\/www.martin-schmidt-potsdam.de\/en\/wp-json\/wp\/v2\/users\/3"}],"replies":[{"embeddable":true,"href":"https:\/\/www.martin-schmidt-potsdam.de\/en\/wp-json\/wp\/v2\/comments?post=177"}],"version-history":[{"count":22,"href":"https:\/\/www.martin-schmidt-potsdam.de\/en\/wp-json\/wp\/v2\/pages\/177\/revisions"}],"predecessor-version":[{"id":2730,"href":"https:\/\/www.martin-schmidt-potsdam.de\/en\/wp-json\/wp\/v2\/pages\/177\/revisions\/2730"}],"up":[{"embeddable":true,"href":"https:\/\/www.martin-schmidt-potsdam.de\/en\/wp-json\/wp\/v2\/pages\/57"}],"wp:attachment":[{"href":"https:\/\/www.martin-schmidt-potsdam.de\/en\/wp-json\/wp\/v2\/media?parent=177"}],"curies":[{"name":"wp","href":"https:\/\/api.w.org\/{rel}","templated":true}]}}