{"id":107,"date":"2015-04-07T18:53:32","date_gmt":"2015-04-07T16:53:32","guid":{"rendered":"http:\/\/www.martin-schmidt-potsdam.de\/?page_id=107"},"modified":"2024-11-01T17:15:17","modified_gmt":"2024-11-01T16:15:17","slug":"team","status":"publish","type":"page","link":"https:\/\/www.martin-schmidt-potsdam.de\/en\/ueber-uns\/team\/","title":{"rendered":"Our team"},"content":{"rendered":"<h3><img loading=\"lazy\" decoding=\"async\" class=\"Vorschau thumb Vorschau thumb alignleft wp-image-546 size-Trompeten Vorschau thumb\" src=\"https:\/\/www.martin-schmidt-potsdam.de\/wp-content\/uploads\/Portrait_Martin_Schmidt-228x257.jpg\" alt=\"\" width=\"228\" height=\"257\">Martin Schmidt<\/h3>\n<ul>\n<li>1971 \u2013 1976 Training in the subject trumpet<br \/>\nunder Herbert Kamprath at the&nbsp;Musikschule Johann Sebastian Bach Potsdam<\/li>\n<li>1977 \u2013 1979 Training as brass instrument builder<br \/>\nTraining with the firm: Meister Albert Wolfram, Markneukirchen, Member of the VEB Sinfonia<\/li>\n<li>1979 \u2013 1987 Worked as brass instrument builder in the firm mentioned above.<\/li>\n<li>1980 \u2013 1986 Parallel to this employment, preparation for the examination as Master, and additional artisanal training under Erhard&nbsp;Sawatzki, Markneukirchen (further internships with: Meister Host Voigt, Markneukirchen; Meister Johannes Scherzer, Markneukirchen; Meister Martin Peter, Markneukirchen; Meister Edgar Knopf, Markneukirchen)<\/li>\n<li>1982 Master Exam successfully completed to become Master craftsman as brass instrument builder<\/li>\n<li>1987 Opened his own craft workshop in Potsdam<\/li>\n<li>1999 Participation in trumpet workshop under Dave Monette in Portland OR, USA<\/li>\n<li>2002 Further education: Acoustic and brass instrument construction \/ Training in the BIAS system at the Universit\u00e4t f\u00fcr Musik in Wien, Institut f\u00fcr Wiener Klangstil<\/li>\n<li>2021 Passing on the business to his son Lukas but still working for the company<\/li>\n<\/ul>\n<hr>\n<h3 style=\"text-align: left;\"><img loading=\"lazy\" decoding=\"async\" class=\"Vorschau thumb Vorschau thumb alignleft wp-image-547 size-Trompeten Vorschau thumb\" src=\"https:\/\/www.martin-schmidt-potsdam.de\/wp-content\/uploads\/Portrait_Lukas_Schmidt-228x257.jpg\" alt=\"\" width=\"228\" height=\"257\">Lukas Schmidt<\/h3>\n<ul>\n<li>1996 \u2013 2004 Training in the subject trombone under Herbert Kamprath and Dieter Bethke as well as training in music theory at the Musikschule Potsdam<\/li>\n<li>2007 \u2013 2010 Training as brass instrument builder<br \/>\nTraining firm: JA-Musik GmbH (B&amp;S GmbH today) Markneukirchen<\/li>\n<li>2010 \u2013 2012 Work as brass instrument builder with the above mentioned firm<\/li>\n<li>2011 Preparation for the Master examination with, among others,<br \/>\nFrank Dreier Markneukirchen, Wilhelm Schubert Markneukirchen, Martin Schmidt Potsdam<\/li>\n<li>2012 Successful completion of Master Exam as brass instrument Master craftsman<\/li>\n<li>2012 Began employment as brass instrument builder in Potsdam<\/li>\n<li>2015 Participation in the Yamaha Technician Guild<\/li>\n<li>2021 Continuing the workshop in Potsdam as company owner<\/li>\n<\/ul>","protected":false},"excerpt":{"rendered":"<p>Martin Schmidt 1971 \u2013 1976 Training in the subject trumpet under Herbert Kamprath at the&nbsp;Musikschule Johann Sebastian Bach Potsdam 1977 \u2013 1979 Training as brass instrument builder Training with the firm: Meister Albert Wolfram, Markneukirchen, Member of the VEB Sinfonia 1979 \u2013 1987 Worked as brass instrument builder in the firm mentioned above. 1980 \u2013 &hellip; <a href=\"https:\/\/www.martin-schmidt-potsdam.de\/en\/ueber-uns\/team\/\" class=\"more-link\">Continue reading <span class=\"screen-reader-text\">Our team<\/span> <span class=\"meta-nav\">&rarr;<\/span><\/a><\/p>\n","protected":false},"author":3,"featured_media":0,"parent":19,"menu_order":0,"comment_status":"closed","ping_status":"closed","template":"page-about-ohne.php","meta":{"footnotes":""},"class_list":["post-107","page","type-page","status-publish","hentry"],"yoast_head":"<!-- This site is optimized with the Yoast SEO plugin v26.8 - https:\/\/yoast.com\/product\/yoast-seo-wordpress\/ -->\n<title>Team<\/title>\n<meta name=\"description\" content=\"Lukas und Martin Schmidt. Instrumentenbau aus Potsdam in der zweiten Generation.\" \/>\n<meta name=\"robots\" content=\"index, follow, max-snippet:-1, max-image-preview:large, max-video-preview:-1\" \/>\n<link rel=\"canonical\" href=\"https:\/\/www.martin-schmidt-potsdam.de\/ueber-uns\/team\/\" \/>\n<meta property=\"og:locale\" content=\"en_US\" \/>\n<meta property=\"og:type\" content=\"article\" \/>\n<meta property=\"og:title\" content=\"Team\" \/>\n<meta property=\"og:description\" content=\"Lukas und Martin Schmidt. Instrumentenbau aus Potsdam in der zweiten Generation.\" \/>\n<meta property=\"og:url\" content=\"https:\/\/www.martin-schmidt-potsdam.de\/ueber-uns\/team\/\" \/>\n<meta property=\"og:site_name\" content=\"Martin Schmidt\" \/>\n<meta property=\"article:modified_time\" content=\"2024-11-01T16:15:17+00:00\" \/>\n<meta property=\"og:image\" content=\"https:\/\/www.martin-schmidt-potsdam.de\/wp-content\/uploads\/Lukas_Schmidt_Metallblasinstrumente_Potsdam-3.jpg\" \/>\n<meta name=\"twitter:card\" content=\"summary_large_image\" \/>\n<meta name=\"twitter:label1\" content=\"Est. reading time\" \/>\n\t<meta name=\"twitter:data1\" content=\"2 minutes\" \/>\n<script type=\"application\/ld+json\" class=\"yoast-schema-graph\">{\"@context\":\"https:\/\/schema.org\",\"@graph\":[{\"@type\":\"WebPage\",\"@id\":\"https:\/\/www.martin-schmidt-potsdam.de\/ueber-uns\/team\/\",\"url\":\"https:\/\/www.martin-schmidt-potsdam.de\/ueber-uns\/team\/\",\"name\":\"Team\",\"isPartOf\":{\"@id\":\"https:\/\/www.martin-schmidt-potsdam.de\/#website\"},\"primaryImageOfPage\":{\"@id\":\"https:\/\/www.martin-schmidt-potsdam.de\/ueber-uns\/team\/#primaryimage\"},\"image\":{\"@id\":\"https:\/\/www.martin-schmidt-potsdam.de\/ueber-uns\/team\/#primaryimage\"},\"thumbnailUrl\":\"https:\/\/www.martin-schmidt-potsdam.de\/wp-content\/uploads\/Lukas_Schmidt_Metallblasinstrumente_Potsdam-3.jpg\",\"datePublished\":\"2015-04-07T16:53:32+00:00\",\"dateModified\":\"2024-11-01T16:15:17+00:00\",\"description\":\"Lukas und Martin Schmidt. Instrumentenbau aus Potsdam in der zweiten Generation.\",\"breadcrumb\":{\"@id\":\"https:\/\/www.martin-schmidt-potsdam.de\/ueber-uns\/team\/#breadcrumb\"},\"inLanguage\":\"en-US\",\"potentialAction\":[{\"@type\":\"ReadAction\",\"target\":[\"https:\/\/www.martin-schmidt-potsdam.de\/ueber-uns\/team\/\"]}]},{\"@type\":\"ImageObject\",\"inLanguage\":\"en-US\",\"@id\":\"https:\/\/www.martin-schmidt-potsdam.de\/ueber-uns\/team\/#primaryimage\",\"url\":\"https:\/\/www.martin-schmidt-potsdam.de\/wp-content\/uploads\/Lukas_Schmidt_Metallblasinstrumente_Potsdam-3.jpg\",\"contentUrl\":\"https:\/\/www.martin-schmidt-potsdam.de\/wp-content\/uploads\/Lukas_Schmidt_Metallblasinstrumente_Potsdam-3.jpg\"},{\"@type\":\"BreadcrumbList\",\"@id\":\"https:\/\/www.martin-schmidt-potsdam.de\/ueber-uns\/team\/#breadcrumb\",\"itemListElement\":[{\"@type\":\"ListItem\",\"position\":1,\"name\":\"Startseite\",\"item\":\"https:\/\/www.martin-schmidt-potsdam.de\/\"},{\"@type\":\"ListItem\",\"position\":2,\"name\":\"\u00dcber uns\",\"item\":\"https:\/\/www.martin-schmidt-potsdam.de\/ueber-uns\/\"},{\"@type\":\"ListItem\",\"position\":3,\"name\":\"Unser Team\"}]},{\"@type\":\"WebSite\",\"@id\":\"https:\/\/www.martin-schmidt-potsdam.de\/#website\",\"url\":\"https:\/\/www.martin-schmidt-potsdam.de\/\",\"name\":\"Martin Schmidt Metallblasinstrumente\",\"description\":\"Master craftsman workshop for handmade brass instruments\",\"publisher\":{\"@id\":\"https:\/\/www.martin-schmidt-potsdam.de\/#organization\"},\"potentialAction\":[{\"@type\":\"SearchAction\",\"target\":{\"@type\":\"EntryPoint\",\"urlTemplate\":\"https:\/\/www.martin-schmidt-potsdam.de\/?s={search_term_string}\"},\"query-input\":{\"@type\":\"PropertyValueSpecification\",\"valueRequired\":true,\"valueName\":\"search_term_string\"}}],\"inLanguage\":\"en-US\"},{\"@type\":\"Organization\",\"@id\":\"https:\/\/www.martin-schmidt-potsdam.de\/#organization\",\"name\":\"Martin Schmidt Metallblasinstrumente - Inhaber Lukas Schmidt\",\"url\":\"https:\/\/www.martin-schmidt-potsdam.de\/\",\"logo\":{\"@type\":\"ImageObject\",\"inLanguage\":\"en-US\",\"@id\":\"https:\/\/www.martin-schmidt-potsdam.de\/#\/schema\/logo\/image\/\",\"url\":\"https:\/\/www.martin-schmidt-potsdam.de\/wp-content\/uploads\/logo-farbig.png\",\"contentUrl\":\"https:\/\/www.martin-schmidt-potsdam.de\/wp-content\/uploads\/logo-farbig.png\",\"width\":273,\"height\":450,\"caption\":\"Martin Schmidt Metallblasinstrumente - Inhaber Lukas Schmidt\"},\"image\":{\"@id\":\"https:\/\/www.martin-schmidt-potsdam.de\/#\/schema\/logo\/image\/\"}}]}<\/script>\n<!-- \/ Yoast SEO plugin. -->","yoast_head_json":{"title":"Team","description":"Lukas und Martin Schmidt. Instrumentenbau aus Potsdam in der zweiten Generation.","robots":{"index":"index","follow":"follow","max-snippet":"max-snippet:-1","max-image-preview":"max-image-preview:large","max-video-preview":"max-video-preview:-1"},"canonical":"https:\/\/www.martin-schmidt-potsdam.de\/ueber-uns\/team\/","og_locale":"en_US","og_type":"article","og_title":"Team","og_description":"Lukas und Martin Schmidt. Instrumentenbau aus Potsdam in der zweiten Generation.","og_url":"https:\/\/www.martin-schmidt-potsdam.de\/ueber-uns\/team\/","og_site_name":"Martin Schmidt","article_modified_time":"2024-11-01T16:15:17+00:00","og_image":[{"url":"https:\/\/www.martin-schmidt-potsdam.de\/wp-content\/uploads\/Lukas_Schmidt_Metallblasinstrumente_Potsdam-3.jpg","type":"","width":"","height":""}],"twitter_card":"summary_large_image","twitter_misc":{"Est. reading time":"2 minutes"},"schema":{"@context":"https:\/\/schema.org","@graph":[{"@type":"WebPage","@id":"https:\/\/www.martin-schmidt-potsdam.de\/ueber-uns\/team\/","url":"https:\/\/www.martin-schmidt-potsdam.de\/ueber-uns\/team\/","name":"Team","isPartOf":{"@id":"https:\/\/www.martin-schmidt-potsdam.de\/#website"},"primaryImageOfPage":{"@id":"https:\/\/www.martin-schmidt-potsdam.de\/ueber-uns\/team\/#primaryimage"},"image":{"@id":"https:\/\/www.martin-schmidt-potsdam.de\/ueber-uns\/team\/#primaryimage"},"thumbnailUrl":"https:\/\/www.martin-schmidt-potsdam.de\/wp-content\/uploads\/Lukas_Schmidt_Metallblasinstrumente_Potsdam-3.jpg","datePublished":"2015-04-07T16:53:32+00:00","dateModified":"2024-11-01T16:15:17+00:00","description":"Lukas und Martin Schmidt. Instrumentenbau aus Potsdam in der zweiten Generation.","breadcrumb":{"@id":"https:\/\/www.martin-schmidt-potsdam.de\/ueber-uns\/team\/#breadcrumb"},"inLanguage":"en-US","potentialAction":[{"@type":"ReadAction","target":["https:\/\/www.martin-schmidt-potsdam.de\/ueber-uns\/team\/"]}]},{"@type":"ImageObject","inLanguage":"en-US","@id":"https:\/\/www.martin-schmidt-potsdam.de\/ueber-uns\/team\/#primaryimage","url":"https:\/\/www.martin-schmidt-potsdam.de\/wp-content\/uploads\/Lukas_Schmidt_Metallblasinstrumente_Potsdam-3.jpg","contentUrl":"https:\/\/www.martin-schmidt-potsdam.de\/wp-content\/uploads\/Lukas_Schmidt_Metallblasinstrumente_Potsdam-3.jpg"},{"@type":"BreadcrumbList","@id":"https:\/\/www.martin-schmidt-potsdam.de\/ueber-uns\/team\/#breadcrumb","itemListElement":[{"@type":"ListItem","position":1,"name":"Startseite","item":"https:\/\/www.martin-schmidt-potsdam.de\/"},{"@type":"ListItem","position":2,"name":"\u00dcber uns","item":"https:\/\/www.martin-schmidt-potsdam.de\/ueber-uns\/"},{"@type":"ListItem","position":3,"name":"Unser Team"}]},{"@type":"WebSite","@id":"https:\/\/www.martin-schmidt-potsdam.de\/#website","url":"https:\/\/www.martin-schmidt-potsdam.de\/","name":"Martin Schmidt Metallblasinstrumente","description":"Master craftsman workshop for handmade brass instruments","publisher":{"@id":"https:\/\/www.martin-schmidt-potsdam.de\/#organization"},"potentialAction":[{"@type":"SearchAction","target":{"@type":"EntryPoint","urlTemplate":"https:\/\/www.martin-schmidt-potsdam.de\/?s={search_term_string}"},"query-input":{"@type":"PropertyValueSpecification","valueRequired":true,"valueName":"search_term_string"}}],"inLanguage":"en-US"},{"@type":"Organization","@id":"https:\/\/www.martin-schmidt-potsdam.de\/#organization","name":"Martin Schmidt Metallblasinstrumente - Inhaber Lukas Schmidt","url":"https:\/\/www.martin-schmidt-potsdam.de\/","logo":{"@type":"ImageObject","inLanguage":"en-US","@id":"https:\/\/www.martin-schmidt-potsdam.de\/#\/schema\/logo\/image\/","url":"https:\/\/www.martin-schmidt-potsdam.de\/wp-content\/uploads\/logo-farbig.png","contentUrl":"https:\/\/www.martin-schmidt-potsdam.de\/wp-content\/uploads\/logo-farbig.png","width":273,"height":450,"caption":"Martin Schmidt Metallblasinstrumente - Inhaber Lukas Schmidt"},"image":{"@id":"https:\/\/www.martin-schmidt-potsdam.de\/#\/schema\/logo\/image\/"}}]}},"_links":{"self":[{"href":"https:\/\/www.martin-schmidt-potsdam.de\/en\/wp-json\/wp\/v2\/pages\/107","targetHints":{"allow":["GET"]}}],"collection":[{"href":"https:\/\/www.martin-schmidt-potsdam.de\/en\/wp-json\/wp\/v2\/pages"}],"about":[{"href":"https:\/\/www.martin-schmidt-potsdam.de\/en\/wp-json\/wp\/v2\/types\/page"}],"author":[{"embeddable":true,"href":"https:\/\/www.martin-schmidt-potsdam.de\/en\/wp-json\/wp\/v2\/users\/3"}],"replies":[{"embeddable":true,"href":"https:\/\/www.martin-schmidt-potsdam.de\/en\/wp-json\/wp\/v2\/comments?post=107"}],"version-history":[{"count":31,"href":"https:\/\/www.martin-schmidt-potsdam.de\/en\/wp-json\/wp\/v2\/pages\/107\/revisions"}],"predecessor-version":[{"id":2907,"href":"https:\/\/www.martin-schmidt-potsdam.de\/en\/wp-json\/wp\/v2\/pages\/107\/revisions\/2907"}],"up":[{"embeddable":true,"href":"https:\/\/www.martin-schmidt-potsdam.de\/en\/wp-json\/wp\/v2\/pages\/19"}],"wp:attachment":[{"href":"https:\/\/www.martin-schmidt-potsdam.de\/en\/wp-json\/wp\/v2\/media?parent=107"}],"curies":[{"name":"wp","href":"https:\/\/api.w.org\/{rel}","templated":true}]}}